{"id":1437,"date":"2026-02-20T14:53:26","date_gmt":"2026-02-20T14:53:26","guid":{"rendered":"https:\/\/choco-spin.net\/app\/"},"modified":"2026-02-23T10:06:45","modified_gmt":"2026-02-23T10:06:45","slug":"app","status":"publish","type":"page","link":"https:\/\/choco-spin.net\/de\/app\/","title":{"rendered":"App"},"content":{"rendered":"<h1>Choco Spin mobile Plattform<\/h1>\n<p>Alle unsere Titel, Boni, Zahlungen und anderen coole Funktionen sind auch in der Chocospin App verf\u00fcgbar. Sie sind nicht auf das von Ihnen verwendete Ger\u00e4t beschr\u00e4nkt. Nutzer k\u00f6nnen je nach Situation die f\u00fcr sie bequemste Option w\u00e4hlen. Nach der Anmeldung werden alle Ihre pers\u00f6nlichen Daten, Ihr Guthaben und Ihre Erfolge synchronisiert. Chocospin Casino ist mit allen modernen Android- und iOS-Ger\u00e4ten kompatibel.<\/p>\n<div class=\"banner-wrap\" aria-label=\"Banner\"><img src=\"https:\/\/choco-spin.net\/wp-content\/uploads\/2026\/02\/Chocospin-banner-desktop.webp\" class=\"w-100 d-none d-lg-block img-pc main-banner-img\" alt=\"Chocospin banner desktop\" fetchpriority=\"high\" decoding=\"async\"><img src=\"https:\/\/choco-spin.net\/wp-content\/uploads\/2026\/02\/Chocospin-Banner-mobile.webp\" class=\"w-100 d-none d-md-block d-lg-none main-banner-img\" alt=\"Chocospin Banner mobile\" fetchpriority=\"high\" decoding=\"async\"><img src=\"https:\/\/choco-spin.net\/wp-content\/uploads\/2026\/02\/Chocospin-Banner-mobile.webp\" class=\"w-100 d-md-none\" alt=\"Chocospin Banner mobile\" fetchpriority=\"high\" decoding=\"async\"><div class=\"banner-description\">\n<div class=\"banner-title\">Willkommensboni<\/div>\n<p class=\"banner-header-title\">\u20ac1500<\/p>\n<div class=\"banner-header-AdditionalText\">+ 250 Freispiele<\/div>\n<button data-item=\"homepage_banner_link\" class=\"goto m-button m-gradient-border m-button--primary m-button--large banner-button btn-orange\">\n            <div class=\"m-button-content\">\n                <span>Jetzt anmelden<\/span>\n                <span><\/span>\n            <\/div>\n        <\/button>\n<\/div>\n<div class=\"WelcomePack\">\n<p><img loading=\"lazy\" decoding=\"async\" class=\"alignnone size-full wp-image-1385\" src=\"https:\/\/choco-spin.net\/wp-content\/uploads\/2026\/02\/welcome-crown.png\" alt=\"welcome crown\" width=\"25\" height=\"26\" \/><\/p>\n<div class=\"WelcomePack-Info\">W\u00f6chentlicher Cashback von bis zu 25 %<\/div>\n<p><img loading=\"lazy\" decoding=\"async\" class=\"alignnone size-full wp-image-1385\" src=\"https:\/\/choco-spin.net\/wp-content\/uploads\/2026\/02\/welcome-crown.png\" alt=\"welcome crown\" width=\"25\" height=\"26\" \/><\/p>\n<\/div>\n<\/div>\n<h2>Verwendung von Chocospin auf Mobilger\u00e4ten<\/h2>\n<p>Die Nutzung von Choco Spin auf einem mobilen Ger\u00e4t ist sehr praktisch, da Sie es jederzeit und \u00fcberall nutzen k\u00f6nnen. Sie haben Zugriff auf alle coolen Funktionen, die Sie auch auf dem PC hatten. Die gesamte Spielesammlung mit Online-Slots, Tischspielen, Sofortgewinnoptionen und Live-Casino ist auf Ihrem Smartphone oder Tablet verf\u00fcgbar.<\/p>\n<p>Unsere Nutzer haben zwei Optionen zur Auswahl: eine mobile Browser-Version oder die spezielle Chocospin App. Beide bieten Ihnen ein gro\u00dfartiges Spielerlebnis mit schneller Ladezeit, f\u00fcr Mobilger\u00e4te optimierter Funktionalit\u00e4t und fl\u00fcssigem Gameplay.<\/p>\n<p>Als lizenziertes Online-Casino halten wir uns an alle strengen Vorschriften der Branche. In der mobilen Version von Chocospin Casino verwenden wir Webanwendungs-Firewalls und einen sicheren RSA-2048-Schl\u00fcsselaustausch, um Ihr Konto zu sch\u00fctzen. Wir testen unsere mobile Software regelm\u00e4\u00dfig, damit sie absolut sicher installiert werden kann.<\/p>\n<p><div class=\"scrollable-content-wrap my-5\"><div class=\"scrollable-content-inner\"><h2>Chocospin Android mobile App<\/h2>\n<p>Wenn Sie ein Android-Smartphone oder -Tablet besitzen, k\u00f6nnen Sie unsere Plattform ganz einfach auf Ihrem Ger\u00e4t nutzen. Rufen Sie dazu einfach einen beliebigen Browser auf und besuchen Sie unsere Seite. Chocospin passt sich perfekt an Ihre Bildschirmgr\u00f6\u00dfe und Aufl\u00f6sung an. Sie sind in keiner Weise in Ihren Funktionen oder Abl\u00e4ufen eingeschr\u00e4nkt, da alles auch auf Mobilger\u00e4ten verf\u00fcgbar ist.<\/p>\n<p>Es gibt noch eine weitere Option f\u00fcr das Spielen unterwegs \u2013 die Choco Spin App f\u00fcr Android. Dabei handelt es sich um eine progressive Webanwendung (PWA), die von unserer Website installiert werden kann. Sie ben\u00f6tigt nicht viel Speicherplatz auf Ihrem Ger\u00e4t, da sie nur zwischengespeicherte Daten verwendet. Es sind keine zus\u00e4tzlichen Chocospin-APK-Dateien erforderlich. Spieler k\u00f6nnen unsere Installationsanweisungen verwenden, um alles schnell und problemlos einzurichten.<\/p>\n<table>\n<tbody>\n<tr>\n<td>Schritt<\/td>\n<td>Details<\/td>\n<\/tr>\n<tr>\n<td>Besuchen Sie die Website von Chocospin Casino<\/td>\n<td>Unsere Kunden k\u00f6nnen jedes moderne Android-Ger\u00e4t mit einem beliebigen Browser verwenden<\/td>\n<\/tr>\n<tr>\n<td>Klicken Sie auf die Schaltfl\u00e4che \u201eMehr\u201c<\/td>\n<td>Sie finden ihn in der Adressleiste in Form von drei Punkten<\/td>\n<\/tr>\n<tr>\n<td>Suchen Sie die Option zum Installieren der App<\/td>\n<td>In der Liste m\u00fcssen Sie auf die Option \u201eZum Startbildschirm hinzuf\u00fcgen\u201c klicken<\/td>\n<\/tr>\n<tr>\n<td>Passen Sie das Symbol bei Bedarf an<\/td>\n<td>Benutzer k\u00f6nnen den Namen und das Aussehen des zuk\u00fcnftigen Symbols \u00e4ndern oder alles auf den Standardeinstellungen belassen<\/td>\n<\/tr>\n<tr>\n<td>Platzieren Sie das Symbol auf Ihrem Startbildschirm und melden Sie sich an<\/td>\n<td>Nachdem Sie alle Schritte abgeschlossen haben, wird das Symbol auf Ihrem Startbildschirm angezeigt. Sie k\u00f6nnen seine Position nach Ihren W\u00fcnschen \u00e4ndern<\/td>\n<\/tr>\n<\/tbody>\n<\/table>\n<p><img loading=\"lazy\" decoding=\"async\" class=\"alignnone size-full wp-image-1438\" src=\"https:\/\/choco-spin.net\/wp-content\/uploads\/2026\/02\/Chocospin-Android-App.webp\" alt=\"Chocospin Android App\" width=\"1248\" height=\"536\" srcset=\"https:\/\/choco-spin.net\/wp-content\/uploads\/2026\/02\/Chocospin-Android-App.webp 1248w, https:\/\/choco-spin.net\/wp-content\/uploads\/2026\/02\/Chocospin-Android-App-300x129.webp 300w, https:\/\/choco-spin.net\/wp-content\/uploads\/2026\/02\/Chocospin-Android-App-1024x440.webp 1024w, https:\/\/choco-spin.net\/wp-content\/uploads\/2026\/02\/Chocospin-Android-App-768x330.webp 768w\" sizes=\"auto, (max-width: 1248px) 100vw, 1248px\" \/><\/p>\n<\/div><\/div><div style=\"clear: both\"><\/div><div class=\"d-flex justify-content-center\"><button data-item=\"decouvrez_link\" data-group=\"website_links\" class=\"goto fw-bold rounded-pill btn btn-orange\" aria-label=\"Laden Sie die Chocospin-App herunter\" >Laden Sie die Chocospin-App herunter<\/button><\/div><div class=\"scrollable-content-wrap my-5\"><div class=\"scrollable-content-inner\"><h2>Chocospin iOS Mobile App<\/h2>\n<p>Die Installation der Chocospin App ist f\u00fcr iOS-Ger\u00e4te genauso einfach wie f\u00fcr Android-Ger\u00e4te. Sie m\u00fcssen kein Konto im Apple Store oder auf anderen Websites erstellen. Sie k\u00f6nnen das mobile Casino ganz einfach von unserer Website aus installieren. Der Hauptvorteil besteht darin, dass Ihnen das Design und die Navigation vertraut sein werden, wenn Sie zuvor die Desktop-Version verwendet haben.<\/p>\n<p>Um die Chocospin App zu installieren, rufen Sie einfach unsere Seite von Ihrem iPhone oder iPad aus auf und klicken Sie auf die Schaltfl\u00e4che \u201eTeilen\u201c am unteren Bildschirmrand. Klicken Sie auf \u201eZum Startbildschirm hinzuf\u00fcgen\u201c und das Marken Symbol erscheint auf Ihrem Bildschirm.<\/p>\n<p>Wenn Sie noch nicht bereit sind, etwas Neues zu installieren, ist das v\u00f6llig in Ordnung. Spieler k\u00f6nnen einfach unsere Seite in Safari oder Google Chrome besuchen und ihre Lieblingsspiele unterwegs genie\u00dfen. Choco Spin f\u00fcr mobile Ger\u00e4te bietet Ihnen Zugriff auf die Registrierung, Anmeldung, Verifizierung und Zahlungen.<\/p>\n<p><img loading=\"lazy\" decoding=\"async\" class=\"alignnone size-full wp-image-1730\" src=\"https:\/\/choco-spin.net\/wp-content\/uploads\/2026\/02\/Chocospin-iOS-App.webp\" alt=\"Choco-spin iOS App\" width=\"1248\" height=\"536\" srcset=\"https:\/\/choco-spin.net\/wp-content\/uploads\/2026\/02\/Chocospin-iOS-App.webp 1248w, https:\/\/choco-spin.net\/wp-content\/uploads\/2026\/02\/Chocospin-iOS-App-300x129.webp 300w, https:\/\/choco-spin.net\/wp-content\/uploads\/2026\/02\/Chocospin-iOS-App-1024x440.webp 1024w, https:\/\/choco-spin.net\/wp-content\/uploads\/2026\/02\/Chocospin-iOS-App-768x330.webp 768w\" sizes=\"auto, (max-width: 1248px) 100vw, 1248px\" \/><\/p>\n<\/div><\/div><div style=\"clear: both\"><\/div><div class=\"d-flex justify-content-center\"><button data-item=\"decouvrez_link\" data-group=\"website_links\" class=\"goto fw-bold rounded-pill btn btn-orange\" aria-label=\"Chocospin herunterladen\" >Chocospin herunterladen<\/button><\/div><div class=\"scrollable-content-wrap my-5\"><div class=\"scrollable-content-inner\"><h2>Windows und macOS Anwendungen<\/h2>\n<p>Die PC-Version ist weiterhin f\u00fcr unsere Nutzer verf\u00fcgbar. Dar\u00fcber hinaus k\u00f6nnen Sie je nach Situation und Standort zwischen verschiedenen Ger\u00e4ten wechseln. Es ist wichtig, dass Sie \u00fcberall dasselbe Chocospin-Konto verwenden. Nur in diesem Fall werden Ihre Daten synchronisiert.<\/p>\n<p>F\u00fcr einen schnelleren Zugriff k\u00f6nnen Sie in allen modernen Browsern eine Verkn\u00fcpfung zur bevorzugten Seite erstellen. Das funktioniert auch f\u00fcr Choco Spin Casino. Mit diesem Schritt k\u00f6nnen Sie mit einem Klick auf unser Online-Casino zugreifen, ohne einen Browser \u00f6ffnen und nach der Seite suchen zu m\u00fcssen.<\/p>\n<p>Unabh\u00e4ngig davon, welches Ger\u00e4t Sie verwenden, m\u00f6chten wir Ihre Reise sicher gestalten. In der Chocospin-App f\u00fcr iOS, Android und PC werden die folgenden Ma\u00dfnahmen ergriffen:<\/p>\n<ul>\n<li>Unterst\u00fctzung biometrischer Authentifizierung. Erm\u00f6glicht die Anmeldung per Fingerabdruck oder Gesichtserkennung auf kompatiblen Mobilger\u00e4ten f\u00fcr zus\u00e4tzlichen Schutz.<\/li>\n<li>Tokenisierung von Zahlungsdaten. Ersetzt sensible Kartendaten durch sichere Token, um das Betrugsrisiko zu minimieren.<\/li>\n<li>Echtzeit-Aktivit\u00e4ts\u00fcberwachung. Erkennt verd\u00e4chtige Anmeldungen, ungew\u00f6hnliche Wettmuster oder betr\u00fcgerische Transaktionen sofort.<\/li>\n<li>Sichere Software-Updates. Unsere PWA-Updates werden serverseitig bereitgestellt, sodass Spieler immer die neueste gesch\u00fctzte Version verwenden, ohne manuelle Downloads durchf\u00fchren zu m\u00fcssen.<\/li>\n<\/ul>\n<p><img loading=\"lazy\" decoding=\"async\" class=\"alignnone size-full wp-image-1735\" src=\"https:\/\/choco-spin.net\/wp-content\/uploads\/2026\/02\/Chocospin-Desktop.webp\" alt=\"Choco-spin Desktop\" width=\"1248\" height=\"536\" srcset=\"https:\/\/choco-spin.net\/wp-content\/uploads\/2026\/02\/Chocospin-Desktop.webp 1248w, https:\/\/choco-spin.net\/wp-content\/uploads\/2026\/02\/Chocospin-Desktop-300x129.webp 300w, https:\/\/choco-spin.net\/wp-content\/uploads\/2026\/02\/Chocospin-Desktop-1024x440.webp 1024w, https:\/\/choco-spin.net\/wp-content\/uploads\/2026\/02\/Chocospin-Desktop-768x330.webp 768w\" sizes=\"auto, (max-width: 1248px) 100vw, 1248px\" \/><\/p>\n<\/div><\/div><div style=\"clear: both\"><\/div><div class=\"d-flex justify-content-center\"><button data-item=\"decouvrez_link\" data-group=\"website_links\" class=\"goto fw-bold rounded-pill btn btn-orange\" aria-label=\"Laden Sie die Chocospin-App herunter\" >Laden Sie die Chocospin-App herunter<\/button><\/div><div class=\"scrollable-content-wrap my-5\"><div class=\"scrollable-content-inner\"><h2>FAQ<\/h2>\n<h3>Ist f\u00fcr die Nutzung der Choco Spin App die Erstellung eines Kontos erforderlich?<\/h3>\n<p>Die Regeln von Chocospin Casino verlangen, dass Benutzer ein Konto erstellen, um die mobile Software nutzen zu k\u00f6nnen. Keine Sorge, die Registrierung ist schnell und erfordert nur Ihre E-Mail-Adresse, Ihr Passwort und Ihren Promo-Code, falls Sie einen haben.<\/p>\n<h3>Bietet die Choco Spin Casino App Kundensupport?<\/h3>\n<p>Unser Support-Team steht Ihnen rund um die Uhr sowohl auf der mobilen als auch auf der Desktop-Version zur Verf\u00fcgung. Spieler k\u00f6nnen uns \u00fcber den integrierten Live-Chat oder per E-Mail kontaktieren. Wir garantieren schnelle und professionelle Antworten.<\/p>\n<h3>Wie kann ich die Choco Spin Casino App aktualisieren?<\/h3>\n<p>Als PWA wird sie automatisch aktualisiert, ohne dass Sie etwas tun m\u00fcssen. Wir informieren unsere Kunden immer \u00fcber Updates und \u00c4nderungen in der mobilen Version.<\/p>\n<\/div><\/div><\/p>\n","protected":false},"excerpt":{"rendered":"<p>Choco Spin mobile Plattform Alle unsere Titel, Boni, Zahlungen und anderen coole Funktionen sind auch in der Chocospin App verf\u00fcgbar. Sie sind nicht auf das von Ihnen verwendete Ger\u00e4t beschr\u00e4nkt. Nutzer k\u00f6nnen je nach Situation die f\u00fcr sie bequemste Option w\u00e4hlen. Nach der Anmeldung werden alle Ihre pers\u00f6nlichen Daten, Ihr Guthaben und Ihre Erfolge synchronisiert. [&hellip;]<\/p>\n","protected":false},"author":1,"featured_media":0,"parent":0,"menu_order":0,"comment_status":"closed","ping_status":"closed","template":"template-builder.php","meta":{"_acf_changed":false,"inline_featured_image":false,"footnotes":""},"class_list":["post-1437","page","type-page","status-publish","hentry"],"acf":[],"yoast_head":"<!-- This site is optimized with the Yoast SEO plugin v27.3 - https:\/\/yoast.com\/product\/yoast-seo-wordpress\/ -->\n<title>Chocospin App | iOS- und Android-Plattformen<\/title>\n<meta name=\"description\" content=\"Die Chocospin-App bietet reibungsloses Casino-Gaming auf Android, iOS, Windows und macOS mit synchronisierten Konten, regelm\u00e4\u00dfigen Updates und integriertem Kundensupport f\u00fcr ein stressfreies Erlebnis.\" \/>\n<meta name=\"robots\" content=\"index, follow, max-snippet:-1, max-image-preview:large, max-video-preview:-1\" \/>\n<link rel=\"canonical\" href=\"https:\/\/choco-spin.net\/de\/app\/\" \/>\n<meta property=\"og:locale\" content=\"de_DE\" \/>\n<meta property=\"og:type\" content=\"article\" \/>\n<meta property=\"og:title\" content=\"Chocospin App | iOS- und Android-Plattformen\" \/>\n<meta property=\"og:description\" content=\"Die Chocospin-App bietet reibungsloses Casino-Gaming auf Android, iOS, Windows und macOS mit synchronisierten Konten, regelm\u00e4\u00dfigen Updates und integriertem Kundensupport f\u00fcr ein stressfreies Erlebnis.\" \/>\n<meta property=\"og:url\" content=\"https:\/\/choco-spin.net\/de\/app\/\" \/>\n<meta property=\"og:site_name\" content=\"chocospin\" \/>\n<meta property=\"article:modified_time\" content=\"2026-02-23T10:06:45+00:00\" \/>\n<meta name=\"twitter:card\" content=\"summary_large_image\" \/>\n<meta name=\"twitter:label1\" content=\"Gesch\u00e4tzte Lesezeit\" \/>\n\t<meta name=\"twitter:data1\" content=\"1\u00a0Minute\" \/>\n<script type=\"application\/ld+json\" class=\"yoast-schema-graph\">{\"@context\":\"https:\\\/\\\/schema.org\",\"@graph\":[{\"@type\":\"WebPage\",\"@id\":\"https:\\\/\\\/choco-spin.net\\\/de\\\/app\\\/\",\"url\":\"https:\\\/\\\/choco-spin.net\\\/de\\\/app\\\/\",\"name\":\"Chocospin App | iOS- und Android-Plattformen\",\"isPartOf\":{\"@id\":\"https:\\\/\\\/choco-spin.net\\\/de\\\/#website\"},\"datePublished\":\"2026-02-20T14:53:26+00:00\",\"dateModified\":\"2026-02-23T10:06:45+00:00\",\"description\":\"Die Chocospin-App bietet reibungsloses Casino-Gaming auf Android, iOS, Windows und macOS mit synchronisierten Konten, regelm\u00e4\u00dfigen Updates und integriertem Kundensupport f\u00fcr ein stressfreies Erlebnis.\",\"breadcrumb\":{\"@id\":\"https:\\\/\\\/choco-spin.net\\\/de\\\/app\\\/#breadcrumb\"},\"inLanguage\":\"de\",\"potentialAction\":[{\"@type\":\"ReadAction\",\"target\":[\"https:\\\/\\\/choco-spin.net\\\/de\\\/app\\\/\"]}]},{\"@type\":\"BreadcrumbList\",\"@id\":\"https:\\\/\\\/choco-spin.net\\\/de\\\/app\\\/#breadcrumb\",\"itemListElement\":[{\"@type\":\"ListItem\",\"position\":1,\"name\":\"Chocospin\",\"item\":\"https:\\\/\\\/choco-spin.net\\\/de\\\/\"},{\"@type\":\"ListItem\",\"position\":2,\"name\":\"App\"}]},{\"@type\":\"WebSite\",\"@id\":\"https:\\\/\\\/choco-spin.net\\\/de\\\/#website\",\"url\":\"https:\\\/\\\/choco-spin.net\\\/de\\\/\",\"name\":\"Chocospin\",\"description\":\"\",\"publisher\":{\"@id\":\"https:\\\/\\\/choco-spin.net\\\/de\\\/#organization\"},\"potentialAction\":[{\"@type\":\"SearchAction\",\"target\":{\"@type\":\"EntryPoint\",\"urlTemplate\":\"https:\\\/\\\/choco-spin.net\\\/de\\\/?s={search_term_string}\"},\"query-input\":{\"@type\":\"PropertyValueSpecification\",\"valueRequired\":true,\"valueName\":\"search_term_string\"}}],\"inLanguage\":\"de\"},{\"@type\":\"Organization\",\"@id\":\"https:\\\/\\\/choco-spin.net\\\/de\\\/#organization\",\"name\":\"Chocospin\",\"url\":\"https:\\\/\\\/choco-spin.net\\\/de\\\/\",\"logo\":{\"@type\":\"ImageObject\",\"inLanguage\":\"de\",\"@id\":\"https:\\\/\\\/choco-spin.net\\\/de\\\/#\\\/schema\\\/logo\\\/image\\\/\",\"url\":\"https:\\\/\\\/choco-spin.net\\\/wp-content\\\/uploads\\\/2025\\\/07\\\/80u1FaquEZeR6OUTeJCc.png\",\"contentUrl\":\"https:\\\/\\\/choco-spin.net\\\/wp-content\\\/uploads\\\/2025\\\/07\\\/80u1FaquEZeR6OUTeJCc.png\",\"width\":123,\"height\":20,\"caption\":\"Chocospin\"},\"image\":{\"@id\":\"https:\\\/\\\/choco-spin.net\\\/de\\\/#\\\/schema\\\/logo\\\/image\\\/\"}}]}<\/script>\n<!-- \/ Yoast SEO plugin. -->","yoast_head_json":{"title":"Chocospin App | iOS- und Android-Plattformen","description":"Die Chocospin-App bietet reibungsloses Casino-Gaming auf Android, iOS, Windows und macOS mit synchronisierten Konten, regelm\u00e4\u00dfigen Updates und integriertem Kundensupport f\u00fcr ein stressfreies Erlebnis.","robots":{"index":"index","follow":"follow","max-snippet":"max-snippet:-1","max-image-preview":"max-image-preview:large","max-video-preview":"max-video-preview:-1"},"canonical":"https:\/\/choco-spin.net\/de\/app\/","og_locale":"de_DE","og_type":"article","og_title":"Chocospin App | iOS- und Android-Plattformen","og_description":"Die Chocospin-App bietet reibungsloses Casino-Gaming auf Android, iOS, Windows und macOS mit synchronisierten Konten, regelm\u00e4\u00dfigen Updates und integriertem Kundensupport f\u00fcr ein stressfreies Erlebnis.","og_url":"https:\/\/choco-spin.net\/de\/app\/","og_site_name":"chocospin","article_modified_time":"2026-02-23T10:06:45+00:00","twitter_card":"summary_large_image","twitter_misc":{"Gesch\u00e4tzte Lesezeit":"1\u00a0Minute"},"schema":{"@context":"https:\/\/schema.org","@graph":[{"@type":"WebPage","@id":"https:\/\/choco-spin.net\/de\/app\/","url":"https:\/\/choco-spin.net\/de\/app\/","name":"Chocospin App | iOS- und Android-Plattformen","isPartOf":{"@id":"https:\/\/choco-spin.net\/de\/#website"},"datePublished":"2026-02-20T14:53:26+00:00","dateModified":"2026-02-23T10:06:45+00:00","description":"Die Chocospin-App bietet reibungsloses Casino-Gaming auf Android, iOS, Windows und macOS mit synchronisierten Konten, regelm\u00e4\u00dfigen Updates und integriertem Kundensupport f\u00fcr ein stressfreies Erlebnis.","breadcrumb":{"@id":"https:\/\/choco-spin.net\/de\/app\/#breadcrumb"},"inLanguage":"de","potentialAction":[{"@type":"ReadAction","target":["https:\/\/choco-spin.net\/de\/app\/"]}]},{"@type":"BreadcrumbList","@id":"https:\/\/choco-spin.net\/de\/app\/#breadcrumb","itemListElement":[{"@type":"ListItem","position":1,"name":"Chocospin","item":"https:\/\/choco-spin.net\/de\/"},{"@type":"ListItem","position":2,"name":"App"}]},{"@type":"WebSite","@id":"https:\/\/choco-spin.net\/de\/#website","url":"https:\/\/choco-spin.net\/de\/","name":"Chocospin","description":"","publisher":{"@id":"https:\/\/choco-spin.net\/de\/#organization"},"potentialAction":[{"@type":"SearchAction","target":{"@type":"EntryPoint","urlTemplate":"https:\/\/choco-spin.net\/de\/?s={search_term_string}"},"query-input":{"@type":"PropertyValueSpecification","valueRequired":true,"valueName":"search_term_string"}}],"inLanguage":"de"},{"@type":"Organization","@id":"https:\/\/choco-spin.net\/de\/#organization","name":"Chocospin","url":"https:\/\/choco-spin.net\/de\/","logo":{"@type":"ImageObject","inLanguage":"de","@id":"https:\/\/choco-spin.net\/de\/#\/schema\/logo\/image\/","url":"https:\/\/choco-spin.net\/wp-content\/uploads\/2025\/07\/80u1FaquEZeR6OUTeJCc.png","contentUrl":"https:\/\/choco-spin.net\/wp-content\/uploads\/2025\/07\/80u1FaquEZeR6OUTeJCc.png","width":123,"height":20,"caption":"Chocospin"},"image":{"@id":"https:\/\/choco-spin.net\/de\/#\/schema\/logo\/image\/"}}]}},"_links":{"self":[{"href":"https:\/\/choco-spin.net\/de\/wp-json\/wp\/v2\/pages\/1437","targetHints":{"allow":["GET"]}}],"collection":[{"href":"https:\/\/choco-spin.net\/de\/wp-json\/wp\/v2\/pages"}],"about":[{"href":"https:\/\/choco-spin.net\/de\/wp-json\/wp\/v2\/types\/page"}],"author":[{"embeddable":true,"href":"https:\/\/choco-spin.net\/de\/wp-json\/wp\/v2\/users\/1"}],"replies":[{"embeddable":true,"href":"https:\/\/choco-spin.net\/de\/wp-json\/wp\/v2\/comments?post=1437"}],"version-history":[{"count":3,"href":"https:\/\/choco-spin.net\/de\/wp-json\/wp\/v2\/pages\/1437\/revisions"}],"predecessor-version":[{"id":1741,"href":"https:\/\/choco-spin.net\/de\/wp-json\/wp\/v2\/pages\/1437\/revisions\/1741"}],"wp:attachment":[{"href":"https:\/\/choco-spin.net\/de\/wp-json\/wp\/v2\/media?parent=1437"}],"curies":[{"name":"wp","href":"https:\/\/api.w.org\/{rel}","templated":true}]}}