{"id":1451,"date":"2026-02-23T08:03:15","date_gmt":"2026-02-23T08:03:15","guid":{"rendered":"https:\/\/choco-spin.net\/bonus\/"},"modified":"2026-02-23T10:13:22","modified_gmt":"2026-02-23T10:13:22","slug":"aktionen","status":"publish","type":"page","link":"https:\/\/choco-spin.net\/de\/aktionen\/","title":{"rendered":"Aktionen"},"content":{"rendered":"<h1>Chocospin Casino Boni und Belohnungen<\/h1>\n<p>Es ist immer sch\u00f6n, durch das Spielen Ihrer Lieblingsspiele zus\u00e4tzliche Vorteile zu erhalten. Mit den Chocospin Bonus Optionen ist das m\u00f6glich. Ihre M\u00f6glichkeiten sind nahezu unbegrenzt. Unsere Nutzer k\u00f6nnen zus\u00e4tzliche Freispiele, Geld zur\u00fcck oder Bonusgeld erhalten. Alle Werbeaktionen auf unserer Website haben klare Bedingungen und Sie k\u00f6nnen sich jederzeit an das Support-Team wenden, wenn Sie Probleme damit haben.<\/p>\n<p><div class=\"banner-wrap\" aria-label=\"Banner\"><img src=\"https:\/\/choco-spin.net\/wp-content\/uploads\/2026\/02\/Chocospin-banner-desktop.webp\" class=\"w-100 d-none d-lg-block img-pc main-banner-img\" alt=\"Chocospin banner desktop\" fetchpriority=\"high\" decoding=\"async\"><img src=\"https:\/\/choco-spin.net\/wp-content\/uploads\/2026\/02\/Chocospin-Banner-mobile.webp\" class=\"w-100 d-none d-md-block d-lg-none main-banner-img\" alt=\"Chocospin Banner mobile\" fetchpriority=\"high\" decoding=\"async\"><img src=\"https:\/\/choco-spin.net\/wp-content\/uploads\/2026\/02\/Chocospin-Banner-mobile.webp\" class=\"w-100 d-md-none\" alt=\"Chocospin Banner mobile\" fetchpriority=\"high\" decoding=\"async\"><div class=\"banner-description\">\n<div class=\"banner-title\">Willkommensboni<\/div>\n<p class=\"banner-header-title\">\u20ac1500<\/p>\n<div class=\"banner-header-AdditionalText\">+ 250 Freispiele<\/div>\n<button data-item=\"homepage_banner_link\" class=\"goto m-button m-gradient-border m-button--primary m-button--large banner-button btn-orange\">\n            <div class=\"m-button-content\">\n                <span>Jetzt anmelden<\/span>\n                <span><\/span>\n            <\/div>\n        <\/button>\n<\/div>\n<div class=\"WelcomePack\">\n<p><img loading=\"lazy\" decoding=\"async\" class=\"alignnone size-full wp-image-1385\" src=\"https:\/\/choco-spin.net\/wp-content\/uploads\/2026\/02\/welcome-crown.png\" alt=\"welcome crown\" width=\"25\" height=\"26\" \/><\/p>\n<div class=\"WelcomePack-Info\">W\u00f6chentlicher Cashback von bis zu 25 %<\/div>\n<p><img loading=\"lazy\" decoding=\"async\" class=\"alignnone size-full wp-image-1385\" src=\"https:\/\/choco-spin.net\/wp-content\/uploads\/2026\/02\/welcome-crown.png\" alt=\"welcome crown\" width=\"25\" height=\"26\" \/><\/p>\n<\/div>\n<\/div><div class=\"promotions-wrap\"><div class=\"promotion-card\" style=\"background-image: url(https:\/\/choco-spin.net\/wp-content\/uploads\/2026\/02\/First-deposit.webp);\"><h2 class=\"promotion-card__title\">Ersteinzahlungsbonus<\/h2><label class=\"promotion-card__offer\">100 % bis zu 500 \u20ac + 150 Freispiele<\/label><label class=\"promotion-card__description\"><\/label><div class=\"promotion-card__actions\"><button data-item=\"payments_link\" data-group=\"website_links\" class=\"goto btn btn-orange rounded-pill fw-bold px-4 m-button m-gradient-border m-button--primary m-button--large promotion-button promotion-card__action-btn\" aria-label=\"Anmelden\"><div class=\"m-button-content\"><span class=\"promotion-button__content\">Anmelden<\/span><\/div><\/button><button data-item=\"http:\/\/bonus_link\" data-group=\"website_links\" class=\"goto m-button m-gradient-border m-button--secondary m-button--medium promotion-card__info-btn\" aria-label=\"More information\"><div class=\"m-button-content\"><svg viewBox=\"0 0 24 24\" fill=\"none\" xmlns=\"http:\/\/www.w3.org\/2000\/svg\" class=\"m-icon m-icon-loadable\" name=\"Attention\" loading=\"false\" aria-hidden=\"true\"><path d=\"M12 22C6.477 22 2 17.522 2 12S6.477 2 12 2s10 4.478 10 10-4.477 10-10 10m-.002-13.004a.999.999 0 1 0 0-1.997.999.999 0 0 0 0 1.997M12 17a1 1 0 0 0 .993-.884L13 16l-.002-5.001-.007-.117a1 1 0 0 0-1.986 0l-.007.117L11 16l.007.117A1 1 0 0 0 12 17\" fill=\"currentColor\"><\/path><\/svg><\/div><\/button><\/div><\/div><div class=\"promotion-card\" style=\"background-image: url(https:\/\/choco-spin.net\/wp-content\/uploads\/2026\/02\/Second-deposit.webp);\"><h2 class=\"promotion-card__title\">Zweiter Einzahlungsbonus<\/h2><label class=\"promotion-card__offer\">55 % bis zu 500 \u20ac + 100 Freispiele<\/label><label class=\"promotion-card__description\"><\/label><div class=\"promotion-card__actions\"><button data-item=\"payments_link\" data-group=\"website_links\" class=\"goto btn btn-orange rounded-pill fw-bold px-4 m-button m-gradient-border m-button--primary m-button--large promotion-button promotion-card__action-btn\" aria-label=\"Anmelden\"><div class=\"m-button-content\"><span class=\"promotion-button__content\">Anmelden<\/span><\/div><\/button><button data-item=\"http:\/\/bonus_link\" data-group=\"website_links\" class=\"goto m-button m-gradient-border m-button--secondary m-button--medium promotion-card__info-btn\" aria-label=\"More information\"><div class=\"m-button-content\"><svg viewBox=\"0 0 24 24\" fill=\"none\" xmlns=\"http:\/\/www.w3.org\/2000\/svg\" class=\"m-icon m-icon-loadable\" name=\"Attention\" loading=\"false\" aria-hidden=\"true\"><path d=\"M12 22C6.477 22 2 17.522 2 12S6.477 2 12 2s10 4.478 10 10-4.477 10-10 10m-.002-13.004a.999.999 0 1 0 0-1.997.999.999 0 0 0 0 1.997M12 17a1 1 0 0 0 .993-.884L13 16l-.002-5.001-.007-.117a1 1 0 0 0-1.986 0l-.007.117L11 16l.007.117A1 1 0 0 0 12 17\" fill=\"currentColor\"><\/path><\/svg><\/div><\/button><\/div><\/div><div class=\"promotion-card\" style=\"background-image: url(https:\/\/choco-spin.net\/wp-content\/uploads\/2026\/02\/Third-deposit.webp);\"><h2 class=\"promotion-card__title\">Dritter Einzahlungsbonus<\/h2><label class=\"promotion-card__offer\">100 % bis zu 500 \u20ac<\/label><label class=\"promotion-card__description\"><\/label><div class=\"promotion-card__actions\"><button data-item=\"payments_link\" data-group=\"website_links\" class=\"goto btn btn-orange rounded-pill fw-bold px-4 m-button m-gradient-border m-button--primary m-button--large promotion-button promotion-card__action-btn\" aria-label=\"Anmelden\"><div class=\"m-button-content\"><span class=\"promotion-button__content\">Anmelden<\/span><\/div><\/button><button data-item=\"http:\/\/bonus_link\" data-group=\"website_links\" class=\"goto m-button m-gradient-border m-button--secondary m-button--medium promotion-card__info-btn\" aria-label=\"More information\"><div class=\"m-button-content\"><svg viewBox=\"0 0 24 24\" fill=\"none\" xmlns=\"http:\/\/www.w3.org\/2000\/svg\" class=\"m-icon m-icon-loadable\" name=\"Attention\" loading=\"false\" aria-hidden=\"true\"><path d=\"M12 22C6.477 22 2 17.522 2 12S6.477 2 12 2s10 4.478 10 10-4.477 10-10 10m-.002-13.004a.999.999 0 1 0 0-1.997.999.999 0 0 0 0 1.997M12 17a1 1 0 0 0 .993-.884L13 16l-.002-5.001-.007-.117a1 1 0 0 0-1.986 0l-.007.117L11 16l.007.117A1 1 0 0 0 12 17\" fill=\"currentColor\"><\/path><\/svg><\/div><\/button><\/div><\/div><div class=\"promotion-card\" style=\"background-image: url(https:\/\/choco-spin.net\/wp-content\/uploads\/2026\/02\/Cashback.webp);\"><h2 class=\"promotion-card__title\">W\u00f6chentlicher Cashback<\/h2><label class=\"promotion-card__offer\">bis zu 25 %<\/label><label class=\"promotion-card__description\"><\/label><div class=\"promotion-card__actions\"><button data-item=\"payments_link\" data-group=\"website_links\" class=\"goto btn btn-orange rounded-pill fw-bold px-4 m-button m-gradient-border m-button--primary m-button--large promotion-button promotion-card__action-btn\" aria-label=\"Anmelden\"><div class=\"m-button-content\"><span class=\"promotion-button__content\">Anmelden<\/span><\/div><\/button><button data-item=\"http:\/\/bonus_link\" data-group=\"website_links\" class=\"goto m-button m-gradient-border m-button--secondary m-button--medium promotion-card__info-btn\" aria-label=\"More information\"><div class=\"m-button-content\"><svg viewBox=\"0 0 24 24\" fill=\"none\" xmlns=\"http:\/\/www.w3.org\/2000\/svg\" class=\"m-icon m-icon-loadable\" name=\"Attention\" loading=\"false\" aria-hidden=\"true\"><path d=\"M12 22C6.477 22 2 17.522 2 12S6.477 2 12 2s10 4.478 10 10-4.477 10-10 10m-.002-13.004a.999.999 0 1 0 0-1.997.999.999 0 0 0 0 1.997M12 17a1 1 0 0 0 .993-.884L13 16l-.002-5.001-.007-.117a1 1 0 0 0-1.986 0l-.007.117L11 16l.007.117A1 1 0 0 0 12 17\" fill=\"currentColor\"><\/path><\/svg><\/div><\/button><\/div><\/div><div class=\"promotion-card\" style=\"background-image: url(https:\/\/choco-spin.net\/wp-content\/uploads\/2026\/02\/Sunday-reload.webp);\"><h2 class=\"promotion-card__title\">Sonntag Reload<\/h2><label class=\"promotion-card__offer\">25 % bis zu 100 \u20ac<\/label><label class=\"promotion-card__description\"><\/label><div class=\"promotion-card__actions\"><button data-item=\"payments_link\" data-group=\"website_links\" class=\"goto btn btn-orange rounded-pill fw-bold px-4 m-button m-gradient-border m-button--primary m-button--large promotion-button promotion-card__action-btn\" aria-label=\"Anmelden\"><div class=\"m-button-content\"><span class=\"promotion-button__content\">Anmelden<\/span><\/div><\/button><button data-item=\"http:\/\/bonus_link\" data-group=\"website_links\" class=\"goto m-button m-gradient-border m-button--secondary m-button--medium promotion-card__info-btn\" aria-label=\"More information\"><div class=\"m-button-content\"><svg viewBox=\"0 0 24 24\" fill=\"none\" xmlns=\"http:\/\/www.w3.org\/2000\/svg\" class=\"m-icon m-icon-loadable\" name=\"Attention\" loading=\"false\" aria-hidden=\"true\"><path d=\"M12 22C6.477 22 2 17.522 2 12S6.477 2 12 2s10 4.478 10 10-4.477 10-10 10m-.002-13.004a.999.999 0 1 0 0-1.997.999.999 0 0 0 0 1.997M12 17a1 1 0 0 0 .993-.884L13 16l-.002-5.001-.007-.117a1 1 0 0 0-1.986 0l-.007.117L11 16l.007.117A1 1 0 0 0 12 17\" fill=\"currentColor\"><\/path><\/svg><\/div><\/button><\/div><\/div><div class=\"promotion-card\" style=\"background-image: url(https:\/\/choco-spin.net\/wp-content\/uploads\/Rakeback.webp);\"><h2 class=\"promotion-card__title\">Rakeback<\/h2><label class=\"promotion-card__offer\">bis zu 17 %<\/label><label class=\"promotion-card__description\"><\/label><div class=\"promotion-card__actions\"><button data-item=\"payments_link\" data-group=\"website_links\" class=\"goto btn btn-orange rounded-pill fw-bold px-4 m-button m-gradient-border m-button--primary m-button--large promotion-button promotion-card__action-btn\" aria-label=\"Anmelden\"><div class=\"m-button-content\"><span class=\"promotion-button__content\">Anmelden<\/span><\/div><\/button><button data-item=\"http:\/\/bonus_link\" data-group=\"website_links\" class=\"goto m-button m-gradient-border m-button--secondary m-button--medium promotion-card__info-btn\" aria-label=\"More information\"><div class=\"m-button-content\"><svg viewBox=\"0 0 24 24\" fill=\"none\" xmlns=\"http:\/\/www.w3.org\/2000\/svg\" class=\"m-icon m-icon-loadable\" name=\"Attention\" loading=\"false\" aria-hidden=\"true\"><path d=\"M12 22C6.477 22 2 17.522 2 12S6.477 2 12 2s10 4.478 10 10-4.477 10-10 10m-.002-13.004a.999.999 0 1 0 0-1.997.999.999 0 0 0 0 1.997M12 17a1 1 0 0 0 .993-.884L13 16l-.002-5.001-.007-.117a1 1 0 0 0-1.986 0l-.007.117L11 16l.007.117A1 1 0 0 0 12 17\" fill=\"currentColor\"><\/path><\/svg><\/div><\/button><\/div><\/div><div class=\"promotion-card\" style=\"background-image: url(https:\/\/choco-spin.net\/wp-content\/uploads\/Highroller-bonus.webp);\"><h2 class=\"promotion-card__title\">Highroller Bonus<\/h2><label class=\"promotion-card__offer\">50 % bis zu 500 \u20ac<\/label><label class=\"promotion-card__description\"><\/label><div class=\"promotion-card__actions\"><button data-item=\"payments_link\" data-group=\"website_links\" class=\"goto btn btn-orange rounded-pill fw-bold px-4 m-button m-gradient-border m-button--primary m-button--large promotion-button promotion-card__action-btn\" aria-label=\"Anmelden\"><div class=\"m-button-content\"><span class=\"promotion-button__content\">Anmelden<\/span><\/div><\/button><button data-item=\"http:\/\/bonus_link\" data-group=\"website_links\" class=\"goto m-button m-gradient-border m-button--secondary m-button--medium promotion-card__info-btn\" aria-label=\"More information\"><div class=\"m-button-content\"><svg viewBox=\"0 0 24 24\" fill=\"none\" xmlns=\"http:\/\/www.w3.org\/2000\/svg\" class=\"m-icon m-icon-loadable\" name=\"Attention\" loading=\"false\" aria-hidden=\"true\"><path d=\"M12 22C6.477 22 2 17.522 2 12S6.477 2 12 2s10 4.478 10 10-4.477 10-10 10m-.002-13.004a.999.999 0 1 0 0-1.997.999.999 0 0 0 0 1.997M12 17a1 1 0 0 0 .993-.884L13 16l-.002-5.001-.007-.117a1 1 0 0 0-1.986 0l-.007.117L11 16l.007.117A1 1 0 0 0 12 17\" fill=\"currentColor\"><\/path><\/svg><\/div><\/button><\/div><\/div><\/div><div class=\"scrollable-content-wrap my-5\"><div class=\"scrollable-content-inner\"><h2>Informationen zu Werbeaktionen<\/h2>\n<p>Bei Chocospin Casino gibt es Angebote f\u00fcr neue und Stammkunden. Wir behandeln alle unsere Kunden gleich und m\u00f6chten unsere Dankbarkeit durch gro\u00dfz\u00fcgige Werbeaktionen zum Ausdruck bringen. Neu registrierte Spieler erhalten automatisch das Willkommenspaket, das Freispiele und Bargeld enth\u00e4lt.<\/p>\n<p>Nachdem Sie die Anforderungen des Chocospin-Bonus f\u00fcr Neukunden erf\u00fcllt haben, erhalten Sie Zugang zu allen verf\u00fcgbaren Optionen f\u00fcr Stammkunden. Wir haben den Aktionsmarkt sorgf\u00e4ltig untersucht, um Ihnen die besten Optionen zur Auswahl anzubieten:<\/p>\n<ul>\n<li>W\u00f6chentlicher Cashback von bis zu 25 %<\/li>\n<li>Rakeback bis zu 17 %<\/li>\n<li>Highroller Bonus von 50 % bis zu 500 \u20ac<\/li>\n<li>Sonntag Reload von 25 % bis zu 100 \u20ac<\/li>\n<\/ul>\n<h2>Choco Spin Casino Turniere<\/h2>\n<p>Um dem Spiel etwas Neues und Aufregendes hinzuzuf\u00fcgen, bieten wir als Teil unserer Chocospin-Bonuskollektion Turniere an. Jede Veranstaltung hat ihre eigenen Regeln und gilt f\u00fcr verschiedene Spielkategorien oder Softwareanbieter. Die Teilnahme kann automatisch erfolgen oder eine spezielle Geb\u00fchr erfordern. Deshalb empfehlen wir immer, die Regeln zu lesen, bevor Sie das Turnier bei Choco Spin aktivieren.<\/p>\n<p>Die meisten Veranstaltungen auf unserer Plattform sind f\u00fcr beliebte Slots und Live-Dealer-Titel konzipiert. Die Chocospin Casino Turniere sind ideal f\u00fcr diejenigen, die Wettbewerbe m\u00f6gen. Au\u00dferdem ist es Ihre Chance, gro\u00df zu gewinnen und sich einen Platz in der Rangliste zu sichern. Nachfolgend k\u00f6nnen Sie sich mit den derzeit verf\u00fcgbaren Turnieren vertraut machen.<\/p>\n<table>\n<tbody>\n<tr>\n<td>Veranstaltung<\/td>\n<td>Preispool<\/td>\n<td>Details<\/td>\n<\/tr>\n<tr>\n<td>Spinoleague<\/td>\n<td>12.000.000 \u20ac<\/td>\n<td>Eines der gr\u00f6\u00dften Events in der Gl\u00fccksspielbranche, das speziell f\u00fcr Spinomenal-Slots entwickelt wurde.<\/td>\n<\/tr>\n<tr>\n<td>Live-Turnier<\/td>\n<td>10.000 \u20ac<\/td>\n<td>Die perfekte Wahl f\u00fcr Nutzer, die Live-Casino-Titel m\u00f6gen. Das Event findet alle 3 Tage statt.<\/td>\n<\/tr>\n<tr>\n<td>Rookie Rumble Tournament<\/td>\n<td>2.500 \u20ac t\u00e4glich<\/td>\n<td>Dieser Wettbewerb ist anf\u00e4ngerfreundlich und wurde f\u00fcr neue Spieler entwickelt, damit diese anhand ihres Spielverhaltens Punkte sammeln k\u00f6nnen.<\/td>\n<\/tr>\n<\/tbody>\n<\/table>\n<h2>Chocospin Casino Willkommensangebot<\/h2>\n<p>Um Ihnen einen zus\u00e4tzlichen Anreiz zu geben, sich auf unserer Website zu registrieren, bieten wir allen neuen Kunden den Chocospin-Bonus an. Jeder Nutzer erh\u00e4lt ihn automatisch, nachdem er ein Konto erstellt und seine erste Einzahlung get\u00e4tigt hat. Das Willkommenspaket umfasst 1.500 \u20ac Bonusgeld und 250 Freispiele. Es wird auf Ihre ersten drei Einzahlungen bei Choco Spin verteilt.<\/p>\n<p>F\u00fcr die erste Einzahlung erhalten Sie 100 % bis zu 500 \u20ac + 150 Freispiele. Die n\u00e4chste Einzahlung kann Ihnen 55 % bis zu 500 \u20ac + 100 Freispiele einbringen. Um das Willkommenspaket von Chocospin Casino abzuschlie\u00dfen, k\u00f6nnen Sie Ihre dritte Einzahlung t\u00e4tigen und 100 % bis zu 500 \u20ac erhalten.<\/p>\n<p><img loading=\"lazy\" decoding=\"async\" src=\"https:\/\/choco-spin.net\/wp-content\/uploads\/Bonuses-and-Promotions-Chocospin.webp\" alt=\"Bonuses and Promotions Chocospin\" width=\"1248\" height=\"536\" \/><\/p>\n<h2>Bonusbedingungen f\u00fcr Spieler<\/h2>\n<p>Alle Chocospin-Bonusangebote haben ihre eigenen spezifischen Regeln. Diese k\u00f6nnen von Aktion zu Aktion variieren. Es ist sehr wichtig, dass Sie die Bedingungen des Bonus lesen, bevor Sie ihn aktivieren. Auf diese Weise k\u00f6nnen Sie mit maximalen Vorteilen rechnen.<\/p>\n<p>Einer der wichtigsten Punkte ist, dass eine Person nur eine aktive Einzahlungsaktion haben kann. Wenn wir feststellen, dass Sie versuchen, die Regeln bei Chocospin zu umgehen oder zu betr\u00fcgen, behalten wir uns das Recht vor, den Bonus zu stornieren und die Gewinne f\u00fcr ung\u00fcltig zu erkl\u00e4ren.<\/p>\n<p>Beachten Sie immer die folgenden Regelkategorien, da Nutzer nur nach Erf\u00fcllung aller Regeln die Belohnung erhalten k\u00f6nnen:<\/p>\n<ul>\n<li>G\u00fcltigkeitsdauer<\/li>\n<li>Spielbeitrag<\/li>\n<li>Maximaler Einsatz<\/li>\n<li>Mindestanzahlung<\/li>\n<li>Umsatzbedingungen<\/li>\n<\/ul>\n<h2>FAQ<\/h2>\n<h3>Wie l\u00f6se ich den Willkommensbonus bei Choco Spin Casino ein?<\/h3>\n<p>Um den Chocospin-Bonus f\u00fcr Neukunden zu erhalten, ben\u00f6tigen Sie keine zus\u00e4tzlichen Promo-Codes. Registrieren Sie sich einfach \u00fcber Ihren PC oder Ihr Mobilger\u00e4t auf der Plattform und t\u00e4tigen Sie eine Einzahlung von mindestens 20 \u20ac. Die Aktion wird automatisch in Ihrem Profil angezeigt. Sie ist nach der Aktivierung 7 Tage lang g\u00fcltig.<\/p>\n<h3>Sind die Boni von Choco Spin Casino f\u00fcr alle Spiele g\u00fcltig?<\/h3>\n<p>Jeder Bonus hat seine eigenen Regeln. Einige davon gelten nur f\u00fcr Spielautomaten. Einige haben einen unterschiedlichen Einflussprozentsatz. Machen Sie sich immer mit den Anforderungen der Aktion vertraut.<\/p>\n<h3>Ich habe meinen Bonus aktiviert, aber er wurde nicht in meinem Konto angezeigt. Was soll ich tun?<\/h3>\n<p>Die Nutzer sollten \u00fcberpr\u00fcfen, ob sie die Aktivierungsbedingungen des Angebots erf\u00fcllt haben. Vergessen Sie nicht die Mindesteinzahlung. Wenn alles in Ordnung ist, wenden Sie sich bitte per Live-Chat oder E-Mail an unseren Kundendienst, damit wir eine L\u00f6sung finden k\u00f6nnen.<\/p>\n<\/div><\/div><\/p>\n","protected":false},"excerpt":{"rendered":"<p>Chocospin Casino Boni und Belohnungen Es ist immer sch\u00f6n, durch das Spielen Ihrer Lieblingsspiele zus\u00e4tzliche Vorteile zu erhalten. Mit den Chocospin Bonus Optionen ist das m\u00f6glich. Ihre M\u00f6glichkeiten sind nahezu unbegrenzt. Unsere Nutzer k\u00f6nnen zus\u00e4tzliche Freispiele, Geld zur\u00fcck oder Bonusgeld erhalten. Alle Werbeaktionen auf unserer Website haben klare Bedingungen und Sie k\u00f6nnen sich jederzeit an [&hellip;]<\/p>\n","protected":false},"author":1,"featured_media":0,"parent":0,"menu_order":0,"comment_status":"closed","ping_status":"closed","template":"template-builder.php","meta":{"_acf_changed":false,"inline_featured_image":false,"footnotes":""},"class_list":["post-1451","page","type-page","status-publish","hentry"],"acf":[],"yoast_head":"<!-- This site is optimized with the Yoast SEO plugin v27.3 - https:\/\/yoast.com\/product\/yoast-seo-wordpress\/ -->\n<title>Chocospin Casino Bonus und exklusive Pr\u00e4mien<\/title>\n<meta name=\"description\" content=\"Entdecken Sie die exklusiven Boni im Chocospin Casino mit gro\u00dfz\u00fcgigen Willkommensangeboten, Einzahlungsboni, laufenden Aktionen und spannenden Turnieren. Alle Bonusbedingungen und Anweisungen zum Einl\u00f6sen finden Sie \u00fcbersichtlich an einem Ort.\" \/>\n<meta name=\"robots\" content=\"index, follow, max-snippet:-1, max-image-preview:large, max-video-preview:-1\" \/>\n<link rel=\"canonical\" href=\"https:\/\/choco-spin.net\/de\/aktionen\/\" \/>\n<meta property=\"og:locale\" content=\"de_DE\" \/>\n<meta property=\"og:type\" content=\"article\" \/>\n<meta property=\"og:title\" content=\"Chocospin Casino Bonus und exklusive Pr\u00e4mien\" \/>\n<meta property=\"og:description\" content=\"Entdecken Sie die exklusiven Boni im Chocospin Casino mit gro\u00dfz\u00fcgigen Willkommensangeboten, Einzahlungsboni, laufenden Aktionen und spannenden Turnieren. Alle Bonusbedingungen und Anweisungen zum Einl\u00f6sen finden Sie \u00fcbersichtlich an einem Ort.\" \/>\n<meta property=\"og:url\" content=\"https:\/\/choco-spin.net\/de\/aktionen\/\" \/>\n<meta property=\"og:site_name\" content=\"chocospin\" \/>\n<meta property=\"article:modified_time\" content=\"2026-02-23T10:13:22+00:00\" \/>\n<meta name=\"twitter:card\" content=\"summary_large_image\" \/>\n<meta name=\"twitter:label1\" content=\"Gesch\u00e4tzte Lesezeit\" \/>\n\t<meta name=\"twitter:data1\" content=\"1\u00a0Minute\" \/>\n<script type=\"application\/ld+json\" class=\"yoast-schema-graph\">{\"@context\":\"https:\\\/\\\/schema.org\",\"@graph\":[{\"@type\":\"WebPage\",\"@id\":\"https:\\\/\\\/choco-spin.net\\\/de\\\/aktionen\\\/\",\"url\":\"https:\\\/\\\/choco-spin.net\\\/de\\\/aktionen\\\/\",\"name\":\"Chocospin Casino Bonus und exklusive Pr\u00e4mien\",\"isPartOf\":{\"@id\":\"https:\\\/\\\/choco-spin.net\\\/de\\\/#website\"},\"datePublished\":\"2026-02-23T08:03:15+00:00\",\"dateModified\":\"2026-02-23T10:13:22+00:00\",\"description\":\"Entdecken Sie die exklusiven Boni im Chocospin Casino mit gro\u00dfz\u00fcgigen Willkommensangeboten, Einzahlungsboni, laufenden Aktionen und spannenden Turnieren. Alle Bonusbedingungen und Anweisungen zum Einl\u00f6sen finden Sie \u00fcbersichtlich an einem Ort.\",\"breadcrumb\":{\"@id\":\"https:\\\/\\\/choco-spin.net\\\/de\\\/aktionen\\\/#breadcrumb\"},\"inLanguage\":\"de\",\"potentialAction\":[{\"@type\":\"ReadAction\",\"target\":[\"https:\\\/\\\/choco-spin.net\\\/de\\\/aktionen\\\/\"]}]},{\"@type\":\"BreadcrumbList\",\"@id\":\"https:\\\/\\\/choco-spin.net\\\/de\\\/aktionen\\\/#breadcrumb\",\"itemListElement\":[{\"@type\":\"ListItem\",\"position\":1,\"name\":\"Chocospin\",\"item\":\"https:\\\/\\\/choco-spin.net\\\/de\\\/\"},{\"@type\":\"ListItem\",\"position\":2,\"name\":\"Aktionen\"}]},{\"@type\":\"WebSite\",\"@id\":\"https:\\\/\\\/choco-spin.net\\\/de\\\/#website\",\"url\":\"https:\\\/\\\/choco-spin.net\\\/de\\\/\",\"name\":\"Chocospin\",\"description\":\"\",\"publisher\":{\"@id\":\"https:\\\/\\\/choco-spin.net\\\/de\\\/#organization\"},\"potentialAction\":[{\"@type\":\"SearchAction\",\"target\":{\"@type\":\"EntryPoint\",\"urlTemplate\":\"https:\\\/\\\/choco-spin.net\\\/de\\\/?s={search_term_string}\"},\"query-input\":{\"@type\":\"PropertyValueSpecification\",\"valueRequired\":true,\"valueName\":\"search_term_string\"}}],\"inLanguage\":\"de\"},{\"@type\":\"Organization\",\"@id\":\"https:\\\/\\\/choco-spin.net\\\/de\\\/#organization\",\"name\":\"Chocospin\",\"url\":\"https:\\\/\\\/choco-spin.net\\\/de\\\/\",\"logo\":{\"@type\":\"ImageObject\",\"inLanguage\":\"de\",\"@id\":\"https:\\\/\\\/choco-spin.net\\\/de\\\/#\\\/schema\\\/logo\\\/image\\\/\",\"url\":\"https:\\\/\\\/choco-spin.net\\\/wp-content\\\/uploads\\\/2025\\\/07\\\/80u1FaquEZeR6OUTeJCc.png\",\"contentUrl\":\"https:\\\/\\\/choco-spin.net\\\/wp-content\\\/uploads\\\/2025\\\/07\\\/80u1FaquEZeR6OUTeJCc.png\",\"width\":123,\"height\":20,\"caption\":\"Chocospin\"},\"image\":{\"@id\":\"https:\\\/\\\/choco-spin.net\\\/de\\\/#\\\/schema\\\/logo\\\/image\\\/\"}}]}<\/script>\n<!-- \/ Yoast SEO plugin. -->","yoast_head_json":{"title":"Chocospin Casino Bonus und exklusive Pr\u00e4mien","description":"Entdecken Sie die exklusiven Boni im Chocospin Casino mit gro\u00dfz\u00fcgigen Willkommensangeboten, Einzahlungsboni, laufenden Aktionen und spannenden Turnieren. Alle Bonusbedingungen und Anweisungen zum Einl\u00f6sen finden Sie \u00fcbersichtlich an einem Ort.","robots":{"index":"index","follow":"follow","max-snippet":"max-snippet:-1","max-image-preview":"max-image-preview:large","max-video-preview":"max-video-preview:-1"},"canonical":"https:\/\/choco-spin.net\/de\/aktionen\/","og_locale":"de_DE","og_type":"article","og_title":"Chocospin Casino Bonus und exklusive Pr\u00e4mien","og_description":"Entdecken Sie die exklusiven Boni im Chocospin Casino mit gro\u00dfz\u00fcgigen Willkommensangeboten, Einzahlungsboni, laufenden Aktionen und spannenden Turnieren. Alle Bonusbedingungen und Anweisungen zum Einl\u00f6sen finden Sie \u00fcbersichtlich an einem Ort.","og_url":"https:\/\/choco-spin.net\/de\/aktionen\/","og_site_name":"chocospin","article_modified_time":"2026-02-23T10:13:22+00:00","twitter_card":"summary_large_image","twitter_misc":{"Gesch\u00e4tzte Lesezeit":"1\u00a0Minute"},"schema":{"@context":"https:\/\/schema.org","@graph":[{"@type":"WebPage","@id":"https:\/\/choco-spin.net\/de\/aktionen\/","url":"https:\/\/choco-spin.net\/de\/aktionen\/","name":"Chocospin Casino Bonus und exklusive Pr\u00e4mien","isPartOf":{"@id":"https:\/\/choco-spin.net\/de\/#website"},"datePublished":"2026-02-23T08:03:15+00:00","dateModified":"2026-02-23T10:13:22+00:00","description":"Entdecken Sie die exklusiven Boni im Chocospin Casino mit gro\u00dfz\u00fcgigen Willkommensangeboten, Einzahlungsboni, laufenden Aktionen und spannenden Turnieren. Alle Bonusbedingungen und Anweisungen zum Einl\u00f6sen finden Sie \u00fcbersichtlich an einem Ort.","breadcrumb":{"@id":"https:\/\/choco-spin.net\/de\/aktionen\/#breadcrumb"},"inLanguage":"de","potentialAction":[{"@type":"ReadAction","target":["https:\/\/choco-spin.net\/de\/aktionen\/"]}]},{"@type":"BreadcrumbList","@id":"https:\/\/choco-spin.net\/de\/aktionen\/#breadcrumb","itemListElement":[{"@type":"ListItem","position":1,"name":"Chocospin","item":"https:\/\/choco-spin.net\/de\/"},{"@type":"ListItem","position":2,"name":"Aktionen"}]},{"@type":"WebSite","@id":"https:\/\/choco-spin.net\/de\/#website","url":"https:\/\/choco-spin.net\/de\/","name":"Chocospin","description":"","publisher":{"@id":"https:\/\/choco-spin.net\/de\/#organization"},"potentialAction":[{"@type":"SearchAction","target":{"@type":"EntryPoint","urlTemplate":"https:\/\/choco-spin.net\/de\/?s={search_term_string}"},"query-input":{"@type":"PropertyValueSpecification","valueRequired":true,"valueName":"search_term_string"}}],"inLanguage":"de"},{"@type":"Organization","@id":"https:\/\/choco-spin.net\/de\/#organization","name":"Chocospin","url":"https:\/\/choco-spin.net\/de\/","logo":{"@type":"ImageObject","inLanguage":"de","@id":"https:\/\/choco-spin.net\/de\/#\/schema\/logo\/image\/","url":"https:\/\/choco-spin.net\/wp-content\/uploads\/2025\/07\/80u1FaquEZeR6OUTeJCc.png","contentUrl":"https:\/\/choco-spin.net\/wp-content\/uploads\/2025\/07\/80u1FaquEZeR6OUTeJCc.png","width":123,"height":20,"caption":"Chocospin"},"image":{"@id":"https:\/\/choco-spin.net\/de\/#\/schema\/logo\/image\/"}}]}},"_links":{"self":[{"href":"https:\/\/choco-spin.net\/de\/wp-json\/wp\/v2\/pages\/1451","targetHints":{"allow":["GET"]}}],"collection":[{"href":"https:\/\/choco-spin.net\/de\/wp-json\/wp\/v2\/pages"}],"about":[{"href":"https:\/\/choco-spin.net\/de\/wp-json\/wp\/v2\/types\/page"}],"author":[{"embeddable":true,"href":"https:\/\/choco-spin.net\/de\/wp-json\/wp\/v2\/users\/1"}],"replies":[{"embeddable":true,"href":"https:\/\/choco-spin.net\/de\/wp-json\/wp\/v2\/comments?post=1451"}],"version-history":[{"count":3,"href":"https:\/\/choco-spin.net\/de\/wp-json\/wp\/v2\/pages\/1451\/revisions"}],"predecessor-version":[{"id":1751,"href":"https:\/\/choco-spin.net\/de\/wp-json\/wp\/v2\/pages\/1451\/revisions\/1751"}],"wp:attachment":[{"href":"https:\/\/choco-spin.net\/de\/wp-json\/wp\/v2\/media?parent=1451"}],"curies":[{"name":"wp","href":"https:\/\/api.w.org\/{rel}","templated":true}]}}