{"id":1490,"date":"2026-02-20T14:59:58","date_gmt":"2026-02-20T14:59:58","guid":{"rendered":"https:\/\/choco-spin.net\/login-and-registration\/"},"modified":"2026-02-23T10:09:12","modified_gmt":"2026-02-23T10:09:12","slug":"anmeldung-und-registrierung","status":"publish","type":"page","link":"https:\/\/choco-spin.net\/de\/anmeldung-und-registrierung\/","title":{"rendered":"Anmeldung und Registrierung"},"content":{"rendered":"<h1>Chocospin Kontoanmeldung und -registrierung<\/h1>\n<p>Wenn Sie unser Online-Casino zum ersten Mal besuchen, empfehlen wir Ihnen dringend, den Chocospin Login abzuschlie\u00dfen. Dies bietet Ihnen viele Vorteile, darunter die M\u00f6glichkeit, um echtes Geld zu spielen, Ihre Gewinne auszuzahlen und unsere gro\u00dfz\u00fcgigen Boni zu nutzen. Die Registrierung ist f\u00fcr alle Nutzer ab 18 Jahren m\u00f6glich. Eine Person kann nur ein Konto auf unserer Plattform haben.<\/p>\n<p><div class=\"banner-wrap\" aria-label=\"Banner\"><img src=\"https:\/\/choco-spin.net\/wp-content\/uploads\/2026\/02\/Chocospin-banner-desktop.webp\" class=\"w-100 d-none d-lg-block img-pc main-banner-img\" alt=\"Chocospin banner desktop\" fetchpriority=\"high\" decoding=\"async\"><img src=\"https:\/\/choco-spin.net\/wp-content\/uploads\/2026\/02\/Chocospin-Banner-mobile.webp\" class=\"w-100 d-none d-md-block d-lg-none main-banner-img\" alt=\"Chocospin Banner mobile\" fetchpriority=\"high\" decoding=\"async\"><img src=\"https:\/\/choco-spin.net\/wp-content\/uploads\/2026\/02\/Chocospin-Banner-mobile.webp\" class=\"w-100 d-md-none\" alt=\"Chocospin Banner mobile\" fetchpriority=\"high\" decoding=\"async\"><div class=\"banner-description\">\n<div class=\"banner-title\">Willkommensboni<\/div>\n<p class=\"banner-header-title\">\u20ac1500<\/p>\n<div class=\"banner-header-AdditionalText\">+ 250 Freispiele<\/div>\n<button data-item=\"homepage_banner_link\" class=\"goto m-button m-gradient-border m-button--primary m-button--large banner-button btn-orange\">\n            <div class=\"m-button-content\">\n                <span>Jetzt anmelden<\/span>\n                <span><\/span>\n            <\/div>\n        <\/button>\n<\/div>\n<div class=\"WelcomePack\">\n<p><img loading=\"lazy\" decoding=\"async\" class=\"alignnone size-full wp-image-1385\" src=\"https:\/\/choco-spin.net\/wp-content\/uploads\/2026\/02\/welcome-crown.png\" alt=\"welcome crown\" width=\"25\" height=\"26\" \/><\/p>\n<div class=\"WelcomePack-Info\">W\u00f6chentlicher Cashback von bis zu 25 %<\/div>\n<p><img loading=\"lazy\" decoding=\"async\" class=\"alignnone size-full wp-image-1385\" src=\"https:\/\/choco-spin.net\/wp-content\/uploads\/2026\/02\/welcome-crown.png\" alt=\"welcome crown\" width=\"25\" height=\"26\" \/><\/p>\n<\/div>\n<\/div><div class=\"scrollable-content-wrap my-5\"><div class=\"scrollable-content-inner\"><h2>Registrierung neuer Benutzer bei Choco Spin<\/h2>\n<p>Viele Nutzer sind sich nicht sicher, ob sie ein Konto auf einer neuen Plattform erstellen sollen und ob dies sicher ist. Wir garantieren Ihnen, dass Chocospin Casino einen sicheren Schl\u00fcsselaustausch und spezielle Anti-Bot-Systeme verwendet, um Ihre Daten zu sch\u00fctzen. Dar\u00fcber hinaus erm\u00f6glicht Ihnen die Registrierung den Zugriff auf mehr als 6.000 Titel, darunter Online-Slots, Tischspiele und Live-Casino-Optionen sowie Ein- und Auszahlungen.<\/p>\n<p>Es gibt ein paar Regeln, die Sie kennen sollten, bevor Sie sich bei Chocospin anmelden. Nur Spieler, die mindestens 18 Jahre alt sind, k\u00f6nnen ein Konto auf der Plattform erstellen. Geben Sie nur Ihre echten pers\u00f6nlichen Daten an, da wir diese w\u00e4hrend des Verifizierungsprozesses \u00fcberpr\u00fcfen m\u00fcssen.<\/p>\n<h3>Erstellen Sie Ihr Konto<\/h3>\n<p>Die Erstellung eines neuen Kontos bei Choco Spin dauert nur wenige Minuten. Der Vorgang ist unkompliziert und erfordert nicht allzu viele pers\u00f6nliche Angaben. Wenn Sie bereit sind, Ihre spannende Reise mit uns zu beginnen, folgen Sie den nachstehenden Anweisungen:<\/p>\n<ol>\n<li>Suchen Sie auf unserer Website den Registrierungsbutton und klicken Sie darauf. Er befindet sich in der oberen rechten Ecke, sodass Sie ihn nicht \u00fcbersehen k\u00f6nnen.<\/li>\n<li>Geben Sie Ihre pers\u00f6nlichen Daten ein, wie z. B. Ihre E-Mail-Adresse und Ihr Passwort. Wir verwenden strenge Passwortrichtlinien, daher sollten Sie Sonderzeichen sowie Klein- und Gro\u00dfbuchstaben verwenden.<\/li>\n<li>F\u00fcllen Sie das Feld mit dem Promo-Code aus, falls Sie einen haben. Dieser Schritt kann Ihnen von Anfang an zus\u00e4tzliche Belohnungen im Chocospin Casino einbringen.<\/li>\n<li>Sie m\u00fcssen Ihr Alter best\u00e4tigen und die Allgemeinen Gesch\u00e4ftsbedingungen akzeptieren. Spieler k\u00f6nnen dem Link folgen, um sich mit unseren Regeln vertraut zu machen.<\/li>\n<li>Nachdem Sie alle eingegebenen Daten \u00fcberpr\u00fcft haben und bereit sind, die Registrierung abzuschlie\u00dfen, klicken Sie auf die Schaltfl\u00e4che \u201eRegistrierung\u201c am Ende der Seite.<\/li>\n<\/ol>\n<p><img loading=\"lazy\" decoding=\"async\" class=\"alignnone size-full wp-image-1491\" src=\"https:\/\/choco-spin.net\/wp-content\/uploads\/Login-and-Registration-Chocospin.webp\" alt=\"Login and Registration Chocospin\" width=\"1248\" height=\"536\" srcset=\"https:\/\/choco-spin.net\/wp-content\/uploads\/Login-and-Registration-Chocospin.webp 1248w, https:\/\/choco-spin.net\/wp-content\/uploads\/Login-and-Registration-Chocospin-300x129.webp 300w, https:\/\/choco-spin.net\/wp-content\/uploads\/Login-and-Registration-Chocospin-1024x440.webp 1024w, https:\/\/choco-spin.net\/wp-content\/uploads\/Login-and-Registration-Chocospin-768x330.webp 768w\" sizes=\"auto, (max-width: 1248px) 100vw, 1248px\" \/><\/p>\n<h2>Verwendung eines Chocospin Kontos<\/h2>\n<p>F\u00fcr alle unsere Kunden, die bereits ein Konto haben, ist es wichtig, den Chocospin-Anmeldevorgang zu durchlaufen. Dazu m\u00fcssen Sie sich nur an die Informationen erinnern, die Sie bei der Registrierung angegeben haben. Wenn Sie nicht auf Ihr Konto zugreifen k\u00f6nnen, liegt das wahrscheinlich daran, dass einige der von Ihnen eingegebenen Daten falsch sind. Um zu vermeiden, dass Ihr Konto aufgrund verd\u00e4chtiger Choco Spin Anmeldeaktivit\u00e4ten gesperrt wird, k\u00f6nnen Sie sich an unser Support-Team wenden.<\/p>\n<p>Nachdem Benutzer auf ihr Konto zugegriffen haben, k\u00f6nnen sie ihre Erfahrung durch die Aktivierung spezieller Einstellungen und Tools personalisieren. Zun\u00e4chst einmal k\u00f6nnen Sie jederzeit Ihre pers\u00f6nlichen Daten und Zahlungsinformationen bei Chocospin Casino \u00e4ndern. Spieler k\u00f6nnen auch ihren Aktivit\u00e4tsverlauf einsehen und bei Bedarf Tools f\u00fcr verantwortungsbewusstes Spielen einrichten.<\/p>\n<h3>Chocospin Casino Kontoverifizierung und Sicherheit<\/h3>\n<p>Chocospin Casino legt gro\u00dfen Wert auf die Sicherheit seiner Benutzer. Wir ergreifen alle notwendigen Ma\u00dfnahmen, um die Prozesse auf unserer Website zu sch\u00fctzen, bitten Sie jedoch auch, unsere Regeln zu beachten. Um Betrug zu vermeiden und allen die gleichen Chancen zu bieten, bitten wir alle unsere Benutzer, die Verifizierung durchzuf\u00fchren.<\/p>\n<p>Das Verfahren muss vor der ersten Auszahlung durchgef\u00fchrt werden. Alles ist ganz einfach: Sie m\u00fcssen Kopien Ihrer pers\u00f6nlichen Dokumente auf die Plattform hochladen, und unsere Chocospin-Manager werden diese innerhalb von 48 Stunden \u00fcberpr\u00fcfen.<\/p>\n<h3>Haben Sie Ihr Passwort vergessen?<\/h3>\n<p>Wir verstehen, dass es verschiedene Situationen geben kann, beispielsweise wenn der Benutzer seine Chocospin-Anmeldedaten einschlie\u00dflich des Passworts vergessen hat. Aber wir haben eine L\u00f6sung f\u00fcr Sie, wie Sie diese zur\u00fccksetzen k\u00f6nnen.<\/p>\n<table>\n<tbody>\n<tr>\n<td>Schritt<\/td>\n<td>Details<\/td>\n<\/tr>\n<tr>\n<td>Gehen Sie zur Anmeldeseite<\/td>\n<td>Klicken Sie auf die Schaltfl\u00e4che \u201eAnmelden\u201c in der oberen rechten Ecke der Hauptseite<\/td>\n<\/tr>\n<tr>\n<td>Starten Sie den Vorgang zum Zur\u00fccksetzen des Passworts<\/td>\n<td>Folgen Sie dem Link \u201ePasswort vergessen?\u201c im Anmeldeformular<\/td>\n<\/tr>\n<tr>\n<td>Geben Sie die erforderlichen Informationen ein<\/td>\n<td>Sie m\u00fcssen die E-Mail-Adresse angeben, die mit Ihrem Konto verkn\u00fcpft ist<\/td>\n<\/tr>\n<tr>\n<td>Folgen Sie dem Link in der E-Mail.<\/td>\n<td>Wir senden Ihnen einen Link zum Zur\u00fccksetzen, \u00fcber den Sie ein neues Passwort erstellen k\u00f6nnen. Dieses Passwort verwenden Sie beim n\u00e4chsten Anmelden<\/td>\n<\/tr>\n<\/tbody>\n<\/table>\n<h2>FAQ<\/h2>\n<h3>Wie schlie\u00dfe ich den Kontoverifizierungsprozess ab?<\/h3>\n<p>Das ist ganz einfach. Vor der ersten Auszahlung werden Sie gebeten, Kopien Ihrer pers\u00f6nlichen Dokumente vorzulegen, um Ihre Identit\u00e4t, Ihre Wohnadresse, Ihr Alter und die Inhaberschaft Ihres Zahlungskontos nachzuweisen. Sobald unsere Mitarbeiter alles \u00fcberpr\u00fcft haben, werden sie Sie dar\u00fcber informieren.<\/p>\n<h3>Wie kann ich mein Passwort oder meine E-Mail-Adresse aktualisieren?<\/h3>\n<p>Bei Choco Spin Casino haben Sie jederzeit die M\u00f6glichkeit, Ihre pers\u00f6nlichen Daten zu \u00e4ndern oder zu aktualisieren. Melden Sie sich einfach bei Ihrem Konto an und f\u00fchren Sie die erforderlichen Schritte durch.<\/p>\n<h3>Was soll ich tun, wenn mein Konto gesperrt ist?<\/h3>\n<p>Ihr Chocospin-Konto wurde m\u00f6glicherweise aufgrund verd\u00e4chtiger Aktivit\u00e4ten oder eines Versto\u00dfes gegen die Regeln unserer Plattform gesperrt. Wir informieren unsere Kunden immer dar\u00fcber. Wenn Sie keine Benachrichtigung erhalten haben, wenden Sie sich bitte \u00fcber den Live-Chat an unser mehrsprachiges Support-Team.<\/p>\n<\/div><\/div><\/p>\n","protected":false},"excerpt":{"rendered":"<p>Chocospin Kontoanmeldung und -registrierung Wenn Sie unser Online-Casino zum ersten Mal besuchen, empfehlen wir Ihnen dringend, den Chocospin Login abzuschlie\u00dfen. Dies bietet Ihnen viele Vorteile, darunter die M\u00f6glichkeit, um echtes Geld zu spielen, Ihre Gewinne auszuzahlen und unsere gro\u00dfz\u00fcgigen Boni zu nutzen. Die Registrierung ist f\u00fcr alle Nutzer ab 18 Jahren m\u00f6glich. Eine Person kann [&hellip;]<\/p>\n","protected":false},"author":1,"featured_media":0,"parent":0,"menu_order":0,"comment_status":"closed","ping_status":"closed","template":"template-builder.php","meta":{"_acf_changed":false,"inline_featured_image":false,"footnotes":""},"class_list":["post-1490","page","type-page","status-publish","hentry"],"acf":[],"yoast_head":"<!-- This site is optimized with the Yoast SEO plugin v27.3 - https:\/\/yoast.com\/product\/yoast-seo-wordpress\/ -->\n<title>Chocospin Login und Registrierung<\/title>\n<meta name=\"description\" content=\"Erstellen, verwalten und verifizieren Sie m\u00fchelos Ihr Chocospin Casino-Konto. Genie\u00dfen Sie eine schnelle Registrierung, einfache Kontowiederherstellung und sichere Schlie\u00dfung mit Chocospin Login, wodurch Ihr Konto rund um die Uhr gesch\u00fctzt ist.\" \/>\n<meta name=\"robots\" content=\"index, follow, max-snippet:-1, max-image-preview:large, max-video-preview:-1\" \/>\n<link rel=\"canonical\" href=\"https:\/\/choco-spin.net\/de\/anmeldung-und-registrierung\/\" \/>\n<meta property=\"og:locale\" content=\"de_DE\" \/>\n<meta property=\"og:type\" content=\"article\" \/>\n<meta property=\"og:title\" content=\"Chocospin Login und Registrierung\" \/>\n<meta property=\"og:description\" content=\"Erstellen, verwalten und verifizieren Sie m\u00fchelos Ihr Chocospin Casino-Konto. Genie\u00dfen Sie eine schnelle Registrierung, einfache Kontowiederherstellung und sichere Schlie\u00dfung mit Chocospin Login, wodurch Ihr Konto rund um die Uhr gesch\u00fctzt ist.\" \/>\n<meta property=\"og:url\" content=\"https:\/\/choco-spin.net\/de\/anmeldung-und-registrierung\/\" \/>\n<meta property=\"og:site_name\" content=\"chocospin\" \/>\n<meta property=\"article:modified_time\" content=\"2026-02-23T10:09:12+00:00\" \/>\n<meta name=\"twitter:card\" content=\"summary_large_image\" \/>\n<meta name=\"twitter:label1\" content=\"Gesch\u00e4tzte Lesezeit\" \/>\n\t<meta name=\"twitter:data1\" content=\"1\u00a0Minute\" \/>\n<script type=\"application\/ld+json\" class=\"yoast-schema-graph\">{\"@context\":\"https:\\\/\\\/schema.org\",\"@graph\":[{\"@type\":\"WebPage\",\"@id\":\"https:\\\/\\\/choco-spin.net\\\/de\\\/anmeldung-und-registrierung\\\/\",\"url\":\"https:\\\/\\\/choco-spin.net\\\/de\\\/anmeldung-und-registrierung\\\/\",\"name\":\"Chocospin Login und Registrierung\",\"isPartOf\":{\"@id\":\"https:\\\/\\\/choco-spin.net\\\/de\\\/#website\"},\"datePublished\":\"2026-02-20T14:59:58+00:00\",\"dateModified\":\"2026-02-23T10:09:12+00:00\",\"description\":\"Erstellen, verwalten und verifizieren Sie m\u00fchelos Ihr Chocospin Casino-Konto. Genie\u00dfen Sie eine schnelle Registrierung, einfache Kontowiederherstellung und sichere Schlie\u00dfung mit Chocospin Login, wodurch Ihr Konto rund um die Uhr gesch\u00fctzt ist.\",\"breadcrumb\":{\"@id\":\"https:\\\/\\\/choco-spin.net\\\/de\\\/anmeldung-und-registrierung\\\/#breadcrumb\"},\"inLanguage\":\"de\",\"potentialAction\":[{\"@type\":\"ReadAction\",\"target\":[\"https:\\\/\\\/choco-spin.net\\\/de\\\/anmeldung-und-registrierung\\\/\"]}]},{\"@type\":\"BreadcrumbList\",\"@id\":\"https:\\\/\\\/choco-spin.net\\\/de\\\/anmeldung-und-registrierung\\\/#breadcrumb\",\"itemListElement\":[{\"@type\":\"ListItem\",\"position\":1,\"name\":\"Chocospin\",\"item\":\"https:\\\/\\\/choco-spin.net\\\/de\\\/\"},{\"@type\":\"ListItem\",\"position\":2,\"name\":\"Anmeldung und Registrierung\"}]},{\"@type\":\"WebSite\",\"@id\":\"https:\\\/\\\/choco-spin.net\\\/de\\\/#website\",\"url\":\"https:\\\/\\\/choco-spin.net\\\/de\\\/\",\"name\":\"Chocospin\",\"description\":\"\",\"publisher\":{\"@id\":\"https:\\\/\\\/choco-spin.net\\\/de\\\/#organization\"},\"potentialAction\":[{\"@type\":\"SearchAction\",\"target\":{\"@type\":\"EntryPoint\",\"urlTemplate\":\"https:\\\/\\\/choco-spin.net\\\/de\\\/?s={search_term_string}\"},\"query-input\":{\"@type\":\"PropertyValueSpecification\",\"valueRequired\":true,\"valueName\":\"search_term_string\"}}],\"inLanguage\":\"de\"},{\"@type\":\"Organization\",\"@id\":\"https:\\\/\\\/choco-spin.net\\\/de\\\/#organization\",\"name\":\"Chocospin\",\"url\":\"https:\\\/\\\/choco-spin.net\\\/de\\\/\",\"logo\":{\"@type\":\"ImageObject\",\"inLanguage\":\"de\",\"@id\":\"https:\\\/\\\/choco-spin.net\\\/de\\\/#\\\/schema\\\/logo\\\/image\\\/\",\"url\":\"https:\\\/\\\/choco-spin.net\\\/wp-content\\\/uploads\\\/2025\\\/07\\\/80u1FaquEZeR6OUTeJCc.png\",\"contentUrl\":\"https:\\\/\\\/choco-spin.net\\\/wp-content\\\/uploads\\\/2025\\\/07\\\/80u1FaquEZeR6OUTeJCc.png\",\"width\":123,\"height\":20,\"caption\":\"Chocospin\"},\"image\":{\"@id\":\"https:\\\/\\\/choco-spin.net\\\/de\\\/#\\\/schema\\\/logo\\\/image\\\/\"}}]}<\/script>\n<!-- \/ Yoast SEO plugin. -->","yoast_head_json":{"title":"Chocospin Login und Registrierung","description":"Erstellen, verwalten und verifizieren Sie m\u00fchelos Ihr Chocospin Casino-Konto. Genie\u00dfen Sie eine schnelle Registrierung, einfache Kontowiederherstellung und sichere Schlie\u00dfung mit Chocospin Login, wodurch Ihr Konto rund um die Uhr gesch\u00fctzt ist.","robots":{"index":"index","follow":"follow","max-snippet":"max-snippet:-1","max-image-preview":"max-image-preview:large","max-video-preview":"max-video-preview:-1"},"canonical":"https:\/\/choco-spin.net\/de\/anmeldung-und-registrierung\/","og_locale":"de_DE","og_type":"article","og_title":"Chocospin Login und Registrierung","og_description":"Erstellen, verwalten und verifizieren Sie m\u00fchelos Ihr Chocospin Casino-Konto. Genie\u00dfen Sie eine schnelle Registrierung, einfache Kontowiederherstellung und sichere Schlie\u00dfung mit Chocospin Login, wodurch Ihr Konto rund um die Uhr gesch\u00fctzt ist.","og_url":"https:\/\/choco-spin.net\/de\/anmeldung-und-registrierung\/","og_site_name":"chocospin","article_modified_time":"2026-02-23T10:09:12+00:00","twitter_card":"summary_large_image","twitter_misc":{"Gesch\u00e4tzte Lesezeit":"1\u00a0Minute"},"schema":{"@context":"https:\/\/schema.org","@graph":[{"@type":"WebPage","@id":"https:\/\/choco-spin.net\/de\/anmeldung-und-registrierung\/","url":"https:\/\/choco-spin.net\/de\/anmeldung-und-registrierung\/","name":"Chocospin Login und Registrierung","isPartOf":{"@id":"https:\/\/choco-spin.net\/de\/#website"},"datePublished":"2026-02-20T14:59:58+00:00","dateModified":"2026-02-23T10:09:12+00:00","description":"Erstellen, verwalten und verifizieren Sie m\u00fchelos Ihr Chocospin Casino-Konto. Genie\u00dfen Sie eine schnelle Registrierung, einfache Kontowiederherstellung und sichere Schlie\u00dfung mit Chocospin Login, wodurch Ihr Konto rund um die Uhr gesch\u00fctzt ist.","breadcrumb":{"@id":"https:\/\/choco-spin.net\/de\/anmeldung-und-registrierung\/#breadcrumb"},"inLanguage":"de","potentialAction":[{"@type":"ReadAction","target":["https:\/\/choco-spin.net\/de\/anmeldung-und-registrierung\/"]}]},{"@type":"BreadcrumbList","@id":"https:\/\/choco-spin.net\/de\/anmeldung-und-registrierung\/#breadcrumb","itemListElement":[{"@type":"ListItem","position":1,"name":"Chocospin","item":"https:\/\/choco-spin.net\/de\/"},{"@type":"ListItem","position":2,"name":"Anmeldung und Registrierung"}]},{"@type":"WebSite","@id":"https:\/\/choco-spin.net\/de\/#website","url":"https:\/\/choco-spin.net\/de\/","name":"Chocospin","description":"","publisher":{"@id":"https:\/\/choco-spin.net\/de\/#organization"},"potentialAction":[{"@type":"SearchAction","target":{"@type":"EntryPoint","urlTemplate":"https:\/\/choco-spin.net\/de\/?s={search_term_string}"},"query-input":{"@type":"PropertyValueSpecification","valueRequired":true,"valueName":"search_term_string"}}],"inLanguage":"de"},{"@type":"Organization","@id":"https:\/\/choco-spin.net\/de\/#organization","name":"Chocospin","url":"https:\/\/choco-spin.net\/de\/","logo":{"@type":"ImageObject","inLanguage":"de","@id":"https:\/\/choco-spin.net\/de\/#\/schema\/logo\/image\/","url":"https:\/\/choco-spin.net\/wp-content\/uploads\/2025\/07\/80u1FaquEZeR6OUTeJCc.png","contentUrl":"https:\/\/choco-spin.net\/wp-content\/uploads\/2025\/07\/80u1FaquEZeR6OUTeJCc.png","width":123,"height":20,"caption":"Chocospin"},"image":{"@id":"https:\/\/choco-spin.net\/de\/#\/schema\/logo\/image\/"}}]}},"_links":{"self":[{"href":"https:\/\/choco-spin.net\/de\/wp-json\/wp\/v2\/pages\/1490","targetHints":{"allow":["GET"]}}],"collection":[{"href":"https:\/\/choco-spin.net\/de\/wp-json\/wp\/v2\/pages"}],"about":[{"href":"https:\/\/choco-spin.net\/de\/wp-json\/wp\/v2\/types\/page"}],"author":[{"embeddable":true,"href":"https:\/\/choco-spin.net\/de\/wp-json\/wp\/v2\/users\/1"}],"replies":[{"embeddable":true,"href":"https:\/\/choco-spin.net\/de\/wp-json\/wp\/v2\/comments?post=1490"}],"version-history":[{"count":2,"href":"https:\/\/choco-spin.net\/de\/wp-json\/wp\/v2\/pages\/1490\/revisions"}],"predecessor-version":[{"id":1743,"href":"https:\/\/choco-spin.net\/de\/wp-json\/wp\/v2\/pages\/1490\/revisions\/1743"}],"wp:attachment":[{"href":"https:\/\/choco-spin.net\/de\/wp-json\/wp\/v2\/media?parent=1490"}],"curies":[{"name":"wp","href":"https:\/\/api.w.org\/{rel}","templated":true}]}}