{"id":1445,"date":"2026-02-20T14:53:26","date_gmt":"2026-02-20T14:53:26","guid":{"rendered":"https:\/\/choco-spin.net\/app\/"},"modified":"2026-02-23T12:19:15","modified_gmt":"2026-02-23T12:19:15","slug":"aplicacion","status":"publish","type":"page","link":"https:\/\/choco-spin.net\/es\/aplicacion\/","title":{"rendered":"Aplicaci\u00f3n"},"content":{"rendered":"<h1>Plataforma m\u00f3vil Choco Spin<\/h1>\n<p>Todos nuestros t\u00edtulos, bonificaciones, pagos y otras funciones interesantes tambi\u00e9n est\u00e1n disponibles en la Chocospin App. No est\u00e1s limitado por el dispositivo que utilices. Los usuarios espa\u00f1oles pueden elegir la opci\u00f3n m\u00e1s conveniente en funci\u00f3n de la situaci\u00f3n. Despu\u00e9s de iniciar sesi\u00f3n, todos tus datos personales, saldo y logros se sincronizar\u00e1n. Chocospin Casino es compatible con todos los dispositivos Android e iOS modernos.<\/p>\n<div class=\"banner-wrap\" aria-label=\"Banner\"><img src=\"https:\/\/choco-spin.net\/wp-content\/uploads\/2026\/02\/Chocospin-banner-desktop.webp\" class=\"w-100 d-none d-lg-block img-pc main-banner-img\" alt=\"Chocospin banner desktop\" fetchpriority=\"high\" decoding=\"async\"><img src=\"https:\/\/choco-spin.net\/wp-content\/uploads\/2026\/02\/Chocospin-Banner-mobile.webp\" class=\"w-100 d-none d-md-block d-lg-none main-banner-img\" alt=\"Chocospin Banner mobile\" fetchpriority=\"high\" decoding=\"async\"><img src=\"https:\/\/choco-spin.net\/wp-content\/uploads\/2026\/02\/Chocospin-Banner-mobile.webp\" class=\"w-100 d-md-none\" alt=\"Chocospin Banner mobile\" fetchpriority=\"high\" decoding=\"async\"><div class=\"banner-description\">\n<div class=\"banner-title\">Bonos de bienvenida<\/div>\n<p class=\"banner-header-title\">\u20ac1500<\/p>\n<div class=\"banner-header-AdditionalText\">+ 250 Tiradas gratis<\/div>\n<button data-item=\"homepage_banner_link\" class=\"goto m-button m-gradient-border m-button--primary m-button--large banner-button btn-orange\">\n            <div class=\"m-button-content\">\n                <span>Reg\u00edstrate ahora<\/span>\n                <span><\/span>\n            <\/div>\n        <\/button>\n<\/div>\n<div class=\"WelcomePack\">\n<p><img loading=\"lazy\" decoding=\"async\" class=\"alignnone size-full wp-image-1385\" src=\"https:\/\/choco-spin.net\/wp-content\/uploads\/2026\/02\/welcome-crown.png\" alt=\"welcome crown\" width=\"25\" height=\"26\" \/><\/p>\n<div class=\"WelcomePack-Info\">Reembolso semanal de hasta el 25 %<\/div>\n<p><img loading=\"lazy\" decoding=\"async\" class=\"alignnone size-full wp-image-1385\" src=\"https:\/\/choco-spin.net\/wp-content\/uploads\/2026\/02\/welcome-crown.png\" alt=\"welcome crown\" width=\"25\" height=\"26\" \/><\/p>\n<\/div>\n<\/div>\n<h2>Usar Chocospin en el m\u00f3vil<\/h2>\n<p>Usar Choco Spin en un dispositivo m\u00f3vil es muy c\u00f3modo porque puedes hacerlo en cualquier momento y lugar. Tendr\u00e1s acceso a todas las funciones interesantes que ten\u00edas en el PC. Toda la colecci\u00f3n de juegos, con tragamonedas online, juegos de mesa, opciones de ganancia instant\u00e1nea y casino en vivo, estar\u00e1 disponible en tu tel\u00e9fono o tableta.<\/p>\n<p>Nuestros usuarios pueden elegir entre dos opciones: una versi\u00f3n para navegador m\u00f3vil o la aplicaci\u00f3n dedicada de Chocospin. Ambas te proporcionan una gran experiencia de juego, con una carga r\u00e1pida, funcionalidad optimizada para m\u00f3viles y una jugabilidad fluida.<\/p>\n<p>Como casino online con licencia, seguimos todas las estrictas regulaciones de la industria. En la versi\u00f3n m\u00f3vil de Chocospin Casino, utilizamos cortafuegos de aplicaciones web y un intercambio de claves RSA-2048 seguro para mantener tu cuenta a salvo. Probamos regularmente nuestro software m\u00f3vil para que su instalaci\u00f3n sea totalmente segura.<\/p>\n<p><div class=\"scrollable-content-wrap my-5\"><div class=\"scrollable-content-inner\"><h2>Aplicaci\u00f3n m\u00f3vil Chocospin para Android<\/h2>\n<p>Si tienes un smartphone o una tableta Android, puedes utilizar f\u00e1cilmente nuestra plataforma en tu dispositivo. Para ello, solo tienes que abrir cualquier navegador y visitar nuestra p\u00e1gina. Chocospin se adaptar\u00e1 perfectamente al tama\u00f1o y la resoluci\u00f3n de tu pantalla. No tendr\u00e1s ninguna limitaci\u00f3n en cuanto a funcionalidades o procesos, ya que todo est\u00e1 disponible en el m\u00f3vil.<\/p>\n<p>Tambi\u00e9n hay otra opci\u00f3n para jugar sobre la marcha: la aplicaci\u00f3n Choco Spin para Android. Se trata de una aplicaci\u00f3n web progresiva (PWA) que se puede instalar desde nuestro sitio web. No ocupar\u00e1 mucho espacio en el almacenamiento de tu dispositivo, ya que solo utiliza datos almacenados en cach\u00e9. No se necesitan archivos APK adicionales de Chocospin. Los jugadores pueden seguir nuestras instrucciones de instalaci\u00f3n para configurarlo todo r\u00e1pidamente y sin problemas.<\/p>\n<table>\n<tbody>\n<tr>\n<td>Paso<\/td>\n<td>Detalles<\/td>\n<\/tr>\n<tr>\n<td>Visite el sitio web de Chocospin Casino<\/td>\n<td>Nuestros clientes pueden utilizar cualquier dispositivo Android moderno con el navegador que prefieran<\/td>\n<\/tr>\n<tr>\n<td>Haga clic en el bot\u00f3n \u00abM\u00e1s\u00bb<\/td>\n<td>Lo encontrar\u00e1 en la barra de direcciones en forma de tres puntos<\/td>\n<\/tr>\n<tr>\n<td>Busque la opci\u00f3n para instalar la aplicaci\u00f3n<\/td>\n<td>En la lista, debe hacer clic en la opci\u00f3n \u00abA\u00f1adir a la pantalla de inicio\u00bb<\/td>\n<\/tr>\n<tr>\n<td>Personalice el icono si es necesario.<\/td>\n<td>Los usuarios pueden cambiar el nombre y la apariencia del futuro icono o dejar todo por defecto<\/td>\n<\/tr>\n<tr>\n<td>Coloca el icono en tu pantalla de inicio e inicia sesi\u00f3n<\/td>\n<td>Despu\u00e9s de completar todos los pasos, el icono aparecer\u00e1 en tu pantalla de inicio. Puedes cambiar su ubicaci\u00f3n seg\u00fan tus preferencias<\/td>\n<\/tr>\n<\/tbody>\n<\/table>\n<p><img loading=\"lazy\" decoding=\"async\" src=\"https:\/\/choco-spin.net\/wp-content\/uploads\/2026\/02\/Chocospin-Android-App.webp\" alt=\"Chocospin Android App\" width=\"1248\" height=\"536\" \/><\/p>\n<\/div><\/div><div style=\"clear: both\"><\/div><div class=\"d-flex justify-content-center\"><button data-item=\"decouvrez_link\" data-group=\"website_links\" class=\"goto fw-bold rounded-pill btn btn-orange\" aria-label=\"Descarga la aplicaci\u00f3n Chocospin\" >Descarga la aplicaci\u00f3n Chocospin<\/button><\/div><div class=\"scrollable-content-wrap my-5\"><div class=\"scrollable-content-inner\"><h2>Aplicaci\u00f3n m\u00f3vil Chocospin para iOS<\/h2>\n<p>El proceso de instalaci\u00f3n de la aplicaci\u00f3n Chocospin es tan f\u00e1cil para iOS como para dispositivos Android. No es necesario crear una cuenta en Apple Store ni en ning\u00fan otro sitio web. Puede instalar f\u00e1cilmente el casino m\u00f3vil desde nuestro sitio web. La principal ventaja es que el dise\u00f1o y la navegaci\u00f3n le resultar\u00e1n familiares si ha utilizado la versi\u00f3n de escritorio anteriormente.<\/p>\n<p>Para instalar la aplicaci\u00f3n Chocospin, solo tienes que ir a nuestra p\u00e1gina desde tu iPhone o iPad y hacer clic en el bot\u00f3n \u00abCompartir\u00bb en la parte inferior de la pantalla. Tendr\u00e1s que hacer clic en \u00abA\u00f1adir a la pantalla de inicio\u00bb y el icono de la marca aparecer\u00e1 en tu pantalla.<\/p>\n<p>Si no est\u00e1s listo para instalar algo nuevo, no pasa nada. Los jugadores pueden simplemente visitar nuestra p\u00e1gina en Safari o Google Chrome y disfrutar de sus juegos favoritos sobre la marcha. Choco Spin para dispositivos m\u00f3viles te proporciona acceso al proceso de registro, inicio de sesi\u00f3n, verificaci\u00f3n y pagos.<\/p>\n<p><img loading=\"lazy\" decoding=\"async\" src=\"https:\/\/choco-spin.net\/wp-content\/uploads\/2026\/02\/Chocospin-iOS-App.webp\" alt=\"Choco-spin iOS App\" width=\"1248\" height=\"536\" \/><\/p>\n<\/div><\/div><div style=\"clear: both\"><\/div><div class=\"d-flex justify-content-center\"><button data-item=\"decouvrez_link\" data-group=\"website_links\" class=\"goto fw-bold rounded-pill btn btn-orange\" aria-label=\"Descargar Chocospin\" >Descargar Chocospin<\/button><\/div><div class=\"scrollable-content-wrap my-5\"><div class=\"scrollable-content-inner\"><h2>Aplicaciones para Windows y macOS<\/h2>\n<p>La versi\u00f3n para PC sigue estando disponible para nuestros usuarios. Adem\u00e1s, puedes cambiar de dispositivo en funci\u00f3n de la situaci\u00f3n y tu ubicaci\u00f3n. Es importante que utilices la misma cuenta de Chocospin en todas partes. Solo as\u00ed se sincronizar\u00e1n tus datos.<\/p>\n<p>Para un acceso m\u00e1s r\u00e1pido, todos los navegadores modernos te permiten crear un icono de acceso directo a la p\u00e1gina preferida. Esto tambi\u00e9n funciona para Choco Spin Casino. Este paso te permitir\u00e1 acceder a nuestro casino en l\u00ednea con un solo clic, sin tener que ir al navegador y buscar la p\u00e1gina.<\/p>\n<p>Independientemente del dispositivo que utilices, queremos que tu experiencia sea segura. En la aplicaci\u00f3n Chocospin para iOS, Android y PC se han tomado las siguientes medidas:<\/p>\n<ul>\n<li>Compatibilidad con la autenticaci\u00f3n biom\u00e9trica. Permite el inicio de sesi\u00f3n mediante huella dactilar o reconocimiento facial en dispositivos m\u00f3viles compatibles para una protecci\u00f3n adicional.<\/li>\n<li>Tokenizaci\u00f3n de los datos de pago. Sustituye los datos confidenciales de la tarjeta por tokens seguros para minimizar el riesgo de fraude.<\/li>\n<li>Supervisi\u00f3n de la actividad en tiempo real. Detecta al instante inicios de sesi\u00f3n sospechosos, patrones de apuestas inusuales o transacciones fraudulentas.<\/li>\n<li>Actualizaciones de software seguras. Nuestras actualizaciones PWA se implementan en el lado del servidor, lo que garantiza que los jugadores siempre utilicen la \u00faltima versi\u00f3n protegida sin necesidad de descargas manuales.<\/li>\n<\/ul>\n<p><img loading=\"lazy\" decoding=\"async\" src=\"https:\/\/choco-spin.net\/wp-content\/uploads\/2026\/02\/Chocospin-Desktop.webp\" alt=\"Choco-spin Desktop\" width=\"1248\" height=\"536\" \/><\/p>\n<\/div><\/div><div style=\"clear: both\"><\/div><div class=\"d-flex justify-content-center\"><button data-item=\"decouvrez_link\" data-group=\"website_links\" class=\"goto fw-bold rounded-pill btn btn-orange\" aria-label=\"Descarga la aplicaci\u00f3n Chocospin\" >Descarga la aplicaci\u00f3n Chocospin<\/button><\/div><div class=\"scrollable-content-wrap my-5\"><div class=\"scrollable-content-inner\"><h2>Preguntas frecuentes<\/h2>\n<h3>\u00bfEs necesario crear una cuenta para utilizar la aplicaci\u00f3n Choco Spin?<\/h3>\n<p>Las normas de Chocospin Casino exigen a los usuarios crear una cuenta para utilizar el software m\u00f3vil. No se preocupe, el registro es r\u00e1pido y solo requiere su correo electr\u00f3nico, contrase\u00f1a y c\u00f3digo promocional, si lo tiene.<\/p>\n<h3>\u00bfLa aplicaci\u00f3n Choco Spin Casino ofrece atenci\u00f3n al cliente?<\/h3>\n<p>Nuestro equipo de atenci\u00f3n al cliente est\u00e1 disponible las 24 horas del d\u00eda, los 7 d\u00edas de la semana, tanto en la versi\u00f3n m\u00f3vil como en la de escritorio. Los jugadores pueden ponerse en contacto con nosotros a trav\u00e9s del chat en vivo integrado o por correo electr\u00f3nico. Garantizamos respuestas r\u00e1pidas y profesionales.<\/p>\n<h3>\u00bfC\u00f3mo puedo actualizar la aplicaci\u00f3n Choco Spin Casino?<\/h3>\n<p>Al tratarse de una PWA, se actualiza autom\u00e1ticamente sin que tengas que hacer nada. Siempre avisamos a nuestros clientes de las actualizaciones y cambios en la versi\u00f3n m\u00f3vil.<\/p>\n<\/div><\/div><\/p>\n","protected":false},"excerpt":{"rendered":"<p>Plataforma m\u00f3vil Choco Spin Todos nuestros t\u00edtulos, bonificaciones, pagos y otras funciones interesantes tambi\u00e9n est\u00e1n disponibles en la Chocospin App. No est\u00e1s limitado por el dispositivo que utilices. Los usuarios espa\u00f1oles pueden elegir la opci\u00f3n m\u00e1s conveniente en funci\u00f3n de la situaci\u00f3n. Despu\u00e9s de iniciar sesi\u00f3n, todos tus datos personales, saldo y logros se sincronizar\u00e1n. [&hellip;]<\/p>\n","protected":false},"author":1,"featured_media":0,"parent":0,"menu_order":0,"comment_status":"closed","ping_status":"closed","template":"template-builder.php","meta":{"_acf_changed":false,"inline_featured_image":false,"footnotes":""},"class_list":["post-1445","page","type-page","status-publish","hentry"],"acf":[],"yoast_head":"<!-- This site is optimized with the Yoast SEO plugin v27.3 - https:\/\/yoast.com\/product\/yoast-seo-wordpress\/ -->\n<title>Chocospin App | Plataformas iOS y Android<\/title>\n<meta name=\"description\" content=\"La aplicaci\u00f3n Chocospin ofrece una experiencia de juego fluida en casinos para Android, iOS, Windows y macOS, con cuentas sincronizadas, actualizaciones peri\u00f3dicas y asistencia al cliente integrada para una experiencia sin complicaciones.\" \/>\n<meta name=\"robots\" content=\"index, follow, max-snippet:-1, max-image-preview:large, max-video-preview:-1\" \/>\n<link rel=\"canonical\" href=\"https:\/\/choco-spin.net\/es\/aplicacion\/\" \/>\n<meta property=\"og:locale\" content=\"es_ES\" \/>\n<meta property=\"og:type\" content=\"article\" \/>\n<meta property=\"og:title\" content=\"Chocospin App | Plataformas iOS y Android\" \/>\n<meta property=\"og:description\" content=\"La aplicaci\u00f3n Chocospin ofrece una experiencia de juego fluida en casinos para Android, iOS, Windows y macOS, con cuentas sincronizadas, actualizaciones peri\u00f3dicas y asistencia al cliente integrada para una experiencia sin complicaciones.\" \/>\n<meta property=\"og:url\" content=\"https:\/\/choco-spin.net\/es\/aplicacion\/\" \/>\n<meta property=\"og:site_name\" content=\"chocospin\" \/>\n<meta property=\"article:modified_time\" content=\"2026-02-23T12:19:15+00:00\" \/>\n<meta name=\"twitter:card\" content=\"summary_large_image\" \/>\n<meta name=\"twitter:label1\" content=\"Est. reading time\" \/>\n\t<meta name=\"twitter:data1\" content=\"1 minute\" \/>\n<script type=\"application\/ld+json\" class=\"yoast-schema-graph\">{\"@context\":\"https:\\\/\\\/schema.org\",\"@graph\":[{\"@type\":\"WebPage\",\"@id\":\"https:\\\/\\\/choco-spin.net\\\/es\\\/aplicacion\\\/\",\"url\":\"https:\\\/\\\/choco-spin.net\\\/es\\\/aplicacion\\\/\",\"name\":\"Chocospin App | Plataformas iOS y Android\",\"isPartOf\":{\"@id\":\"https:\\\/\\\/choco-spin.net\\\/es\\\/#website\"},\"datePublished\":\"2026-02-20T14:53:26+00:00\",\"dateModified\":\"2026-02-23T12:19:15+00:00\",\"description\":\"La aplicaci\u00f3n Chocospin ofrece una experiencia de juego fluida en casinos para Android, iOS, Windows y macOS, con cuentas sincronizadas, actualizaciones peri\u00f3dicas y asistencia al cliente integrada para una experiencia sin complicaciones.\",\"breadcrumb\":{\"@id\":\"https:\\\/\\\/choco-spin.net\\\/es\\\/aplicacion\\\/#breadcrumb\"},\"inLanguage\":\"es-ES\",\"potentialAction\":[{\"@type\":\"ReadAction\",\"target\":[\"https:\\\/\\\/choco-spin.net\\\/es\\\/aplicacion\\\/\"]}]},{\"@type\":\"BreadcrumbList\",\"@id\":\"https:\\\/\\\/choco-spin.net\\\/es\\\/aplicacion\\\/#breadcrumb\",\"itemListElement\":[{\"@type\":\"ListItem\",\"position\":1,\"name\":\"Chocospin\",\"item\":\"https:\\\/\\\/choco-spin.net\\\/es\\\/\"},{\"@type\":\"ListItem\",\"position\":2,\"name\":\"Aplicaci\u00f3n\"}]},{\"@type\":\"WebSite\",\"@id\":\"https:\\\/\\\/choco-spin.net\\\/es\\\/#website\",\"url\":\"https:\\\/\\\/choco-spin.net\\\/es\\\/\",\"name\":\"Chocospin\",\"description\":\"\",\"publisher\":{\"@id\":\"https:\\\/\\\/choco-spin.net\\\/es\\\/#organization\"},\"potentialAction\":[{\"@type\":\"SearchAction\",\"target\":{\"@type\":\"EntryPoint\",\"urlTemplate\":\"https:\\\/\\\/choco-spin.net\\\/es\\\/?s={search_term_string}\"},\"query-input\":{\"@type\":\"PropertyValueSpecification\",\"valueRequired\":true,\"valueName\":\"search_term_string\"}}],\"inLanguage\":\"es-ES\"},{\"@type\":\"Organization\",\"@id\":\"https:\\\/\\\/choco-spin.net\\\/es\\\/#organization\",\"name\":\"Chocospin\",\"url\":\"https:\\\/\\\/choco-spin.net\\\/es\\\/\",\"logo\":{\"@type\":\"ImageObject\",\"inLanguage\":\"es-ES\",\"@id\":\"https:\\\/\\\/choco-spin.net\\\/es\\\/#\\\/schema\\\/logo\\\/image\\\/\",\"url\":\"https:\\\/\\\/choco-spin.net\\\/wp-content\\\/uploads\\\/2025\\\/07\\\/80u1FaquEZeR6OUTeJCc.png\",\"contentUrl\":\"https:\\\/\\\/choco-spin.net\\\/wp-content\\\/uploads\\\/2025\\\/07\\\/80u1FaquEZeR6OUTeJCc.png\",\"width\":123,\"height\":20,\"caption\":\"Chocospin\"},\"image\":{\"@id\":\"https:\\\/\\\/choco-spin.net\\\/es\\\/#\\\/schema\\\/logo\\\/image\\\/\"}}]}<\/script>\n<!-- \/ Yoast SEO plugin. -->","yoast_head_json":{"title":"Chocospin App | Plataformas iOS y Android","description":"La aplicaci\u00f3n Chocospin ofrece una experiencia de juego fluida en casinos para Android, iOS, Windows y macOS, con cuentas sincronizadas, actualizaciones peri\u00f3dicas y asistencia al cliente integrada para una experiencia sin complicaciones.","robots":{"index":"index","follow":"follow","max-snippet":"max-snippet:-1","max-image-preview":"max-image-preview:large","max-video-preview":"max-video-preview:-1"},"canonical":"https:\/\/choco-spin.net\/es\/aplicacion\/","og_locale":"es_ES","og_type":"article","og_title":"Chocospin App | Plataformas iOS y Android","og_description":"La aplicaci\u00f3n Chocospin ofrece una experiencia de juego fluida en casinos para Android, iOS, Windows y macOS, con cuentas sincronizadas, actualizaciones peri\u00f3dicas y asistencia al cliente integrada para una experiencia sin complicaciones.","og_url":"https:\/\/choco-spin.net\/es\/aplicacion\/","og_site_name":"chocospin","article_modified_time":"2026-02-23T12:19:15+00:00","twitter_card":"summary_large_image","twitter_misc":{"Est. reading time":"1 minute"},"schema":{"@context":"https:\/\/schema.org","@graph":[{"@type":"WebPage","@id":"https:\/\/choco-spin.net\/es\/aplicacion\/","url":"https:\/\/choco-spin.net\/es\/aplicacion\/","name":"Chocospin App | Plataformas iOS y Android","isPartOf":{"@id":"https:\/\/choco-spin.net\/es\/#website"},"datePublished":"2026-02-20T14:53:26+00:00","dateModified":"2026-02-23T12:19:15+00:00","description":"La aplicaci\u00f3n Chocospin ofrece una experiencia de juego fluida en casinos para Android, iOS, Windows y macOS, con cuentas sincronizadas, actualizaciones peri\u00f3dicas y asistencia al cliente integrada para una experiencia sin complicaciones.","breadcrumb":{"@id":"https:\/\/choco-spin.net\/es\/aplicacion\/#breadcrumb"},"inLanguage":"es-ES","potentialAction":[{"@type":"ReadAction","target":["https:\/\/choco-spin.net\/es\/aplicacion\/"]}]},{"@type":"BreadcrumbList","@id":"https:\/\/choco-spin.net\/es\/aplicacion\/#breadcrumb","itemListElement":[{"@type":"ListItem","position":1,"name":"Chocospin","item":"https:\/\/choco-spin.net\/es\/"},{"@type":"ListItem","position":2,"name":"Aplicaci\u00f3n"}]},{"@type":"WebSite","@id":"https:\/\/choco-spin.net\/es\/#website","url":"https:\/\/choco-spin.net\/es\/","name":"Chocospin","description":"","publisher":{"@id":"https:\/\/choco-spin.net\/es\/#organization"},"potentialAction":[{"@type":"SearchAction","target":{"@type":"EntryPoint","urlTemplate":"https:\/\/choco-spin.net\/es\/?s={search_term_string}"},"query-input":{"@type":"PropertyValueSpecification","valueRequired":true,"valueName":"search_term_string"}}],"inLanguage":"es-ES"},{"@type":"Organization","@id":"https:\/\/choco-spin.net\/es\/#organization","name":"Chocospin","url":"https:\/\/choco-spin.net\/es\/","logo":{"@type":"ImageObject","inLanguage":"es-ES","@id":"https:\/\/choco-spin.net\/es\/#\/schema\/logo\/image\/","url":"https:\/\/choco-spin.net\/wp-content\/uploads\/2025\/07\/80u1FaquEZeR6OUTeJCc.png","contentUrl":"https:\/\/choco-spin.net\/wp-content\/uploads\/2025\/07\/80u1FaquEZeR6OUTeJCc.png","width":123,"height":20,"caption":"Chocospin"},"image":{"@id":"https:\/\/choco-spin.net\/es\/#\/schema\/logo\/image\/"}}]}},"_links":{"self":[{"href":"https:\/\/choco-spin.net\/es\/wp-json\/wp\/v2\/pages\/1445","targetHints":{"allow":["GET"]}}],"collection":[{"href":"https:\/\/choco-spin.net\/es\/wp-json\/wp\/v2\/pages"}],"about":[{"href":"https:\/\/choco-spin.net\/es\/wp-json\/wp\/v2\/types\/page"}],"author":[{"embeddable":true,"href":"https:\/\/choco-spin.net\/es\/wp-json\/wp\/v2\/users\/1"}],"replies":[{"embeddable":true,"href":"https:\/\/choco-spin.net\/es\/wp-json\/wp\/v2\/comments?post=1445"}],"version-history":[{"count":2,"href":"https:\/\/choco-spin.net\/es\/wp-json\/wp\/v2\/pages\/1445\/revisions"}],"predecessor-version":[{"id":2063,"href":"https:\/\/choco-spin.net\/es\/wp-json\/wp\/v2\/pages\/1445\/revisions\/2063"}],"wp:attachment":[{"href":"https:\/\/choco-spin.net\/es\/wp-json\/wp\/v2\/media?parent=1445"}],"curies":[{"name":"wp","href":"https:\/\/api.w.org\/{rel}","templated":true}]}}