{"id":1498,"date":"2026-02-20T14:59:58","date_gmt":"2026-02-20T14:59:58","guid":{"rendered":"https:\/\/choco-spin.net\/login-and-registration\/"},"modified":"2026-02-23T12:21:12","modified_gmt":"2026-02-23T12:21:12","slug":"inicio-de-sesion-y-registro","status":"publish","type":"page","link":"https:\/\/choco-spin.net\/es\/inicio-de-sesion-y-registro\/","title":{"rendered":"Inicio de sesi\u00f3n y Registro"},"content":{"rendered":"<h1>Inicio de sesi\u00f3n y registro en la cuenta de Chocospin<\/h1>\n<p>Si visita nuestro casino online por primera vez, le recomendamos encarecidamente que complete el proceso de Chocospin login. Le ofrecer\u00e1 muchas ventajas, como la oportunidad de jugar con dinero real, retirar sus ganancias y aprovechar nuestros generosos bonos. El registro est\u00e1 permitido para todos los usuarios espa\u00f1oles mayores de 18 a\u00f1os. Cada persona solo puede tener una cuenta en nuestra plataforma.<\/p>\n<p><div class=\"banner-wrap\" aria-label=\"Banner\"><img src=\"https:\/\/choco-spin.net\/wp-content\/uploads\/2026\/02\/Chocospin-banner-desktop.webp\" class=\"w-100 d-none d-lg-block img-pc main-banner-img\" alt=\"Chocospin banner desktop\" fetchpriority=\"high\" decoding=\"async\"><img src=\"https:\/\/choco-spin.net\/wp-content\/uploads\/2026\/02\/Chocospin-Banner-mobile.webp\" class=\"w-100 d-none d-md-block d-lg-none main-banner-img\" alt=\"Chocospin Banner mobile\" fetchpriority=\"high\" decoding=\"async\"><img src=\"https:\/\/choco-spin.net\/wp-content\/uploads\/2026\/02\/Chocospin-Banner-mobile.webp\" class=\"w-100 d-md-none\" alt=\"Chocospin Banner mobile\" fetchpriority=\"high\" decoding=\"async\"><div class=\"banner-description\">\n<div class=\"banner-title\">Bonos de bienvenida<\/div>\n<p class=\"banner-header-title\">\u20ac1500<\/p>\n<div class=\"banner-header-AdditionalText\">+ 250 Tiradas gratis<\/div>\n<button data-item=\"homepage_banner_link\" class=\"goto m-button m-gradient-border m-button--primary m-button--large banner-button btn-orange\">\n            <div class=\"m-button-content\">\n                <span>Reg\u00edstrate ahora<\/span>\n                <span><\/span>\n            <\/div>\n        <\/button>\n<\/div>\n<div class=\"WelcomePack\">\n<p><img loading=\"lazy\" decoding=\"async\" class=\"alignnone size-full wp-image-1385\" src=\"https:\/\/choco-spin.net\/wp-content\/uploads\/2026\/02\/welcome-crown.png\" alt=\"welcome crown\" width=\"25\" height=\"26\" \/><\/p>\n<div class=\"WelcomePack-Info\">Reembolso semanal de hasta el 25 %<\/div>\n<p><img loading=\"lazy\" decoding=\"async\" class=\"alignnone size-full wp-image-1385\" src=\"https:\/\/choco-spin.net\/wp-content\/uploads\/2026\/02\/welcome-crown.png\" alt=\"welcome crown\" width=\"25\" height=\"26\" \/><\/p>\n<\/div>\n<\/div><div class=\"scrollable-content-wrap my-5\"><div class=\"scrollable-content-inner\"><h2>Registro de nuevos usuarios en Choco Spin<\/h2>\n<p>Muchos usuarios no est\u00e1n seguros de si deben crear una cuenta en una nueva plataforma y si es seguro. Le garantizamos que Chocospin Casino utiliza un intercambio de claves seguro y sistemas especiales antibot para mantener sus datos a salvo. Adem\u00e1s, el registro le permite acceder a m\u00e1s de 6.000 t\u00edtulos, incluyendo tragamonedas en l\u00ednea, juegos de mesa y opciones de casino en vivo, as\u00ed como realizar dep\u00f3sitos y retiradas.<\/p>\n<p>Hay algunas reglas que debes conocer antes de iniciar sesi\u00f3n en Chocospin. Solo los jugadores mayores de 18 a\u00f1os pueden crear una cuenta en la plataforma. Proporciona \u00fanicamente tu informaci\u00f3n personal real, ya que tendremos que verificarla durante el proceso de verificaci\u00f3n.<\/p>\n<h3>Crea tu cuenta<\/h3>\n<p>Crear una nueva cuenta en Choco Spin no te llevar\u00e1 m\u00e1s de unos minutos. El proceso es sencillo y no requiere demasiada informaci\u00f3n personal. Si est\u00e1s listo para comenzar tu emocionante viaje con nosotros, sigue las instrucciones que se indican a continuaci\u00f3n:<\/p>\n<ol>\n<li>Los usuarios deben buscar el bot\u00f3n de registro en nuestro sitio web y hacer clic en \u00e9l. Se encuentra en la esquina superior derecha, por lo que no te lo perder\u00e1s.<\/li>\n<li>Introduce tu informaci\u00f3n personal, como tu direcci\u00f3n de correo electr\u00f3nico y contrase\u00f1a. Utilizamos pol\u00edticas de contrase\u00f1as seguras, por lo que te rogamos que incluyas caracteres especiales y letras min\u00fasculas y may\u00fasculas.<\/li>\n<li>Rellene el campo con el c\u00f3digo promocional, si tiene uno. Este paso puede proporcionarle recompensas adicionales en Chocospin Casino desde el principio.<\/li>\n<li>Debe confirmar su edad y aceptar los t\u00e9rminos y condiciones. Los jugadores pueden seguir el enlace para familiarizarse con nuestras reglas.<\/li>\n<li>Despu\u00e9s de comprobar todos los datos introducidos y estar listo para completar el registro, haz clic en el bot\u00f3n \u00abRegistro\u00bb al final de la p\u00e1gina.<\/li>\n<\/ol>\n<p><img loading=\"lazy\" decoding=\"async\" src=\"https:\/\/choco-spin.net\/wp-content\/uploads\/Login-and-Registration-Chocospin.webp\" alt=\"Login and Registration Chocospin\" width=\"1248\" height=\"536\" \/><\/p>\n<h2>Uso de una cuenta de Chocospin<\/h2>\n<p>Para todos nuestros clientes que ya tienen una cuenta, es esencial pasar por el proceso de inicio de sesi\u00f3n en Chocospin. Para ello, solo tiene que recordar la informaci\u00f3n que proporcion\u00f3 durante el registro. Si no puede acceder a su cuenta, es probable que algunos de los datos que introdujo sean incorrectos. Para evitar que su cuenta sea bloqueada debido a una actividad sospechosa de inicio de sesi\u00f3n en Choco Spin, puede ponerse en contacto con nuestro equipo de asistencia.<\/p>\n<p>Una vez que los usuarios acceden a su cuenta, pueden personalizar su experiencia activando ajustes y herramientas especiales. En primer lugar, siempre puede cambiar su informaci\u00f3n personal y de pago de Chocospin Casino. Los jugadores tambi\u00e9n pueden consultar su historial de actividad y, si es necesario, configurar herramientas de juego responsable.<\/p>\n<h3>Verificaci\u00f3n y seguridad de la cuenta de Chocospin Casino<\/h3>\n<p>Chocospin Casino se preocupa mucho por la seguridad de los usuarios. Estamos tomando todas las medidas necesarias para proteger los procesos de nuestro sitio web, pero tambi\u00e9n le pedimos que respete nuestras normas. Para evitar fraudes y ofrecer las mismas oportunidades a todos, pedimos a todos nuestros usuarios que completen la verificaci\u00f3n.<\/p>\n<p>El procedimiento debe realizarse antes del primer retiro. Todo es muy sencillo: debe cargar copias de sus documentos personales en la plataforma y nuestros gerentes de Chocospin los revisar\u00e1n en un plazo de 48 horas.<\/p>\n<h3>\u00bfHa olvidado su contrase\u00f1a?<\/h3>\n<p>Entendemos que pueden darse diferentes situaciones, como que el usuario olvide sus datos de inicio de sesi\u00f3n en Chocospin, incluida la contrase\u00f1a. Pero tenemos una soluci\u00f3n para que puedas restablecerla.<\/p>\n<table>\n<tbody>\n<tr>\n<td>Paso<\/td>\n<td>Detalles<\/td>\n<\/tr>\n<tr>\n<td>Vaya a la p\u00e1gina de inicio de sesi\u00f3n<\/td>\n<td>Haga clic en el bot\u00f3n \u00abIniciar sesi\u00f3n\u00bb situado en la esquina superior derecha de la p\u00e1gina principal<\/td>\n<\/tr>\n<tr>\n<td>Inicie el proceso de restablecimiento de la contrase\u00f1a<\/td>\n<td>Siga el enlace \u00ab\u00bfHa olvidado su contrase\u00f1a?\u00bb del formulario de inicio de sesi\u00f3n<\/td>\n<\/tr>\n<tr>\n<td>Introduce la informaci\u00f3n requerida<\/td>\n<td>Debe proporcionar la direcci\u00f3n de correo electr\u00f3nico asociada a su cuenta<\/td>\n<\/tr>\n<tr>\n<td>Siga el enlace del correo electr\u00f3nico.<\/td>\n<td>Le enviaremos un enlace de restablecimiento donde podr\u00e1 crear una nueva contrase\u00f1a. Esta contrase\u00f1a la utilizar\u00e1 la pr\u00f3xima vez que inicie sesi\u00f3n<\/td>\n<\/tr>\n<\/tbody>\n<\/table>\n<h2>Preguntas frecuentes<\/h2>\n<h3>\u00bfC\u00f3mo completo el proceso de verificaci\u00f3n de la cuenta?<\/h3>\n<p>Es un proceso sencillo. Antes de realizar el primer retiro, se le pedir\u00e1 que proporcione copias de sus documentos personales para demostrar su identidad, domicilio, edad y titularidad de la cuenta de pago. Cuando nuestros gestores lo comprueben todo, se lo comunicar\u00e1n.<\/p>\n<h3>\u00bfC\u00f3mo actualizo mi contrase\u00f1a o mi direcci\u00f3n de correo electr\u00f3nico?<\/h3>\n<p>En Choco Spin Casino, tienes la oportunidad de cambiar o actualizar tus datos personales en cualquier momento. Solo tienes que iniciar sesi\u00f3n en tu cuenta y completar los pasos necesarios.<\/p>\n<h3>\u00bfQu\u00e9 debo hacer si mi cuenta est\u00e1 bloqueada?<\/h3>\n<p>Tu cuenta de Chocospin puede haber sido bloqueada debido a una actividad sospechosa o a una infracci\u00f3n de las normas de nuestra plataforma. Siempre informamos a los clientes sobre esto. Si no has recibido ninguna notificaci\u00f3n, ponte en contacto con nuestro equipo de asistencia multiling\u00fce a trav\u00e9s del chat en vivo.<\/p>\n<\/div><\/div><\/p>\n","protected":false},"excerpt":{"rendered":"<p>Inicio de sesi\u00f3n y registro en la cuenta de Chocospin Si visita nuestro casino online por primera vez, le recomendamos encarecidamente que complete el proceso de Chocospin login. Le ofrecer\u00e1 muchas ventajas, como la oportunidad de jugar con dinero real, retirar sus ganancias y aprovechar nuestros generosos bonos. El registro est\u00e1 permitido para todos los [&hellip;]<\/p>\n","protected":false},"author":1,"featured_media":0,"parent":0,"menu_order":0,"comment_status":"closed","ping_status":"closed","template":"template-builder.php","meta":{"_acf_changed":false,"inline_featured_image":false,"footnotes":""},"class_list":["post-1498","page","type-page","status-publish","hentry"],"acf":[],"yoast_head":"<!-- This site is optimized with the Yoast SEO plugin v27.3 - https:\/\/yoast.com\/product\/yoast-seo-wordpress\/ -->\n<title>Chocospin Inicio de sesi\u00f3n y registro<\/title>\n<meta name=\"description\" content=\"Crea, gestiona y verifica tu cuenta de Chocospin Casino sin esfuerzo. Disfruta de un registro r\u00e1pido, una recuperaci\u00f3n de cuenta sencilla y un cierre seguro con Chocospin Login, que mantiene tu cuenta protegida las 24 horas del d\u00eda.\" \/>\n<meta name=\"robots\" content=\"index, follow, max-snippet:-1, max-image-preview:large, max-video-preview:-1\" \/>\n<link rel=\"canonical\" href=\"https:\/\/choco-spin.net\/es\/inicio-de-sesion-y-registro\/\" \/>\n<meta property=\"og:locale\" content=\"es_ES\" \/>\n<meta property=\"og:type\" content=\"article\" \/>\n<meta property=\"og:title\" content=\"Chocospin Inicio de sesi\u00f3n y registro\" \/>\n<meta property=\"og:description\" content=\"Crea, gestiona y verifica tu cuenta de Chocospin Casino sin esfuerzo. Disfruta de un registro r\u00e1pido, una recuperaci\u00f3n de cuenta sencilla y un cierre seguro con Chocospin Login, que mantiene tu cuenta protegida las 24 horas del d\u00eda.\" \/>\n<meta property=\"og:url\" content=\"https:\/\/choco-spin.net\/es\/inicio-de-sesion-y-registro\/\" \/>\n<meta property=\"og:site_name\" content=\"chocospin\" \/>\n<meta property=\"article:modified_time\" content=\"2026-02-23T12:21:12+00:00\" \/>\n<meta name=\"twitter:card\" content=\"summary_large_image\" \/>\n<meta name=\"twitter:label1\" content=\"Est. reading time\" \/>\n\t<meta name=\"twitter:data1\" content=\"1 minute\" \/>\n<script type=\"application\/ld+json\" class=\"yoast-schema-graph\">{\"@context\":\"https:\\\/\\\/schema.org\",\"@graph\":[{\"@type\":\"WebPage\",\"@id\":\"https:\\\/\\\/choco-spin.net\\\/es\\\/inicio-de-sesion-y-registro\\\/\",\"url\":\"https:\\\/\\\/choco-spin.net\\\/es\\\/inicio-de-sesion-y-registro\\\/\",\"name\":\"Chocospin Inicio de sesi\u00f3n y registro\",\"isPartOf\":{\"@id\":\"https:\\\/\\\/choco-spin.net\\\/es\\\/#website\"},\"datePublished\":\"2026-02-20T14:59:58+00:00\",\"dateModified\":\"2026-02-23T12:21:12+00:00\",\"description\":\"Crea, gestiona y verifica tu cuenta de Chocospin Casino sin esfuerzo. Disfruta de un registro r\u00e1pido, una recuperaci\u00f3n de cuenta sencilla y un cierre seguro con Chocospin Login, que mantiene tu cuenta protegida las 24 horas del d\u00eda.\",\"breadcrumb\":{\"@id\":\"https:\\\/\\\/choco-spin.net\\\/es\\\/inicio-de-sesion-y-registro\\\/#breadcrumb\"},\"inLanguage\":\"es-ES\",\"potentialAction\":[{\"@type\":\"ReadAction\",\"target\":[\"https:\\\/\\\/choco-spin.net\\\/es\\\/inicio-de-sesion-y-registro\\\/\"]}]},{\"@type\":\"BreadcrumbList\",\"@id\":\"https:\\\/\\\/choco-spin.net\\\/es\\\/inicio-de-sesion-y-registro\\\/#breadcrumb\",\"itemListElement\":[{\"@type\":\"ListItem\",\"position\":1,\"name\":\"Chocospin\",\"item\":\"https:\\\/\\\/choco-spin.net\\\/es\\\/\"},{\"@type\":\"ListItem\",\"position\":2,\"name\":\"Inicio de sesi\u00f3n y Registro\"}]},{\"@type\":\"WebSite\",\"@id\":\"https:\\\/\\\/choco-spin.net\\\/es\\\/#website\",\"url\":\"https:\\\/\\\/choco-spin.net\\\/es\\\/\",\"name\":\"Chocospin\",\"description\":\"\",\"publisher\":{\"@id\":\"https:\\\/\\\/choco-spin.net\\\/es\\\/#organization\"},\"potentialAction\":[{\"@type\":\"SearchAction\",\"target\":{\"@type\":\"EntryPoint\",\"urlTemplate\":\"https:\\\/\\\/choco-spin.net\\\/es\\\/?s={search_term_string}\"},\"query-input\":{\"@type\":\"PropertyValueSpecification\",\"valueRequired\":true,\"valueName\":\"search_term_string\"}}],\"inLanguage\":\"es-ES\"},{\"@type\":\"Organization\",\"@id\":\"https:\\\/\\\/choco-spin.net\\\/es\\\/#organization\",\"name\":\"Chocospin\",\"url\":\"https:\\\/\\\/choco-spin.net\\\/es\\\/\",\"logo\":{\"@type\":\"ImageObject\",\"inLanguage\":\"es-ES\",\"@id\":\"https:\\\/\\\/choco-spin.net\\\/es\\\/#\\\/schema\\\/logo\\\/image\\\/\",\"url\":\"https:\\\/\\\/choco-spin.net\\\/wp-content\\\/uploads\\\/2025\\\/07\\\/80u1FaquEZeR6OUTeJCc.png\",\"contentUrl\":\"https:\\\/\\\/choco-spin.net\\\/wp-content\\\/uploads\\\/2025\\\/07\\\/80u1FaquEZeR6OUTeJCc.png\",\"width\":123,\"height\":20,\"caption\":\"Chocospin\"},\"image\":{\"@id\":\"https:\\\/\\\/choco-spin.net\\\/es\\\/#\\\/schema\\\/logo\\\/image\\\/\"}}]}<\/script>\n<!-- \/ Yoast SEO plugin. -->","yoast_head_json":{"title":"Chocospin Inicio de sesi\u00f3n y registro","description":"Crea, gestiona y verifica tu cuenta de Chocospin Casino sin esfuerzo. Disfruta de un registro r\u00e1pido, una recuperaci\u00f3n de cuenta sencilla y un cierre seguro con Chocospin Login, que mantiene tu cuenta protegida las 24 horas del d\u00eda.","robots":{"index":"index","follow":"follow","max-snippet":"max-snippet:-1","max-image-preview":"max-image-preview:large","max-video-preview":"max-video-preview:-1"},"canonical":"https:\/\/choco-spin.net\/es\/inicio-de-sesion-y-registro\/","og_locale":"es_ES","og_type":"article","og_title":"Chocospin Inicio de sesi\u00f3n y registro","og_description":"Crea, gestiona y verifica tu cuenta de Chocospin Casino sin esfuerzo. Disfruta de un registro r\u00e1pido, una recuperaci\u00f3n de cuenta sencilla y un cierre seguro con Chocospin Login, que mantiene tu cuenta protegida las 24 horas del d\u00eda.","og_url":"https:\/\/choco-spin.net\/es\/inicio-de-sesion-y-registro\/","og_site_name":"chocospin","article_modified_time":"2026-02-23T12:21:12+00:00","twitter_card":"summary_large_image","twitter_misc":{"Est. reading time":"1 minute"},"schema":{"@context":"https:\/\/schema.org","@graph":[{"@type":"WebPage","@id":"https:\/\/choco-spin.net\/es\/inicio-de-sesion-y-registro\/","url":"https:\/\/choco-spin.net\/es\/inicio-de-sesion-y-registro\/","name":"Chocospin Inicio de sesi\u00f3n y registro","isPartOf":{"@id":"https:\/\/choco-spin.net\/es\/#website"},"datePublished":"2026-02-20T14:59:58+00:00","dateModified":"2026-02-23T12:21:12+00:00","description":"Crea, gestiona y verifica tu cuenta de Chocospin Casino sin esfuerzo. Disfruta de un registro r\u00e1pido, una recuperaci\u00f3n de cuenta sencilla y un cierre seguro con Chocospin Login, que mantiene tu cuenta protegida las 24 horas del d\u00eda.","breadcrumb":{"@id":"https:\/\/choco-spin.net\/es\/inicio-de-sesion-y-registro\/#breadcrumb"},"inLanguage":"es-ES","potentialAction":[{"@type":"ReadAction","target":["https:\/\/choco-spin.net\/es\/inicio-de-sesion-y-registro\/"]}]},{"@type":"BreadcrumbList","@id":"https:\/\/choco-spin.net\/es\/inicio-de-sesion-y-registro\/#breadcrumb","itemListElement":[{"@type":"ListItem","position":1,"name":"Chocospin","item":"https:\/\/choco-spin.net\/es\/"},{"@type":"ListItem","position":2,"name":"Inicio de sesi\u00f3n y Registro"}]},{"@type":"WebSite","@id":"https:\/\/choco-spin.net\/es\/#website","url":"https:\/\/choco-spin.net\/es\/","name":"Chocospin","description":"","publisher":{"@id":"https:\/\/choco-spin.net\/es\/#organization"},"potentialAction":[{"@type":"SearchAction","target":{"@type":"EntryPoint","urlTemplate":"https:\/\/choco-spin.net\/es\/?s={search_term_string}"},"query-input":{"@type":"PropertyValueSpecification","valueRequired":true,"valueName":"search_term_string"}}],"inLanguage":"es-ES"},{"@type":"Organization","@id":"https:\/\/choco-spin.net\/es\/#organization","name":"Chocospin","url":"https:\/\/choco-spin.net\/es\/","logo":{"@type":"ImageObject","inLanguage":"es-ES","@id":"https:\/\/choco-spin.net\/es\/#\/schema\/logo\/image\/","url":"https:\/\/choco-spin.net\/wp-content\/uploads\/2025\/07\/80u1FaquEZeR6OUTeJCc.png","contentUrl":"https:\/\/choco-spin.net\/wp-content\/uploads\/2025\/07\/80u1FaquEZeR6OUTeJCc.png","width":123,"height":20,"caption":"Chocospin"},"image":{"@id":"https:\/\/choco-spin.net\/es\/#\/schema\/logo\/image\/"}}]}},"_links":{"self":[{"href":"https:\/\/choco-spin.net\/es\/wp-json\/wp\/v2\/pages\/1498","targetHints":{"allow":["GET"]}}],"collection":[{"href":"https:\/\/choco-spin.net\/es\/wp-json\/wp\/v2\/pages"}],"about":[{"href":"https:\/\/choco-spin.net\/es\/wp-json\/wp\/v2\/types\/page"}],"author":[{"embeddable":true,"href":"https:\/\/choco-spin.net\/es\/wp-json\/wp\/v2\/users\/1"}],"replies":[{"embeddable":true,"href":"https:\/\/choco-spin.net\/es\/wp-json\/wp\/v2\/comments?post=1498"}],"version-history":[{"count":2,"href":"https:\/\/choco-spin.net\/es\/wp-json\/wp\/v2\/pages\/1498\/revisions"}],"predecessor-version":[{"id":2065,"href":"https:\/\/choco-spin.net\/es\/wp-json\/wp\/v2\/pages\/1498\/revisions\/2065"}],"wp:attachment":[{"href":"https:\/\/choco-spin.net\/es\/wp-json\/wp\/v2\/media?parent=1498"}],"curies":[{"name":"wp","href":"https:\/\/api.w.org\/{rel}","templated":true}]}}