{"id":1435,"date":"2026-02-20T14:53:26","date_gmt":"2026-02-20T14:53:26","guid":{"rendered":"https:\/\/choco-spin.net\/app\/"},"modified":"2026-02-23T09:31:09","modified_gmt":"2026-02-23T09:31:09","slug":"app","status":"publish","type":"page","link":"https:\/\/choco-spin.net\/fr\/app\/","title":{"rendered":"App"},"content":{"rendered":"<h1>Plateforme mobile Choco Spin<\/h1>\n<p>Tous nos titres, bonus, paiements et autres fonctionnalit\u00e9s int\u00e9ressantes sont \u00e9galement disponibles dans Chocospin App. Vous n&rsquo;\u00eates pas limit\u00e9 par l&rsquo;appareil que vous utilisez. Les utilisateurs peuvent choisir l&rsquo;option la plus pratique en fonction de la situation. Apr\u00e8s vous \u00eatre connect\u00e9, toutes vos donn\u00e9es personnelles, votre solde et vos r\u00e9sultats seront synchronis\u00e9s. Chocospin Casino est compatible avec tous les appareils Android et iOS modernes.<\/p>\n<div class=\"banner-wrap\" aria-label=\"Banner\"><img src=\"https:\/\/choco-spin.net\/wp-content\/uploads\/2026\/02\/Chocospin-banner-desktop.webp\" class=\"w-100 d-none d-lg-block img-pc main-banner-img\" alt=\"Chocospin banner desktop\" fetchpriority=\"high\" decoding=\"async\"><img src=\"https:\/\/choco-spin.net\/wp-content\/uploads\/2026\/02\/Chocospin-Banner-mobile.webp\" class=\"w-100 d-none d-md-block d-lg-none main-banner-img\" alt=\"Chocospin Banner mobile\" fetchpriority=\"high\" decoding=\"async\"><img src=\"https:\/\/choco-spin.net\/wp-content\/uploads\/2026\/02\/Chocospin-Banner-mobile.webp\" class=\"w-100 d-md-none\" alt=\"Chocospin Banner mobile\" fetchpriority=\"high\" decoding=\"async\"><div class=\"banner-description\">\n<div class=\"banner-title\">Bonus de bienvenue<\/div>\n<p class=\"banner-header-title\">\u20ac1500<\/p>\n<div class=\"banner-header-AdditionalText\">+ 250 Tours gratuits<\/div>\n<button data-item=\"homepage_banner_link\" class=\"goto m-button m-gradient-border m-button--primary m-button--large banner-button btn-orange\">\n            <div class=\"m-button-content\">\n                <span>Inscrivez-vous d\u00e8s maintenant<\/span>\n                <span><\/span>\n            <\/div>\n        <\/button>\n<\/div>\n<div class=\"WelcomePack\">\n<p><img loading=\"lazy\" decoding=\"async\" class=\"alignnone size-full wp-image-1385\" src=\"https:\/\/choco-spin.net\/wp-content\/uploads\/2026\/02\/welcome-crown.png\" alt=\"welcome crown\" width=\"25\" height=\"26\" \/><\/p>\n<div class=\"WelcomePack-Info\">Cashback hebdomadaire jusqu&rsquo;\u00e0 25 %<\/div>\n<p><img loading=\"lazy\" decoding=\"async\" class=\"alignnone size-full wp-image-1385\" src=\"https:\/\/choco-spin.net\/wp-content\/uploads\/2026\/02\/welcome-crown.png\" alt=\"welcome crown\" width=\"25\" height=\"26\" \/><\/p>\n<\/div>\n<\/div>\n<h2>Utilisation de Chocospin sur mobile<\/h2>\n<p>L&rsquo;utilisation de Choco Spin sur un appareil mobile est tr\u00e8s pratique, car vous pouvez le faire \u00e0 tout moment, o\u00f9 que vous soyez. Vous avez acc\u00e8s \u00e0 toutes les fonctionnalit\u00e9s int\u00e9ressantes dont vous disposiez sur PC. L&rsquo;ensemble de la collection de jeux, avec des machines \u00e0 sous en ligne, des jeux de table, des options de gains instantan\u00e9s et un casino en direct, sera disponible sur votre t\u00e9l\u00e9phone ou votre tablette.<\/p>\n<p>Nos utilisateurs ont le choix entre deux options : une version mobile pour navigateur ou l&rsquo;application d\u00e9di\u00e9e Chocospin. Les deux vous offrent une excellente exp\u00e9rience de jeu, avec un chargement rapide, des fonctionnalit\u00e9s optimis\u00e9es pour les mobiles et un gameplay fluide.<\/p>\n<p>En tant que casino en ligne agr\u00e9\u00e9, nous respectons toutes les r\u00e9glementations strictes du secteur. Dans la version mobile de Chocospin Casino, nous utilisons des pare-feu d&rsquo;application web et un \u00e9change de cl\u00e9s RSA-2048 s\u00e9curis\u00e9 pour prot\u00e9ger votre compte. Nous testons r\u00e9guli\u00e8rement notre logiciel mobile afin de garantir la s\u00e9curit\u00e9 de son installation.<\/p>\n<p><div class=\"scrollable-content-wrap my-5\"><div class=\"scrollable-content-inner\"><h2>Application mobile Chocospin pour Android<\/h2>\n<p>Si vous poss\u00e9dez un smartphone ou une tablette Android, vous pouvez facilement utiliser notre plateforme sur votre appareil. Pour cela, rendez-vous simplement sur votre navigateur pr\u00e9f\u00e9r\u00e9 et visitez notre page. Chocospin s&rsquo;adaptera parfaitement \u00e0 la taille et \u00e0 la r\u00e9solution de votre \u00e9cran. Vous ne serez limit\u00e9 dans aucune fonctionnalit\u00e9 ou processus, car tout est disponible sur mobile.<\/p>\n<p>Il existe \u00e9galement une autre option pour jouer en d\u00e9placement : l&rsquo;application Choco Spin pour Android. Il s&rsquo;agit d&rsquo;une application web progressive (PWA) qui peut \u00eatre install\u00e9e \u00e0 partir de notre site web. Elle ne prendra pas beaucoup de place sur votre appareil, car elle n&rsquo;utilise que des donn\u00e9es mises en cache. Aucun fichier APK Chocospin suppl\u00e9mentaire n&rsquo;est n\u00e9cessaire. Les joueurs peuvent suivre nos instructions d&rsquo;installation pour tout configurer rapidement et sans probl\u00e8me.<\/p>\n<table>\n<tbody>\n<tr>\n<td>\u00c9tape<\/td>\n<td>D\u00e9tails<\/td>\n<\/tr>\n<tr>\n<td>Visitez le site web du casino Chocospin<\/td>\n<td>Nos clients peuvent utiliser n&rsquo;importe quel appareil Android moderne avec le navigateur de leur choix<\/td>\n<\/tr>\n<tr>\n<td>Cliquez sur le bouton \u00ab Plus \u00bb<\/td>\n<td>Vous le trouverez dans la barre d&rsquo;adresse sous la forme de trois points<\/td>\n<\/tr>\n<tr>\n<td>Recherchez l&rsquo;option permettant d&rsquo;installer l&rsquo;application<\/td>\n<td>Dans la liste, vous devez cliquer sur l&rsquo;option \u00ab Ajouter \u00e0 l&rsquo;\u00e9cran d&rsquo;accueil \u00bb<\/td>\n<\/tr>\n<tr>\n<td>Personnalisez l&rsquo;ic\u00f4ne si n\u00e9cessaire<\/td>\n<td>Les utilisateurs peuvent modifier le nom et l&rsquo;apparence de la future ic\u00f4ne ou laisser tout par d\u00e9faut<\/td>\n<\/tr>\n<tr>\n<td>Placez l&rsquo;ic\u00f4ne sur votre \u00e9cran d&rsquo;accueil et connectez-vous<\/td>\n<td>Une fois toutes les \u00e9tapes termin\u00e9es, l&rsquo;ic\u00f4ne appara\u00eetra sur votre \u00e9cran d&rsquo;accueil. Vous pouvez modifier son emplacement selon vos pr\u00e9f\u00e9rences<\/td>\n<\/tr>\n<\/tbody>\n<\/table>\n<p><img loading=\"lazy\" decoding=\"async\" class=\"alignnone size-full wp-image-1436\" src=\"https:\/\/choco-spin.net\/wp-content\/uploads\/2026\/02\/Chocospin-Android-App.webp\" alt=\"\" width=\"1248\" height=\"536\" srcset=\"https:\/\/choco-spin.net\/wp-content\/uploads\/2026\/02\/Chocospin-Android-App.webp 1248w, https:\/\/choco-spin.net\/wp-content\/uploads\/2026\/02\/Chocospin-Android-App-300x129.webp 300w, https:\/\/choco-spin.net\/wp-content\/uploads\/2026\/02\/Chocospin-Android-App-1024x440.webp 1024w, https:\/\/choco-spin.net\/wp-content\/uploads\/2026\/02\/Chocospin-Android-App-768x330.webp 768w\" sizes=\"auto, (max-width: 1248px) 100vw, 1248px\" \/><\/p>\n<\/div><\/div><div style=\"clear: both\"><\/div><div class=\"d-flex justify-content-center\"><button data-item=\"decouvrez_link\" data-group=\"website_links\" class=\"goto fw-bold rounded-pill btn btn-orange\" aria-label=\"T\u00e9l\u00e9chargez l&#039;application Chocospin\" >T\u00e9l\u00e9chargez l&#039;application Chocospin<\/button><\/div><div class=\"scrollable-content-wrap my-5\"><div class=\"scrollable-content-inner\"><h2>Application mobile Chocospin pour iOS<\/h2>\n<p>Le processus d&rsquo;installation de l&rsquo;application Chocospin est aussi simple pour les appareils iOS que pour les appareils Android. Vous n&rsquo;avez pas besoin de cr\u00e9er un compte sur l&rsquo;Apple Store ou sur d&rsquo;autres sites web. Vous pouvez facilement installer le casino mobile depuis notre site web. Le principal avantage est que le design et la navigation vous seront familiers si vous avez d\u00e9j\u00e0 utilis\u00e9 la version pour ordinateur.<\/p>\n<p>Pour installer l&rsquo;application Chocospin, il vous suffit de vous rendre sur notre page depuis votre iPhone ou votre iPad et de cliquer sur le bouton \u00ab Partager \u00bb en bas de votre \u00e9cran. Vous devrez cliquer sur \u00ab Ajouter \u00e0 l&rsquo;\u00e9cran d&rsquo;accueil \u00bb et l&rsquo;ic\u00f4ne de la marque appara\u00eetra sur votre \u00e9cran.<\/p>\n<p>Si vous n&rsquo;\u00eates pas pr\u00eat \u00e0 installer quelque chose de nouveau, ce n&rsquo;est pas grave. Les joueurs peuvent simplement visiter notre page dans Safari ou Google Chrome et profiter de leurs jeux pr\u00e9f\u00e9r\u00e9s o\u00f9 qu&rsquo;ils soient. Choco Spin pour appareils mobiles vous donne acc\u00e8s \u00e0 l&rsquo;inscription, \u00e0 la connexion, au processus de v\u00e9rification et aux paiements.<\/p>\n<p><img loading=\"lazy\" decoding=\"async\" src=\"https:\/\/choco-spin.net\/wp-content\/uploads\/2026\/02\/Chocospin-iOS-App.webp\" alt=\"Chocospin iOS App\" width=\"1248\" height=\"536\" \/><\/p>\n<\/div><\/div><div style=\"clear: both\"><\/div><div class=\"d-flex justify-content-center\"><button data-item=\"decouvrez_link\" data-group=\"website_links\" class=\"goto fw-bold rounded-pill btn btn-orange\" aria-label=\"T\u00e9l\u00e9charger Chocospin\" >T\u00e9l\u00e9charger Chocospin<\/button><\/div><div class=\"scrollable-content-wrap my-5\"><div class=\"scrollable-content-inner\"><h2>Applications Windows et macOS<\/h2>\n<p>La version PC est toujours disponible pour nos utilisateurs. De plus, vous pouvez changer d&rsquo;appareil en fonction de la situation et de votre emplacement. Il est important que vous utilisiez le m\u00eame compte Chocospin partout. Ce n&rsquo;est que dans ce cas que vos donn\u00e9es seront synchronis\u00e9es.<\/p>\n<p>Pour un acc\u00e8s plus rapide, tous les navigateurs modernes vous permettent de cr\u00e9er une ic\u00f4ne de raccourci vers la page de votre choix. Cela fonctionne \u00e9galement pour Choco Spin Casino. Cette \u00e9tape vous permettra d&rsquo;acc\u00e9der \u00e0 notre casino en ligne en un seul clic, sans avoir \u00e0 passer par un navigateur et \u00e0 rechercher la page.<\/p>\n<p>Quel que soit l&rsquo;appareil que vous utilisez, nous voulons assurer la s\u00e9curit\u00e9 de votre exp\u00e9rience. Les mesures suivantes sont prises dans l&rsquo;application Chocospin pour iOS, Android et PC :<\/p>\n<ul>\n<li>Prise en charge de l&rsquo;authentification biom\u00e9trique. Permet la connexion par empreinte digitale ou reconnaissance faciale sur les appareils mobiles compatibles pour une protection suppl\u00e9mentaire.<\/li>\n<li>Tokenisation des donn\u00e9es de paiement. Remplace les informations sensibles de la carte par des jetons s\u00e9curis\u00e9s afin de minimiser le risque de fraude.<\/li>\n<li>Surveillance des activit\u00e9s en temps r\u00e9el. D\u00e9tecte instantan\u00e9ment les connexions suspectes, les sch\u00e9mas de paris inhabituels ou les transactions frauduleuses.<\/li>\n<li>Mises \u00e0 jour logicielles s\u00e9curis\u00e9es. Nos mises \u00e0 jour PWA sont d\u00e9ploy\u00e9es c\u00f4t\u00e9 serveur, ce qui garantit que les joueurs utilisent toujours la derni\u00e8re version prot\u00e9g\u00e9e sans t\u00e9l\u00e9chargement manuel.<\/li>\n<\/ul>\n<p><img loading=\"lazy\" decoding=\"async\" src=\"https:\/\/choco-spin.net\/wp-content\/uploads\/2026\/02\/Chocospin-Desktop.webp\" alt=\"Chocospin Desktop\" width=\"1248\" height=\"536\" \/><\/p>\n<\/div><\/div><div style=\"clear: both\"><\/div><div class=\"d-flex justify-content-center\"><button data-item=\"decouvrez_link\" data-group=\"website_links\" class=\"goto fw-bold rounded-pill btn btn-orange\" aria-label=\"T\u00e9l\u00e9chargez l&#039;application Chocospin\" >T\u00e9l\u00e9chargez l&#039;application Chocospin<\/button><\/div><div class=\"scrollable-content-wrap my-5\"><div class=\"scrollable-content-inner\"><h2>FAQ<\/h2>\n<h3>Faut-il cr\u00e9er un compte pour utiliser l&rsquo;application Choco Spin ?<\/h3>\n<p>Les r\u00e8gles du casino Chocospin exigent que les utilisateurs cr\u00e9ent un compte pour utiliser le logiciel mobile. Pas d&rsquo;inqui\u00e9tude, l&rsquo;inscription est rapide et ne n\u00e9cessite que votre adresse e-mail, votre mot de passe et votre code promotionnel, si vous en avez un.<\/p>\n<h3>L&rsquo;application Choco Spin Casino offre-t-elle un service client ?<\/h3>\n<p>Notre \u00e9quipe d&rsquo;assistance est \u00e0 votre disposition 24 heures sur 24, 7 jours sur 7, sur les versions mobile et bureau. Les joueurs peuvent nous contacter via le chat en direct int\u00e9gr\u00e9 ou par e-mail. Nous garantissons des r\u00e9ponses rapides et professionnelles.<\/p>\n<h3>Comment mettre \u00e0 jour l&rsquo;application Choco Spin Casino ?<\/h3>\n<p>En tant que PWA, elle se met \u00e0 jour automatiquement sans aucune action suppl\u00e9mentaire de votre part. Nous informons toujours nos clients des mises \u00e0 jour et des modifications apport\u00e9es \u00e0 la version mobile.<\/p>\n<\/div><\/div><\/p>\n","protected":false},"excerpt":{"rendered":"<p>Plateforme mobile Choco Spin Tous nos titres, bonus, paiements et autres fonctionnalit\u00e9s int\u00e9ressantes sont \u00e9galement disponibles dans Chocospin App. Vous n&rsquo;\u00eates pas limit\u00e9 par l&rsquo;appareil que vous utilisez. Les utilisateurs peuvent choisir l&rsquo;option la plus pratique en fonction de la situation. Apr\u00e8s vous \u00eatre connect\u00e9, toutes vos donn\u00e9es personnelles, votre solde et vos r\u00e9sultats seront [&hellip;]<\/p>\n","protected":false},"author":1,"featured_media":0,"parent":0,"menu_order":0,"comment_status":"closed","ping_status":"closed","template":"template-builder.php","meta":{"_acf_changed":false,"inline_featured_image":false,"footnotes":""},"class_list":["post-1435","page","type-page","status-publish","hentry"],"acf":[],"yoast_head":"<!-- This site is optimized with the Yoast SEO plugin v27.3 - https:\/\/yoast.com\/product\/yoast-seo-wordpress\/ -->\n<title>Chocospin App | Plateformes iOS et Android<\/title>\n<meta name=\"description\" content=\"L&#039;application Chocospin offre une exp\u00e9rience de jeu fluide sur Android, iOS, Windows et macOS, avec des comptes synchronis\u00e9s, des mises \u00e0 jour r\u00e9guli\u00e8res et un service client int\u00e9gr\u00e9 pour une exp\u00e9rience sans souci.\" \/>\n<meta name=\"robots\" content=\"index, follow, max-snippet:-1, max-image-preview:large, max-video-preview:-1\" \/>\n<link rel=\"canonical\" href=\"https:\/\/choco-spin.net\/fr\/app\/\" \/>\n<meta property=\"og:locale\" content=\"fr_FR\" \/>\n<meta property=\"og:type\" content=\"article\" \/>\n<meta property=\"og:title\" content=\"Chocospin App | Plateformes iOS et Android\" \/>\n<meta property=\"og:description\" content=\"L&#039;application Chocospin offre une exp\u00e9rience de jeu fluide sur Android, iOS, Windows et macOS, avec des comptes synchronis\u00e9s, des mises \u00e0 jour r\u00e9guli\u00e8res et un service client int\u00e9gr\u00e9 pour une exp\u00e9rience sans souci.\" \/>\n<meta property=\"og:url\" content=\"https:\/\/choco-spin.net\/fr\/app\/\" \/>\n<meta property=\"og:site_name\" content=\"chocospin\" \/>\n<meta property=\"article:modified_time\" content=\"2026-02-23T09:31:09+00:00\" \/>\n<meta name=\"twitter:card\" content=\"summary_large_image\" \/>\n<meta name=\"twitter:label1\" content=\"Dur\u00e9e de lecture estim\u00e9e\" \/>\n\t<meta name=\"twitter:data1\" content=\"2 minutes\" \/>\n<script type=\"application\/ld+json\" class=\"yoast-schema-graph\">{\"@context\":\"https:\\\/\\\/schema.org\",\"@graph\":[{\"@type\":\"WebPage\",\"@id\":\"https:\\\/\\\/choco-spin.net\\\/fr\\\/app\\\/\",\"url\":\"https:\\\/\\\/choco-spin.net\\\/fr\\\/app\\\/\",\"name\":\"Chocospin App | Plateformes iOS et Android\",\"isPartOf\":{\"@id\":\"https:\\\/\\\/choco-spin.net\\\/fr\\\/#website\"},\"datePublished\":\"2026-02-20T14:53:26+00:00\",\"dateModified\":\"2026-02-23T09:31:09+00:00\",\"description\":\"L'application Chocospin offre une exp\u00e9rience de jeu fluide sur Android, iOS, Windows et macOS, avec des comptes synchronis\u00e9s, des mises \u00e0 jour r\u00e9guli\u00e8res et un service client int\u00e9gr\u00e9 pour une exp\u00e9rience sans souci.\",\"breadcrumb\":{\"@id\":\"https:\\\/\\\/choco-spin.net\\\/fr\\\/app\\\/#breadcrumb\"},\"inLanguage\":\"fr-FR\",\"potentialAction\":[{\"@type\":\"ReadAction\",\"target\":[\"https:\\\/\\\/choco-spin.net\\\/fr\\\/app\\\/\"]}]},{\"@type\":\"BreadcrumbList\",\"@id\":\"https:\\\/\\\/choco-spin.net\\\/fr\\\/app\\\/#breadcrumb\",\"itemListElement\":[{\"@type\":\"ListItem\",\"position\":1,\"name\":\"Chocospin\",\"item\":\"https:\\\/\\\/choco-spin.net\\\/fr\\\/\"},{\"@type\":\"ListItem\",\"position\":2,\"name\":\"App\"}]},{\"@type\":\"WebSite\",\"@id\":\"https:\\\/\\\/choco-spin.net\\\/fr\\\/#website\",\"url\":\"https:\\\/\\\/choco-spin.net\\\/fr\\\/\",\"name\":\"Chocospin\",\"description\":\"\",\"publisher\":{\"@id\":\"https:\\\/\\\/choco-spin.net\\\/fr\\\/#organization\"},\"potentialAction\":[{\"@type\":\"SearchAction\",\"target\":{\"@type\":\"EntryPoint\",\"urlTemplate\":\"https:\\\/\\\/choco-spin.net\\\/fr\\\/?s={search_term_string}\"},\"query-input\":{\"@type\":\"PropertyValueSpecification\",\"valueRequired\":true,\"valueName\":\"search_term_string\"}}],\"inLanguage\":\"fr-FR\"},{\"@type\":\"Organization\",\"@id\":\"https:\\\/\\\/choco-spin.net\\\/fr\\\/#organization\",\"name\":\"Chocospin\",\"url\":\"https:\\\/\\\/choco-spin.net\\\/fr\\\/\",\"logo\":{\"@type\":\"ImageObject\",\"inLanguage\":\"fr-FR\",\"@id\":\"https:\\\/\\\/choco-spin.net\\\/fr\\\/#\\\/schema\\\/logo\\\/image\\\/\",\"url\":\"https:\\\/\\\/choco-spin.net\\\/wp-content\\\/uploads\\\/2025\\\/07\\\/80u1FaquEZeR6OUTeJCc.png\",\"contentUrl\":\"https:\\\/\\\/choco-spin.net\\\/wp-content\\\/uploads\\\/2025\\\/07\\\/80u1FaquEZeR6OUTeJCc.png\",\"width\":123,\"height\":20,\"caption\":\"Chocospin\"},\"image\":{\"@id\":\"https:\\\/\\\/choco-spin.net\\\/fr\\\/#\\\/schema\\\/logo\\\/image\\\/\"}}]}<\/script>\n<!-- \/ Yoast SEO plugin. -->","yoast_head_json":{"title":"Chocospin App | Plateformes iOS et Android","description":"L'application Chocospin offre une exp\u00e9rience de jeu fluide sur Android, iOS, Windows et macOS, avec des comptes synchronis\u00e9s, des mises \u00e0 jour r\u00e9guli\u00e8res et un service client int\u00e9gr\u00e9 pour une exp\u00e9rience sans souci.","robots":{"index":"index","follow":"follow","max-snippet":"max-snippet:-1","max-image-preview":"max-image-preview:large","max-video-preview":"max-video-preview:-1"},"canonical":"https:\/\/choco-spin.net\/fr\/app\/","og_locale":"fr_FR","og_type":"article","og_title":"Chocospin App | Plateformes iOS et Android","og_description":"L'application Chocospin offre une exp\u00e9rience de jeu fluide sur Android, iOS, Windows et macOS, avec des comptes synchronis\u00e9s, des mises \u00e0 jour r\u00e9guli\u00e8res et un service client int\u00e9gr\u00e9 pour une exp\u00e9rience sans souci.","og_url":"https:\/\/choco-spin.net\/fr\/app\/","og_site_name":"chocospin","article_modified_time":"2026-02-23T09:31:09+00:00","twitter_card":"summary_large_image","twitter_misc":{"Dur\u00e9e de lecture estim\u00e9e":"2 minutes"},"schema":{"@context":"https:\/\/schema.org","@graph":[{"@type":"WebPage","@id":"https:\/\/choco-spin.net\/fr\/app\/","url":"https:\/\/choco-spin.net\/fr\/app\/","name":"Chocospin App | Plateformes iOS et Android","isPartOf":{"@id":"https:\/\/choco-spin.net\/fr\/#website"},"datePublished":"2026-02-20T14:53:26+00:00","dateModified":"2026-02-23T09:31:09+00:00","description":"L'application Chocospin offre une exp\u00e9rience de jeu fluide sur Android, iOS, Windows et macOS, avec des comptes synchronis\u00e9s, des mises \u00e0 jour r\u00e9guli\u00e8res et un service client int\u00e9gr\u00e9 pour une exp\u00e9rience sans souci.","breadcrumb":{"@id":"https:\/\/choco-spin.net\/fr\/app\/#breadcrumb"},"inLanguage":"fr-FR","potentialAction":[{"@type":"ReadAction","target":["https:\/\/choco-spin.net\/fr\/app\/"]}]},{"@type":"BreadcrumbList","@id":"https:\/\/choco-spin.net\/fr\/app\/#breadcrumb","itemListElement":[{"@type":"ListItem","position":1,"name":"Chocospin","item":"https:\/\/choco-spin.net\/fr\/"},{"@type":"ListItem","position":2,"name":"App"}]},{"@type":"WebSite","@id":"https:\/\/choco-spin.net\/fr\/#website","url":"https:\/\/choco-spin.net\/fr\/","name":"Chocospin","description":"","publisher":{"@id":"https:\/\/choco-spin.net\/fr\/#organization"},"potentialAction":[{"@type":"SearchAction","target":{"@type":"EntryPoint","urlTemplate":"https:\/\/choco-spin.net\/fr\/?s={search_term_string}"},"query-input":{"@type":"PropertyValueSpecification","valueRequired":true,"valueName":"search_term_string"}}],"inLanguage":"fr-FR"},{"@type":"Organization","@id":"https:\/\/choco-spin.net\/fr\/#organization","name":"Chocospin","url":"https:\/\/choco-spin.net\/fr\/","logo":{"@type":"ImageObject","inLanguage":"fr-FR","@id":"https:\/\/choco-spin.net\/fr\/#\/schema\/logo\/image\/","url":"https:\/\/choco-spin.net\/wp-content\/uploads\/2025\/07\/80u1FaquEZeR6OUTeJCc.png","contentUrl":"https:\/\/choco-spin.net\/wp-content\/uploads\/2025\/07\/80u1FaquEZeR6OUTeJCc.png","width":123,"height":20,"caption":"Chocospin"},"image":{"@id":"https:\/\/choco-spin.net\/fr\/#\/schema\/logo\/image\/"}}]}},"_links":{"self":[{"href":"https:\/\/choco-spin.net\/fr\/wp-json\/wp\/v2\/pages\/1435","targetHints":{"allow":["GET"]}}],"collection":[{"href":"https:\/\/choco-spin.net\/fr\/wp-json\/wp\/v2\/pages"}],"about":[{"href":"https:\/\/choco-spin.net\/fr\/wp-json\/wp\/v2\/types\/page"}],"author":[{"embeddable":true,"href":"https:\/\/choco-spin.net\/fr\/wp-json\/wp\/v2\/users\/1"}],"replies":[{"embeddable":true,"href":"https:\/\/choco-spin.net\/fr\/wp-json\/wp\/v2\/comments?post=1435"}],"version-history":[{"count":2,"href":"https:\/\/choco-spin.net\/fr\/wp-json\/wp\/v2\/pages\/1435\/revisions"}],"predecessor-version":[{"id":1669,"href":"https:\/\/choco-spin.net\/fr\/wp-json\/wp\/v2\/pages\/1435\/revisions\/1669"}],"wp:attachment":[{"href":"https:\/\/choco-spin.net\/fr\/wp-json\/wp\/v2\/media?parent=1435"}],"curies":[{"name":"wp","href":"https:\/\/api.w.org\/{rel}","templated":true}]}}