{"id":1488,"date":"2026-02-20T14:59:58","date_gmt":"2026-02-20T14:59:58","guid":{"rendered":"https:\/\/choco-spin.net\/login-and-registration\/"},"modified":"2026-02-23T09:37:26","modified_gmt":"2026-02-23T09:37:26","slug":"connexion-et-inscription","status":"publish","type":"page","link":"https:\/\/choco-spin.net\/fr\/connexion-et-inscription\/","title":{"rendered":"Connexion et inscription"},"content":{"rendered":"<h1>Connexion et inscription \u00e0 Chocospin<\/h1>\n<p>Si vous visitez notre casino en ligne pour la premi\u00e8re fois, nous vous recommandons vivement de suivre la proc\u00e9dure de Chocospin login. Cela vous offrira de nombreux avantages, notamment la possibilit\u00e9 de jouer avec de l&rsquo;argent r\u00e9el, de retirer vos gains et de profiter de nos g\u00e9n\u00e9reux bonus. L&rsquo;inscription est autoris\u00e9e pour tous les utilisateurs \u00e2g\u00e9s de 18 ans ou plus. Une personne ne peut avoir qu&rsquo;un seul compte sur notre plateforme.<\/p>\n<p><div class=\"banner-wrap\" aria-label=\"Banner\"><img src=\"https:\/\/choco-spin.net\/wp-content\/uploads\/2026\/02\/Chocospin-banner-desktop.webp\" class=\"w-100 d-none d-lg-block img-pc main-banner-img\" alt=\"Chocospin banner desktop\" fetchpriority=\"high\" decoding=\"async\"><img src=\"https:\/\/choco-spin.net\/wp-content\/uploads\/2026\/02\/Chocospin-Banner-mobile.webp\" class=\"w-100 d-none d-md-block d-lg-none main-banner-img\" alt=\"Chocospin Banner mobile\" fetchpriority=\"high\" decoding=\"async\"><img src=\"https:\/\/choco-spin.net\/wp-content\/uploads\/2026\/02\/Chocospin-Banner-mobile.webp\" class=\"w-100 d-md-none\" alt=\"Chocospin Banner mobile\" fetchpriority=\"high\" decoding=\"async\"><div class=\"banner-description\">\n<div class=\"banner-title\">Bonus de bienvenue<\/div>\n<p class=\"banner-header-title\">\u20ac1500<\/p>\n<div class=\"banner-header-AdditionalText\">+ 250 Tours gratuits<\/div>\n<button data-item=\"homepage_banner_link\" class=\"goto m-button m-gradient-border m-button--primary m-button--large banner-button btn-orange\">\n            <div class=\"m-button-content\">\n                <span>Inscrivez-vous d\u00e8s maintenant<\/span>\n                <span><\/span>\n            <\/div>\n        <\/button>\n<\/div>\n<div class=\"WelcomePack\">\n<p><img loading=\"lazy\" decoding=\"async\" class=\"alignnone size-full wp-image-1385\" src=\"https:\/\/choco-spin.net\/wp-content\/uploads\/2026\/02\/welcome-crown.png\" alt=\"welcome crown\" width=\"25\" height=\"26\" \/><\/p>\n<div class=\"WelcomePack-Info\">Cashback hebdomadaire jusqu&rsquo;\u00e0 25 %<\/div>\n<p><img loading=\"lazy\" decoding=\"async\" class=\"alignnone size-full wp-image-1385\" src=\"https:\/\/choco-spin.net\/wp-content\/uploads\/2026\/02\/welcome-crown.png\" alt=\"welcome crown\" width=\"25\" height=\"26\" \/><\/p>\n<\/div>\n<\/div><div class=\"scrollable-content-wrap my-5\"><div class=\"scrollable-content-inner\"><h2>Inscription d&rsquo;un nouvel utilisateur sur Choco Spin<\/h2>\n<p>De nombreux utilisateurs ne savent pas s&rsquo;ils doivent cr\u00e9er un compte sur une nouvelle plateforme et si celle-ci est s\u00fbre. Nous garantissons que Chocospin Casino utilise un \u00e9change de cl\u00e9s s\u00e9curis\u00e9 et des syst\u00e8mes anti-bot sp\u00e9ciaux pour prot\u00e9ger vos donn\u00e9es. De plus, l&rsquo;inscription vous permet d&rsquo;acc\u00e9der \u00e0 plus de 6 000 titres, y compris des machines \u00e0 sous en ligne, des jeux de table et des options de casino en direct, d&rsquo;effectuer des d\u00e9p\u00f4ts et des retraits.<\/p>\n<p>Il y a quelques r\u00e8gles que vous devez conna\u00eetre avant de vous connecter \u00e0 Chocospin. Seuls les joueurs \u00e2g\u00e9s de 18 ans ou plus peuvent cr\u00e9er un compte sur la plateforme. Ne fournissez que vos informations personnelles r\u00e9elles, car nous devons les v\u00e9rifier lors du processus de v\u00e9rification.<\/p>\n<h3>Cr\u00e9ez votre compte<\/h3>\n<p>La cr\u00e9ation d&rsquo;un nouveau compte sur Choco Spin ne prendra que quelques minutes. Le processus est simple et ne n\u00e9cessite pas trop d&rsquo;informations personnelles. Si vous \u00eates pr\u00eat \u00e0 commencer votre aventure passionnante avec nous, suivez les instructions ci-dessous :<\/p>\n<ol>\n<li>Les utilisateurs doivent trouver le bouton d&rsquo;inscription sur notre site web et cliquer dessus. Il se trouve dans le coin sup\u00e9rieur droit, vous ne pouvez pas le manquer.<\/li>\n<li>Saisissez vos informations personnelles, telles que votre adresse e-mail et votre mot de passe. Nous appliquons des r\u00e8gles strictes en mati\u00e8re de mots de passe, veuillez donc inclure des caract\u00e8res sp\u00e9ciaux et des lettres minuscules et majuscules.<\/li>\n<li>Remplissez le champ avec le code promotionnel, si vous en avez un. Cette \u00e9tape peut vous permettre d&rsquo;obtenir des r\u00e9compenses suppl\u00e9mentaires d\u00e8s le d\u00e9but sur Chocospin Casino.<\/li>\n<li>Vous devez confirmer votre \u00e2ge et accepter les conditions g\u00e9n\u00e9rales. Les joueurs peuvent suivre le lien pour se familiariser avec nos r\u00e8gles.<\/li>\n<li>Apr\u00e8s avoir v\u00e9rifi\u00e9 toutes les donn\u00e9es saisies et \u00eatre pr\u00eat \u00e0 terminer l&rsquo;inscription, cliquez sur le bouton \u00ab Inscription \u00bb en bas de la page.<\/li>\n<\/ol>\n<p><img loading=\"lazy\" decoding=\"async\" class=\"alignnone size-full wp-image-1489\" src=\"https:\/\/choco-spin.net\/wp-content\/uploads\/Login-and-Registration-Chocospin.webp\" alt=\"Login and Registration Chocospin\" width=\"1248\" height=\"536\" srcset=\"https:\/\/choco-spin.net\/wp-content\/uploads\/Login-and-Registration-Chocospin.webp 1248w, https:\/\/choco-spin.net\/wp-content\/uploads\/Login-and-Registration-Chocospin-300x129.webp 300w, https:\/\/choco-spin.net\/wp-content\/uploads\/Login-and-Registration-Chocospin-1024x440.webp 1024w, https:\/\/choco-spin.net\/wp-content\/uploads\/Login-and-Registration-Chocospin-768x330.webp 768w\" sizes=\"auto, (max-width: 1248px) 100vw, 1248px\" \/><\/p>\n<h2>Utilisation d&rsquo;un compte Chocospin<\/h2>\n<p>Pour tous nos clients qui poss\u00e8dent d\u00e9j\u00e0 un compte, il est essentiel de passer par le processus de connexion \u00e0 Chocospin. Pour ce faire, il suffit de vous souvenir des informations que vous avez fournies lors de votre inscription. Si vous ne parvenez pas \u00e0 acc\u00e9der \u00e0 votre compte, c&rsquo;est probablement parce que certaines des donn\u00e9es que vous avez saisies sont incorrectes. Pour \u00e9viter que votre compte ne soit bloqu\u00e9 en raison d&rsquo;une activit\u00e9 suspecte lors de la connexion \u00e0 Choco Spin, vous pouvez contacter notre \u00e9quipe d&rsquo;assistance.<\/p>\n<p>Une fois connect\u00e9s \u00e0 leur compte, les utilisateurs peuvent personnaliser leur exp\u00e9rience en activant des param\u00e8tres et des outils sp\u00e9ciaux. Tout d&rsquo;abord, vous pouvez \u00e0 tout moment modifier vos informations personnelles et vos informations de paiement sur Chocospin Casino. Les joueurs peuvent \u00e9galement consulter l&rsquo;historique de leur activit\u00e9 et, si n\u00e9cessaire, configurer des outils de jeu responsable.<\/p>\n<h3>V\u00e9rification et s\u00e9curit\u00e9 du compte Chocospin Casino<\/h3>\n<p>Chocospin Casino accorde une grande importance \u00e0 la s\u00e9curit\u00e9 des utilisateurs. Nous prenons toutes les mesures n\u00e9cessaires pour prot\u00e9ger les processus sur notre site web, mais nous vous demandons \u00e9galement de respecter nos r\u00e8gles. Afin d&rsquo;\u00e9viter toute fraude et d&rsquo;offrir les m\u00eames chances \u00e0 tous, nous demandons \u00e0 tous nos utilisateurs de proc\u00e9der \u00e0 la v\u00e9rification.<\/p>\n<p>Cette proc\u00e9dure doit \u00eatre effectu\u00e9e avant le premier retrait. Tout est tr\u00e8s simple : vous devez t\u00e9l\u00e9charger des copies de vos documents personnels sur la plateforme et nos responsables Chocospin les examineront dans les 48 heures.<\/p>\n<h3>Vous avez oubli\u00e9 votre mot de passe ?<\/h3>\n<p>Nous comprenons qu&rsquo;il peut y avoir diff\u00e9rentes situations, notamment lorsque l&rsquo;utilisateur oublie ses identifiants de connexion \u00e0 Chocospin, y compris son mot de passe. Mais nous avons une solution pour vous permettre de le r\u00e9initialiser.<\/p>\n<table>\n<tbody>\n<tr>\n<td>\u00c9tape<\/td>\n<td>D\u00e9tails<\/td>\n<\/tr>\n<tr>\n<td>Acc\u00e9dez \u00e0 la page de connexion<\/td>\n<td>Cliquez sur le bouton \u00ab Connexion \u00bb dans le coin sup\u00e9rieur droit de la page principale<\/td>\n<\/tr>\n<tr>\n<td>Lancez le processus de r\u00e9initialisation du mot de passe<\/td>\n<td>Suivez le lien \u00ab Mot de passe oubli\u00e9 ? \u00bb dans le formulaire de connexion<\/td>\n<\/tr>\n<tr>\n<td>Saisissez les informations requises<\/td>\n<td>Vous devez fournir l&rsquo;adresse e-mail associ\u00e9e \u00e0 votre compte<\/td>\n<\/tr>\n<tr>\n<td>Suivez le lien dans l&rsquo;e-mail<\/td>\n<td>Nous vous enverrons un lien de r\u00e9initialisation qui vous permettra de cr\u00e9er un nouveau mot de passe. Ce mot de passe sera celui que vous utiliserez lors de votre prochaine connexion<\/td>\n<\/tr>\n<\/tbody>\n<\/table>\n<h2>FAQ<\/h2>\n<h3>Comment puis-je terminer le processus de v\u00e9rification de mon compte ?<\/h3>\n<p>C&rsquo;est un processus tr\u00e8s simple. Avant votre premier retrait, vous devrez fournir des copies de vos documents personnels afin de prouver votre identit\u00e9, votre adresse postale, votre \u00e2ge et que vous \u00eates bien le titulaire du compte de paiement. Une fois que nos responsables auront v\u00e9rifi\u00e9 toutes ces informations, ils vous en informeront.<\/p>\n<h3>Comment mettre \u00e0 jour mon mot de passe ou mon adresse e-mail ?<\/h3>\n<p>Sur Choco Spin Casino, vous avez la possibilit\u00e9 de modifier ou de mettre \u00e0 jour vos informations personnelles \u00e0 tout moment. Il vous suffit de vous connecter \u00e0 votre compte et d&rsquo;effectuer les actions n\u00e9cessaires.<\/p>\n<h3>Que dois-je faire si mon compte est bloqu\u00e9 ?<\/h3>\n<p>Votre compte Chocospin a peut-\u00eatre \u00e9t\u00e9 bloqu\u00e9 en raison d&rsquo;une activit\u00e9 suspecte ou d&rsquo;une violation des r\u00e8gles de notre plateforme. Nous en informons toujours nos clients. Si vous n&rsquo;avez re\u00e7u aucune notification, veuillez contacter notre \u00e9quipe d&rsquo;assistance multilingue via le chat en direct.<\/p>\n<\/div><\/div><\/p>\n","protected":false},"excerpt":{"rendered":"<p>Connexion et inscription \u00e0 Chocospin Si vous visitez notre casino en ligne pour la premi\u00e8re fois, nous vous recommandons vivement de suivre la proc\u00e9dure de Chocospin login. Cela vous offrira de nombreux avantages, notamment la possibilit\u00e9 de jouer avec de l&rsquo;argent r\u00e9el, de retirer vos gains et de profiter de nos g\u00e9n\u00e9reux bonus. L&rsquo;inscription est [&hellip;]<\/p>\n","protected":false},"author":1,"featured_media":0,"parent":0,"menu_order":0,"comment_status":"closed","ping_status":"closed","template":"template-builder.php","meta":{"_acf_changed":false,"inline_featured_image":false,"footnotes":""},"class_list":["post-1488","page","type-page","status-publish","hentry"],"acf":[],"yoast_head":"<!-- This site is optimized with the Yoast SEO plugin v27.3 - https:\/\/yoast.com\/product\/yoast-seo-wordpress\/ -->\n<title>Chocospin Connexion et inscription<\/title>\n<meta name=\"description\" content=\"Cr\u00e9ez, g\u00e9rez et v\u00e9rifiez votre compte Chocospin Casino en toute simplicit\u00e9. Profitez d&#039;une inscription rapide, d&#039;une r\u00e9cup\u00e9ration facile de votre compte et d&#039;une fermeture s\u00e9curis\u00e9e gr\u00e2ce \u00e0 Chocospin Login, qui prot\u00e8ge votre compte 24 heures sur 24.\" \/>\n<meta name=\"robots\" content=\"index, follow, max-snippet:-1, max-image-preview:large, max-video-preview:-1\" \/>\n<link rel=\"canonical\" href=\"https:\/\/choco-spin.net\/fr\/connexion-et-inscription\/\" \/>\n<meta property=\"og:locale\" content=\"fr_FR\" \/>\n<meta property=\"og:type\" content=\"article\" \/>\n<meta property=\"og:title\" content=\"Chocospin Connexion et inscription\" \/>\n<meta property=\"og:description\" content=\"Cr\u00e9ez, g\u00e9rez et v\u00e9rifiez votre compte Chocospin Casino en toute simplicit\u00e9. Profitez d&#039;une inscription rapide, d&#039;une r\u00e9cup\u00e9ration facile de votre compte et d&#039;une fermeture s\u00e9curis\u00e9e gr\u00e2ce \u00e0 Chocospin Login, qui prot\u00e8ge votre compte 24 heures sur 24.\" \/>\n<meta property=\"og:url\" content=\"https:\/\/choco-spin.net\/fr\/connexion-et-inscription\/\" \/>\n<meta property=\"og:site_name\" content=\"chocospin\" \/>\n<meta property=\"article:modified_time\" content=\"2026-02-23T09:37:26+00:00\" \/>\n<meta name=\"twitter:card\" content=\"summary_large_image\" \/>\n<meta name=\"twitter:label1\" content=\"Dur\u00e9e de lecture estim\u00e9e\" \/>\n\t<meta name=\"twitter:data1\" content=\"1 minute\" \/>\n<script type=\"application\/ld+json\" class=\"yoast-schema-graph\">{\"@context\":\"https:\\\/\\\/schema.org\",\"@graph\":[{\"@type\":\"WebPage\",\"@id\":\"https:\\\/\\\/choco-spin.net\\\/fr\\\/connexion-et-inscription\\\/\",\"url\":\"https:\\\/\\\/choco-spin.net\\\/fr\\\/connexion-et-inscription\\\/\",\"name\":\"Chocospin Connexion et inscription\",\"isPartOf\":{\"@id\":\"https:\\\/\\\/choco-spin.net\\\/fr\\\/#website\"},\"datePublished\":\"2026-02-20T14:59:58+00:00\",\"dateModified\":\"2026-02-23T09:37:26+00:00\",\"description\":\"Cr\u00e9ez, g\u00e9rez et v\u00e9rifiez votre compte Chocospin Casino en toute simplicit\u00e9. Profitez d'une inscription rapide, d'une r\u00e9cup\u00e9ration facile de votre compte et d'une fermeture s\u00e9curis\u00e9e gr\u00e2ce \u00e0 Chocospin Login, qui prot\u00e8ge votre compte 24 heures sur 24.\",\"breadcrumb\":{\"@id\":\"https:\\\/\\\/choco-spin.net\\\/fr\\\/connexion-et-inscription\\\/#breadcrumb\"},\"inLanguage\":\"fr-FR\",\"potentialAction\":[{\"@type\":\"ReadAction\",\"target\":[\"https:\\\/\\\/choco-spin.net\\\/fr\\\/connexion-et-inscription\\\/\"]}]},{\"@type\":\"BreadcrumbList\",\"@id\":\"https:\\\/\\\/choco-spin.net\\\/fr\\\/connexion-et-inscription\\\/#breadcrumb\",\"itemListElement\":[{\"@type\":\"ListItem\",\"position\":1,\"name\":\"Chocospin\",\"item\":\"https:\\\/\\\/choco-spin.net\\\/fr\\\/\"},{\"@type\":\"ListItem\",\"position\":2,\"name\":\"Connexion et inscription\"}]},{\"@type\":\"WebSite\",\"@id\":\"https:\\\/\\\/choco-spin.net\\\/fr\\\/#website\",\"url\":\"https:\\\/\\\/choco-spin.net\\\/fr\\\/\",\"name\":\"Chocospin\",\"description\":\"\",\"publisher\":{\"@id\":\"https:\\\/\\\/choco-spin.net\\\/fr\\\/#organization\"},\"potentialAction\":[{\"@type\":\"SearchAction\",\"target\":{\"@type\":\"EntryPoint\",\"urlTemplate\":\"https:\\\/\\\/choco-spin.net\\\/fr\\\/?s={search_term_string}\"},\"query-input\":{\"@type\":\"PropertyValueSpecification\",\"valueRequired\":true,\"valueName\":\"search_term_string\"}}],\"inLanguage\":\"fr-FR\"},{\"@type\":\"Organization\",\"@id\":\"https:\\\/\\\/choco-spin.net\\\/fr\\\/#organization\",\"name\":\"Chocospin\",\"url\":\"https:\\\/\\\/choco-spin.net\\\/fr\\\/\",\"logo\":{\"@type\":\"ImageObject\",\"inLanguage\":\"fr-FR\",\"@id\":\"https:\\\/\\\/choco-spin.net\\\/fr\\\/#\\\/schema\\\/logo\\\/image\\\/\",\"url\":\"https:\\\/\\\/choco-spin.net\\\/wp-content\\\/uploads\\\/2025\\\/07\\\/80u1FaquEZeR6OUTeJCc.png\",\"contentUrl\":\"https:\\\/\\\/choco-spin.net\\\/wp-content\\\/uploads\\\/2025\\\/07\\\/80u1FaquEZeR6OUTeJCc.png\",\"width\":123,\"height\":20,\"caption\":\"Chocospin\"},\"image\":{\"@id\":\"https:\\\/\\\/choco-spin.net\\\/fr\\\/#\\\/schema\\\/logo\\\/image\\\/\"}}]}<\/script>\n<!-- \/ Yoast SEO plugin. -->","yoast_head_json":{"title":"Chocospin Connexion et inscription","description":"Cr\u00e9ez, g\u00e9rez et v\u00e9rifiez votre compte Chocospin Casino en toute simplicit\u00e9. Profitez d'une inscription rapide, d'une r\u00e9cup\u00e9ration facile de votre compte et d'une fermeture s\u00e9curis\u00e9e gr\u00e2ce \u00e0 Chocospin Login, qui prot\u00e8ge votre compte 24 heures sur 24.","robots":{"index":"index","follow":"follow","max-snippet":"max-snippet:-1","max-image-preview":"max-image-preview:large","max-video-preview":"max-video-preview:-1"},"canonical":"https:\/\/choco-spin.net\/fr\/connexion-et-inscription\/","og_locale":"fr_FR","og_type":"article","og_title":"Chocospin Connexion et inscription","og_description":"Cr\u00e9ez, g\u00e9rez et v\u00e9rifiez votre compte Chocospin Casino en toute simplicit\u00e9. Profitez d'une inscription rapide, d'une r\u00e9cup\u00e9ration facile de votre compte et d'une fermeture s\u00e9curis\u00e9e gr\u00e2ce \u00e0 Chocospin Login, qui prot\u00e8ge votre compte 24 heures sur 24.","og_url":"https:\/\/choco-spin.net\/fr\/connexion-et-inscription\/","og_site_name":"chocospin","article_modified_time":"2026-02-23T09:37:26+00:00","twitter_card":"summary_large_image","twitter_misc":{"Dur\u00e9e de lecture estim\u00e9e":"1 minute"},"schema":{"@context":"https:\/\/schema.org","@graph":[{"@type":"WebPage","@id":"https:\/\/choco-spin.net\/fr\/connexion-et-inscription\/","url":"https:\/\/choco-spin.net\/fr\/connexion-et-inscription\/","name":"Chocospin Connexion et inscription","isPartOf":{"@id":"https:\/\/choco-spin.net\/fr\/#website"},"datePublished":"2026-02-20T14:59:58+00:00","dateModified":"2026-02-23T09:37:26+00:00","description":"Cr\u00e9ez, g\u00e9rez et v\u00e9rifiez votre compte Chocospin Casino en toute simplicit\u00e9. Profitez d'une inscription rapide, d'une r\u00e9cup\u00e9ration facile de votre compte et d'une fermeture s\u00e9curis\u00e9e gr\u00e2ce \u00e0 Chocospin Login, qui prot\u00e8ge votre compte 24 heures sur 24.","breadcrumb":{"@id":"https:\/\/choco-spin.net\/fr\/connexion-et-inscription\/#breadcrumb"},"inLanguage":"fr-FR","potentialAction":[{"@type":"ReadAction","target":["https:\/\/choco-spin.net\/fr\/connexion-et-inscription\/"]}]},{"@type":"BreadcrumbList","@id":"https:\/\/choco-spin.net\/fr\/connexion-et-inscription\/#breadcrumb","itemListElement":[{"@type":"ListItem","position":1,"name":"Chocospin","item":"https:\/\/choco-spin.net\/fr\/"},{"@type":"ListItem","position":2,"name":"Connexion et inscription"}]},{"@type":"WebSite","@id":"https:\/\/choco-spin.net\/fr\/#website","url":"https:\/\/choco-spin.net\/fr\/","name":"Chocospin","description":"","publisher":{"@id":"https:\/\/choco-spin.net\/fr\/#organization"},"potentialAction":[{"@type":"SearchAction","target":{"@type":"EntryPoint","urlTemplate":"https:\/\/choco-spin.net\/fr\/?s={search_term_string}"},"query-input":{"@type":"PropertyValueSpecification","valueRequired":true,"valueName":"search_term_string"}}],"inLanguage":"fr-FR"},{"@type":"Organization","@id":"https:\/\/choco-spin.net\/fr\/#organization","name":"Chocospin","url":"https:\/\/choco-spin.net\/fr\/","logo":{"@type":"ImageObject","inLanguage":"fr-FR","@id":"https:\/\/choco-spin.net\/fr\/#\/schema\/logo\/image\/","url":"https:\/\/choco-spin.net\/wp-content\/uploads\/2025\/07\/80u1FaquEZeR6OUTeJCc.png","contentUrl":"https:\/\/choco-spin.net\/wp-content\/uploads\/2025\/07\/80u1FaquEZeR6OUTeJCc.png","width":123,"height":20,"caption":"Chocospin"},"image":{"@id":"https:\/\/choco-spin.net\/fr\/#\/schema\/logo\/image\/"}}]}},"_links":{"self":[{"href":"https:\/\/choco-spin.net\/fr\/wp-json\/wp\/v2\/pages\/1488","targetHints":{"allow":["GET"]}}],"collection":[{"href":"https:\/\/choco-spin.net\/fr\/wp-json\/wp\/v2\/pages"}],"about":[{"href":"https:\/\/choco-spin.net\/fr\/wp-json\/wp\/v2\/types\/page"}],"author":[{"embeddable":true,"href":"https:\/\/choco-spin.net\/fr\/wp-json\/wp\/v2\/users\/1"}],"replies":[{"embeddable":true,"href":"https:\/\/choco-spin.net\/fr\/wp-json\/wp\/v2\/comments?post=1488"}],"version-history":[{"count":3,"href":"https:\/\/choco-spin.net\/fr\/wp-json\/wp\/v2\/pages\/1488\/revisions"}],"predecessor-version":[{"id":1672,"href":"https:\/\/choco-spin.net\/fr\/wp-json\/wp\/v2\/pages\/1488\/revisions\/1672"}],"wp:attachment":[{"href":"https:\/\/choco-spin.net\/fr\/wp-json\/wp\/v2\/media?parent=1488"}],"curies":[{"name":"wp","href":"https:\/\/api.w.org\/{rel}","templated":true}]}}