{"id":1441,"date":"2026-02-20T14:53:26","date_gmt":"2026-02-20T14:53:26","guid":{"rendered":"https:\/\/choco-spin.net\/app\/"},"modified":"2026-02-23T11:09:06","modified_gmt":"2026-02-23T11:09:06","slug":"applicazione","status":"publish","type":"page","link":"https:\/\/choco-spin.net\/it\/applicazione\/","title":{"rendered":"Applicazione"},"content":{"rendered":"<h1>Piattaforma mobile Choco Spin<\/h1>\n<p>Tutti i nostri titoli, bonus, pagamenti e altre fantastiche funzionalit\u00e0 sono disponibili anche su Chocospin App. Non sei limitato dal dispositivo che stai utilizzando. Gli utenti italiani possono scegliere l&#8217;opzione pi\u00f9 conveniente a seconda della situazione. Dopo aver effettuato l&#8217;accesso, tutti i tuoi dati personali, il saldo e i risultati saranno sincronizzati. Chocospin Casino \u00e8 compatibile con tutti i moderni dispositivi Android e iOS.<\/p>\n<div class=\"banner-wrap\" aria-label=\"Banner\"><img src=\"https:\/\/choco-spin.net\/wp-content\/uploads\/2026\/02\/Chocospin-banner-desktop.webp\" class=\"w-100 d-none d-lg-block img-pc main-banner-img\" alt=\"Chocospin banner desktop\" fetchpriority=\"high\" decoding=\"async\"><img src=\"https:\/\/choco-spin.net\/wp-content\/uploads\/2026\/02\/Chocospin-Banner-mobile.webp\" class=\"w-100 d-none d-md-block d-lg-none main-banner-img\" alt=\"Chocospin Banner mobile\" fetchpriority=\"high\" decoding=\"async\"><img src=\"https:\/\/choco-spin.net\/wp-content\/uploads\/2026\/02\/Chocospin-Banner-mobile.webp\" class=\"w-100 d-md-none\" alt=\"Chocospin Banner mobile\" fetchpriority=\"high\" decoding=\"async\"><div class=\"banner-description\">\n<div class=\"banner-title\">Bonus di benvenuto<\/div>\n<p class=\"banner-header-title\">\u20ac1500<\/p>\n<div class=\"banner-header-AdditionalText\">+ 250 Giri gratuiti<\/div>\n<button data-item=\"homepage_banner_link\" class=\"goto m-button m-gradient-border m-button--primary m-button--large banner-button btn-orange\">\n            <div class=\"m-button-content\">\n                <span>Iscriviti ora<\/span>\n                <span><\/span>\n            <\/div>\n        <\/button>\n<\/div>\n<div class=\"WelcomePack\">\n<p><img loading=\"lazy\" decoding=\"async\" class=\"alignnone size-full wp-image-1385\" src=\"https:\/\/choco-spin.net\/wp-content\/uploads\/2026\/02\/welcome-crown.png\" alt=\"welcome crown\" width=\"25\" height=\"26\" \/><\/p>\n<div class=\"WelcomePack-Info\">Cashback settimanale fino al 25%<\/div>\n<p><img loading=\"lazy\" decoding=\"async\" class=\"alignnone size-full wp-image-1385\" src=\"https:\/\/choco-spin.net\/wp-content\/uploads\/2026\/02\/welcome-crown.png\" alt=\"welcome crown\" width=\"25\" height=\"26\" \/><\/p>\n<\/div>\n<\/div>\n<h2>Utilizzo di Chocospin su dispositivi mobili<\/h2>\n<p>Usare Choco Spin su un dispositivo mobile \u00e8 molto comodo perch\u00e9 puoi farlo in qualsiasi momento, ovunque ti trovi. Hai accesso a tutte le fantastiche funzionalit\u00e0 che avevi sul PC. L&#8217;intera collezione di giochi di con slot online, giochi da tavolo, opzioni di vincita immediata e casin\u00f2 dal vivo sar\u00e0 disponibile sul tuo telefono o tablet.<\/p>\n<p>I nostri utenti possono scegliere tra due opzioni: una versione per browser mobile o l&#8217;app dedicata Chocospin. Entrambe offrono un&#8217;ottima esperienza di gioco, con caricamento veloce, funzionalit\u00e0 ottimizzate per dispositivi mobili e gameplay fluido.<\/p>\n<p>In qualit\u00e0 di casin\u00f2 online con licenza, seguiamo tutte le rigide normative del settore. Nella versione mobile di Chocospin Casino, utilizziamo firewall per applicazioni web e uno scambio di chiavi RSA-2048 sicuro per proteggere il tuo account. Testiamo regolarmente il nostro software mobile in modo che sia completamente sicuro da installare.<\/p>\n<p><div class=\"scrollable-content-wrap my-5\"><div class=\"scrollable-content-inner\"><h2>App mobile Chocospin per Android<\/h2>\n<p>Se hai uno smartphone o un tablet Android, puoi usare facilmente la nostra piattaforma sul tuo dispositivo. Per farlo, basta andare su qualsiasi browser preferito e visitare la nostra pagina. Chocospin si adatter\u00e0 perfettamente alle dimensioni e alla risoluzione del tuo schermo. Non avrai alcuna limitazione nelle funzionalit\u00e0 o nei processi, poich\u00e9 tutto \u00e8 disponibile su dispositivi mobili.<\/p>\n<p>C&#8217;\u00e8 anche un&#8217;altra opzione per giocare in movimento: l&#8217;app Choco Spin per Android. Si tratta di un&#8217;applicazione web progressiva (PWA) che pu\u00f2 essere installata dal nostro sito web. Non occuper\u00e0 molto spazio nella memoria del tuo dispositivo, poich\u00e9 utilizza solo dati memorizzati nella cache. Non sono necessari file APK Chocospin aggiuntivi. I giocatori possono utilizzare le nostre istruzioni di installazione per configurare tutto rapidamente e senza problemi.<\/p>\n<table>\n<tbody>\n<tr>\n<td>Passaggio<\/td>\n<td>Dettagli<\/td>\n<\/tr>\n<tr>\n<td>Visita il sito web di Chocospin Casino<\/td>\n<td>I nostri clienti possono utilizzare qualsiasi dispositivo Android moderno con il browser preferito<\/td>\n<\/tr>\n<tr>\n<td>Clicca sul pulsante &#8220;Altro&#8221;<\/td>\n<td>Lo trovi nella barra degli indirizzi sotto forma di tre puntini<\/td>\n<\/tr>\n<tr>\n<td>Trova l&#8217;opzione per installare l&#8217;app<\/td>\n<td>Nell&#8217;elenco, devi cliccare sull&#8217;opzione &#8220;Aggiungi alla schermata iniziale&#8221;<\/td>\n<\/tr>\n<tr>\n<td>Personalizza l&#8217;icona se necessario<\/td>\n<td>Gli utenti possono modificare il nome e l&#8217;aspetto dell&#8217;icona futura o lasciare tutto come predefinito<\/td>\n<\/tr>\n<tr>\n<td>Posiziona l&#8217;icona sulla schermata iniziale ed effettua l&#8217;accesso<\/td>\n<td>Dopo aver completato tutti i passaggi, l&#8217;icona apparir\u00e0 sulla schermata iniziale. Puoi modificarne la posizione in base alle tue preferenze<\/td>\n<\/tr>\n<\/tbody>\n<\/table>\n<p><img loading=\"lazy\" decoding=\"async\" class=\"alignnone size-full wp-image-1442\" src=\"https:\/\/choco-spin.net\/wp-content\/uploads\/2026\/02\/Chocospin-Android-App.webp\" alt=\"Chocospin Android App\" width=\"1248\" height=\"536\" srcset=\"https:\/\/choco-spin.net\/wp-content\/uploads\/2026\/02\/Chocospin-Android-App.webp 1248w, https:\/\/choco-spin.net\/wp-content\/uploads\/2026\/02\/Chocospin-Android-App-300x129.webp 300w, https:\/\/choco-spin.net\/wp-content\/uploads\/2026\/02\/Chocospin-Android-App-1024x440.webp 1024w, https:\/\/choco-spin.net\/wp-content\/uploads\/2026\/02\/Chocospin-Android-App-768x330.webp 768w\" sizes=\"auto, (max-width: 1248px) 100vw, 1248px\" \/><\/p>\n<\/div><\/div><div style=\"clear: both\"><\/div><div class=\"d-flex justify-content-center\"><button data-item=\"decouvrez_link\" data-group=\"website_links\" class=\"goto fw-bold rounded-pill btn btn-orange\" aria-label=\"Scarica l&#039;app Chocospin\" >Scarica l&#039;app Chocospin<\/button><\/div><div class=\"scrollable-content-wrap my-5\"><div class=\"scrollable-content-inner\"><h2>App mobile Chocospin per iOS<\/h2>\n<p>Il processo di installazione dell&#8217;app Chocospin \u00e8 facile sia per i dispositivi iOS che per quelli Android. Non \u00e8 necessario creare un account sull&#8217;Apple Store o su altri siti web. Puoi installare facilmente il casin\u00f2 mobile dal nostro sito web. Il vantaggio principale \u00e8 che il design e la navigazione ti risulteranno familiari se hai gi\u00e0 utilizzato la versione desktop in precedenza.<\/p>\n<p>Per installare l&#8217;app Chocospin, basta andare sulla nostra pagina dal tuo iPhone o iPad e cliccare sul pulsante &#8220;Condividi&#8221; nella parte inferiore dello schermo. Dovrai cliccare su &#8220;Aggiungi alla schermata iniziale&#8221; e l&#8217;icona del marchio apparir\u00e0 sul tuo schermo.<\/p>\n<p>Se non sei pronto per installare qualcosa di nuovo, non c&#8217;\u00e8 alcun problema. I giocatori possono semplicemente visitare la nostra pagina su Safari o Google Chrome e divertirsi con i loro giochi preferiti ovunque si trovino. Choco Spin per dispositivi mobili ti consente di accedere alla registrazione, al login, al processo di verifica e ai pagamenti.<\/p>\n<p><img loading=\"lazy\" decoding=\"async\" class=\"alignnone size-full wp-image-1732\" src=\"https:\/\/choco-spin.net\/wp-content\/uploads\/2026\/02\/Chocospin-iOS-App.webp\" alt=\"Choco-spin iOS App\" width=\"1248\" height=\"536\" srcset=\"https:\/\/choco-spin.net\/wp-content\/uploads\/2026\/02\/Chocospin-iOS-App.webp 1248w, https:\/\/choco-spin.net\/wp-content\/uploads\/2026\/02\/Chocospin-iOS-App-300x129.webp 300w, https:\/\/choco-spin.net\/wp-content\/uploads\/2026\/02\/Chocospin-iOS-App-1024x440.webp 1024w, https:\/\/choco-spin.net\/wp-content\/uploads\/2026\/02\/Chocospin-iOS-App-768x330.webp 768w\" sizes=\"auto, (max-width: 1248px) 100vw, 1248px\" \/><\/p>\n<\/div><\/div><div style=\"clear: both\"><\/div><div class=\"d-flex justify-content-center\"><button data-item=\"decouvrez_link\" data-group=\"website_links\" class=\"goto fw-bold rounded-pill btn btn-orange\" aria-label=\"Scarica Chocospin\" >Scarica Chocospin<\/button><\/div><div class=\"scrollable-content-wrap my-5\"><div class=\"scrollable-content-inner\"><h2>Applicazioni Windows e macOS<\/h2>\n<p>La versione per PC \u00e8 ancora disponibile per i nostri utenti. Inoltre, puoi cambiare dispositivo a seconda della situazione e della tua posizione. \u00c8 importante che tu utilizzi lo stesso account Chocospin ovunque. Solo in questo caso i tuoi dati saranno sincronizzati.<\/p>\n<p>Per un accesso pi\u00f9 rapido, tutti i browser moderni consentono di creare un&#8217;icona di collegamento alla pagina preferita. Questo funziona anche per Choco Spin Casino. Questo passaggio ti consentir\u00e0 di accedere al nostro casin\u00f2 online con un solo clic, senza dover aprire un browser e cercare la pagina.<\/p>\n<p>Indipendentemente dal dispositivo che stai utilizzando, vogliamo garantire la sicurezza del tuo viaggio. Nell&#8217;app Chocospin per iOS, Android e PC vengono adottate le seguenti misure:<\/p>\n<ul>\n<li>Supporto dell&#8217;autenticazione biometrica. Consente l&#8217;accesso tramite impronta digitale o riconoscimento facciale su dispositivi mobili compatibili per una protezione aggiuntiva.<\/li>\n<li>Tokenizzazione dei dati di pagamento. Sostituisce i dati sensibili della carta con token sicuri per ridurre al minimo il rischio di frodi.<\/li>\n<li>Monitoraggio delle attivit\u00e0 in tempo reale. Rileva immediatamente accessi sospetti, modelli di scommessa insoliti o transazioni fraudolente.<\/li>\n<li>Aggiornamenti software sicuri. I nostri aggiornamenti PWA vengono distribuiti lato server, garantendo ai giocatori di utilizzare sempre l&#8217;ultima versione protetta senza download manuali.<\/li>\n<\/ul>\n<p><img loading=\"lazy\" decoding=\"async\" class=\"alignnone size-full wp-image-1737\" src=\"https:\/\/choco-spin.net\/wp-content\/uploads\/2026\/02\/Chocospin-Desktop.webp\" alt=\"Choco-spin Desktop\" width=\"1248\" height=\"536\" srcset=\"https:\/\/choco-spin.net\/wp-content\/uploads\/2026\/02\/Chocospin-Desktop.webp 1248w, https:\/\/choco-spin.net\/wp-content\/uploads\/2026\/02\/Chocospin-Desktop-300x129.webp 300w, https:\/\/choco-spin.net\/wp-content\/uploads\/2026\/02\/Chocospin-Desktop-1024x440.webp 1024w, https:\/\/choco-spin.net\/wp-content\/uploads\/2026\/02\/Chocospin-Desktop-768x330.webp 768w\" sizes=\"auto, (max-width: 1248px) 100vw, 1248px\" \/><\/p>\n<\/div><\/div><div style=\"clear: both\"><\/div><div class=\"d-flex justify-content-center\"><button data-item=\"decouvrez_link\" data-group=\"website_links\" class=\"goto fw-bold rounded-pill btn btn-orange\" aria-label=\"Scarica l&#039;app Chocospin\" >Scarica l&#039;app Chocospin<\/button><\/div><div class=\"scrollable-content-wrap my-5\"><div class=\"scrollable-content-inner\"><h2>Domande frequenti<\/h2>\n<h3>\u00c8 necessario creare un account per utilizzare l&#8217;app Choco Spin?<\/h3>\n<p>Le regole di Chocospin Casino richiedono agli utenti di creare un account per utilizzare il software mobile. Non preoccuparti, la registrazione \u00e8 veloce e richiede solo la tua email, password e codice promozionale, se ne hai uno.<\/p>\n<h3>L&#8217;app Choco Spin Casino offre assistenza clienti?<\/h3>\n<p>Il nostro team di assistenza \u00e8 a tua disposizione 24 ore su 24, 7 giorni su 7, sia sulla versione mobile che su quella desktop. I giocatori possono contattarci tramite la chat live integrata o via e-mail. Garantiamo risposte rapide e professionali.<\/p>\n<h3>Come posso aggiornare l&#8217;app Choco Spin Casino?<\/h3>\n<p>Essendo una PWA, si aggiorna automaticamente senza che tu debba fare nulla. Informiamo sempre i nostri clienti sugli aggiornamenti e sulle modifiche alla versione mobile.<\/p>\n<\/div><\/div><\/p>\n","protected":false},"excerpt":{"rendered":"<p>Piattaforma mobile Choco Spin Tutti i nostri titoli, bonus, pagamenti e altre fantastiche funzionalit\u00e0 sono disponibili anche su Chocospin App. Non sei limitato dal dispositivo che stai utilizzando. Gli utenti italiani possono scegliere l&#8217;opzione pi\u00f9 conveniente a seconda della situazione. Dopo aver effettuato l&#8217;accesso, tutti i tuoi dati personali, il saldo e i risultati saranno [&hellip;]<\/p>\n","protected":false},"author":1,"featured_media":0,"parent":0,"menu_order":0,"comment_status":"closed","ping_status":"closed","template":"template-builder.php","meta":{"_acf_changed":false,"inline_featured_image":false,"footnotes":""},"class_list":["post-1441","page","type-page","status-publish","hentry"],"acf":[],"yoast_head":"<!-- This site is optimized with the Yoast SEO plugin v27.3 - https:\/\/yoast.com\/product\/yoast-seo-wordpress\/ -->\n<title>Chocospin App | Piattaforme iOS e Android<\/title>\n<meta name=\"description\" content=\"L&#039;app Chocospin offre un&#039;esperienza di gioco fluida su Android, iOS, Windows e macOS, con account sincronizzati, aggiornamenti regolari e assistenza clienti integrata per un&#039;esperienza senza intoppi.\" \/>\n<meta name=\"robots\" content=\"index, follow, max-snippet:-1, max-image-preview:large, max-video-preview:-1\" \/>\n<link rel=\"canonical\" href=\"https:\/\/choco-spin.net\/it\/applicazione\/\" \/>\n<meta property=\"og:locale\" content=\"it_IT\" \/>\n<meta property=\"og:type\" content=\"article\" \/>\n<meta property=\"og:title\" content=\"Chocospin App | Piattaforme iOS e Android\" \/>\n<meta property=\"og:description\" content=\"L&#039;app Chocospin offre un&#039;esperienza di gioco fluida su Android, iOS, Windows e macOS, con account sincronizzati, aggiornamenti regolari e assistenza clienti integrata per un&#039;esperienza senza intoppi.\" \/>\n<meta property=\"og:url\" content=\"https:\/\/choco-spin.net\/it\/applicazione\/\" \/>\n<meta property=\"og:site_name\" content=\"chocospin\" \/>\n<meta property=\"article:modified_time\" content=\"2026-02-23T11:09:06+00:00\" \/>\n<meta name=\"twitter:card\" content=\"summary_large_image\" \/>\n<meta name=\"twitter:label1\" content=\"Est. reading time\" \/>\n\t<meta name=\"twitter:data1\" content=\"1 minute\" \/>\n<script type=\"application\/ld+json\" class=\"yoast-schema-graph\">{\"@context\":\"https:\\\/\\\/schema.org\",\"@graph\":[{\"@type\":\"WebPage\",\"@id\":\"https:\\\/\\\/choco-spin.net\\\/it\\\/applicazione\\\/\",\"url\":\"https:\\\/\\\/choco-spin.net\\\/it\\\/applicazione\\\/\",\"name\":\"Chocospin App | Piattaforme iOS e Android\",\"isPartOf\":{\"@id\":\"https:\\\/\\\/choco-spin.net\\\/it\\\/#website\"},\"datePublished\":\"2026-02-20T14:53:26+00:00\",\"dateModified\":\"2026-02-23T11:09:06+00:00\",\"description\":\"L'app Chocospin offre un'esperienza di gioco fluida su Android, iOS, Windows e macOS, con account sincronizzati, aggiornamenti regolari e assistenza clienti integrata per un'esperienza senza intoppi.\",\"breadcrumb\":{\"@id\":\"https:\\\/\\\/choco-spin.net\\\/it\\\/applicazione\\\/#breadcrumb\"},\"inLanguage\":\"it-IT\",\"potentialAction\":[{\"@type\":\"ReadAction\",\"target\":[\"https:\\\/\\\/choco-spin.net\\\/it\\\/applicazione\\\/\"]}]},{\"@type\":\"BreadcrumbList\",\"@id\":\"https:\\\/\\\/choco-spin.net\\\/it\\\/applicazione\\\/#breadcrumb\",\"itemListElement\":[{\"@type\":\"ListItem\",\"position\":1,\"name\":\"Chocospin\",\"item\":\"https:\\\/\\\/choco-spin.net\\\/it\\\/\"},{\"@type\":\"ListItem\",\"position\":2,\"name\":\"Applicazione\"}]},{\"@type\":\"WebSite\",\"@id\":\"https:\\\/\\\/choco-spin.net\\\/it\\\/#website\",\"url\":\"https:\\\/\\\/choco-spin.net\\\/it\\\/\",\"name\":\"Chocospin\",\"description\":\"\",\"publisher\":{\"@id\":\"https:\\\/\\\/choco-spin.net\\\/it\\\/#organization\"},\"potentialAction\":[{\"@type\":\"SearchAction\",\"target\":{\"@type\":\"EntryPoint\",\"urlTemplate\":\"https:\\\/\\\/choco-spin.net\\\/it\\\/?s={search_term_string}\"},\"query-input\":{\"@type\":\"PropertyValueSpecification\",\"valueRequired\":true,\"valueName\":\"search_term_string\"}}],\"inLanguage\":\"it-IT\"},{\"@type\":\"Organization\",\"@id\":\"https:\\\/\\\/choco-spin.net\\\/it\\\/#organization\",\"name\":\"Chocospin\",\"url\":\"https:\\\/\\\/choco-spin.net\\\/it\\\/\",\"logo\":{\"@type\":\"ImageObject\",\"inLanguage\":\"it-IT\",\"@id\":\"https:\\\/\\\/choco-spin.net\\\/it\\\/#\\\/schema\\\/logo\\\/image\\\/\",\"url\":\"https:\\\/\\\/choco-spin.net\\\/wp-content\\\/uploads\\\/2025\\\/07\\\/80u1FaquEZeR6OUTeJCc.png\",\"contentUrl\":\"https:\\\/\\\/choco-spin.net\\\/wp-content\\\/uploads\\\/2025\\\/07\\\/80u1FaquEZeR6OUTeJCc.png\",\"width\":123,\"height\":20,\"caption\":\"Chocospin\"},\"image\":{\"@id\":\"https:\\\/\\\/choco-spin.net\\\/it\\\/#\\\/schema\\\/logo\\\/image\\\/\"}}]}<\/script>\n<!-- \/ Yoast SEO plugin. -->","yoast_head_json":{"title":"Chocospin App | Piattaforme iOS e Android","description":"L'app Chocospin offre un'esperienza di gioco fluida su Android, iOS, Windows e macOS, con account sincronizzati, aggiornamenti regolari e assistenza clienti integrata per un'esperienza senza intoppi.","robots":{"index":"index","follow":"follow","max-snippet":"max-snippet:-1","max-image-preview":"max-image-preview:large","max-video-preview":"max-video-preview:-1"},"canonical":"https:\/\/choco-spin.net\/it\/applicazione\/","og_locale":"it_IT","og_type":"article","og_title":"Chocospin App | Piattaforme iOS e Android","og_description":"L'app Chocospin offre un'esperienza di gioco fluida su Android, iOS, Windows e macOS, con account sincronizzati, aggiornamenti regolari e assistenza clienti integrata per un'esperienza senza intoppi.","og_url":"https:\/\/choco-spin.net\/it\/applicazione\/","og_site_name":"chocospin","article_modified_time":"2026-02-23T11:09:06+00:00","twitter_card":"summary_large_image","twitter_misc":{"Est. reading time":"1 minute"},"schema":{"@context":"https:\/\/schema.org","@graph":[{"@type":"WebPage","@id":"https:\/\/choco-spin.net\/it\/applicazione\/","url":"https:\/\/choco-spin.net\/it\/applicazione\/","name":"Chocospin App | Piattaforme iOS e Android","isPartOf":{"@id":"https:\/\/choco-spin.net\/it\/#website"},"datePublished":"2026-02-20T14:53:26+00:00","dateModified":"2026-02-23T11:09:06+00:00","description":"L'app Chocospin offre un'esperienza di gioco fluida su Android, iOS, Windows e macOS, con account sincronizzati, aggiornamenti regolari e assistenza clienti integrata per un'esperienza senza intoppi.","breadcrumb":{"@id":"https:\/\/choco-spin.net\/it\/applicazione\/#breadcrumb"},"inLanguage":"it-IT","potentialAction":[{"@type":"ReadAction","target":["https:\/\/choco-spin.net\/it\/applicazione\/"]}]},{"@type":"BreadcrumbList","@id":"https:\/\/choco-spin.net\/it\/applicazione\/#breadcrumb","itemListElement":[{"@type":"ListItem","position":1,"name":"Chocospin","item":"https:\/\/choco-spin.net\/it\/"},{"@type":"ListItem","position":2,"name":"Applicazione"}]},{"@type":"WebSite","@id":"https:\/\/choco-spin.net\/it\/#website","url":"https:\/\/choco-spin.net\/it\/","name":"Chocospin","description":"","publisher":{"@id":"https:\/\/choco-spin.net\/it\/#organization"},"potentialAction":[{"@type":"SearchAction","target":{"@type":"EntryPoint","urlTemplate":"https:\/\/choco-spin.net\/it\/?s={search_term_string}"},"query-input":{"@type":"PropertyValueSpecification","valueRequired":true,"valueName":"search_term_string"}}],"inLanguage":"it-IT"},{"@type":"Organization","@id":"https:\/\/choco-spin.net\/it\/#organization","name":"Chocospin","url":"https:\/\/choco-spin.net\/it\/","logo":{"@type":"ImageObject","inLanguage":"it-IT","@id":"https:\/\/choco-spin.net\/it\/#\/schema\/logo\/image\/","url":"https:\/\/choco-spin.net\/wp-content\/uploads\/2025\/07\/80u1FaquEZeR6OUTeJCc.png","contentUrl":"https:\/\/choco-spin.net\/wp-content\/uploads\/2025\/07\/80u1FaquEZeR6OUTeJCc.png","width":123,"height":20,"caption":"Chocospin"},"image":{"@id":"https:\/\/choco-spin.net\/it\/#\/schema\/logo\/image\/"}}]}},"_links":{"self":[{"href":"https:\/\/choco-spin.net\/it\/wp-json\/wp\/v2\/pages\/1441","targetHints":{"allow":["GET"]}}],"collection":[{"href":"https:\/\/choco-spin.net\/it\/wp-json\/wp\/v2\/pages"}],"about":[{"href":"https:\/\/choco-spin.net\/it\/wp-json\/wp\/v2\/types\/page"}],"author":[{"embeddable":true,"href":"https:\/\/choco-spin.net\/it\/wp-json\/wp\/v2\/users\/1"}],"replies":[{"embeddable":true,"href":"https:\/\/choco-spin.net\/it\/wp-json\/wp\/v2\/comments?post=1441"}],"version-history":[{"count":2,"href":"https:\/\/choco-spin.net\/it\/wp-json\/wp\/v2\/pages\/1441\/revisions"}],"predecessor-version":[{"id":1920,"href":"https:\/\/choco-spin.net\/it\/wp-json\/wp\/v2\/pages\/1441\/revisions\/1920"}],"wp:attachment":[{"href":"https:\/\/choco-spin.net\/it\/wp-json\/wp\/v2\/media?parent=1441"}],"curies":[{"name":"wp","href":"https:\/\/api.w.org\/{rel}","templated":true}]}}