{"id":1455,"date":"2026-02-23T08:03:15","date_gmt":"2026-02-23T08:03:15","guid":{"rendered":"https:\/\/choco-spin.net\/bonus\/"},"modified":"2026-02-23T11:19:51","modified_gmt":"2026-02-23T11:19:51","slug":"bonus","status":"publish","type":"page","link":"https:\/\/choco-spin.net\/it\/bonus\/","title":{"rendered":"Bonus"},"content":{"rendered":"<h1>Bonus e premi di Chocospin Casino<\/h1>\n<p>\u00c8 sempre piacevole ottenere vantaggi aggiuntivi giocando ai tuoi giochi preferiti. Con le opzioni di Chocospin bonus, \u00e8 possibile. Le tue opportunit\u00e0 sono quasi infinite. I nostri utenti italiani possono ottenere giri gratuiti aggiuntivi, rimborsi o bonus in denaro. Tutte le promozioni sul nostro sito web hanno termini e condizioni chiari e puoi sempre contattare il team di assistenza se riscontri problemi.<\/p>\n<p><div class=\"banner-wrap\" aria-label=\"Banner\"><img src=\"https:\/\/choco-spin.net\/wp-content\/uploads\/2026\/02\/Chocospin-banner-desktop.webp\" class=\"w-100 d-none d-lg-block img-pc main-banner-img\" alt=\"Chocospin banner desktop\" fetchpriority=\"high\" decoding=\"async\"><img src=\"https:\/\/choco-spin.net\/wp-content\/uploads\/2026\/02\/Chocospin-Banner-mobile.webp\" class=\"w-100 d-none d-md-block d-lg-none main-banner-img\" alt=\"Chocospin Banner mobile\" fetchpriority=\"high\" decoding=\"async\"><img src=\"https:\/\/choco-spin.net\/wp-content\/uploads\/2026\/02\/Chocospin-Banner-mobile.webp\" class=\"w-100 d-md-none\" alt=\"Chocospin Banner mobile\" fetchpriority=\"high\" decoding=\"async\"><div class=\"banner-description\">\n<div class=\"banner-title\">Bonus di benvenuto<\/div>\n<p class=\"banner-header-title\">\u20ac1500<\/p>\n<div class=\"banner-header-AdditionalText\">+ 250 Giri gratuiti<\/div>\n<button data-item=\"homepage_banner_link\" class=\"goto m-button m-gradient-border m-button--primary m-button--large banner-button btn-orange\">\n            <div class=\"m-button-content\">\n                <span>Iscriviti ora<\/span>\n                <span><\/span>\n            <\/div>\n        <\/button>\n<\/div>\n<div class=\"WelcomePack\">\n<p><img loading=\"lazy\" decoding=\"async\" class=\"alignnone size-full wp-image-1385\" src=\"https:\/\/choco-spin.net\/wp-content\/uploads\/2026\/02\/welcome-crown.png\" alt=\"welcome crown\" width=\"25\" height=\"26\" \/><\/p>\n<div class=\"WelcomePack-Info\">Cashback settimanale fino al 25%<\/div>\n<p><img loading=\"lazy\" decoding=\"async\" class=\"alignnone size-full wp-image-1385\" src=\"https:\/\/choco-spin.net\/wp-content\/uploads\/2026\/02\/welcome-crown.png\" alt=\"welcome crown\" width=\"25\" height=\"26\" \/><\/p>\n<\/div>\n<\/div><div class=\"promotions-wrap\"><div class=\"promotion-card\" style=\"background-image: url(https:\/\/choco-spin.net\/wp-content\/uploads\/2026\/02\/First-deposit.webp);\"><h2 class=\"promotion-card__title\">Bonus sul primo deposito<\/h2><label class=\"promotion-card__offer\">100% fino a \u20ac 500 + 150 giri gratuiti<\/label><label class=\"promotion-card__description\"><\/label><div class=\"promotion-card__actions\"><button data-item=\"payments_link\" data-group=\"website_links\" class=\"goto btn btn-orange rounded-pill fw-bold px-4 m-button m-gradient-border m-button--primary m-button--large promotion-button promotion-card__action-btn\" aria-label=\"Iscriviti\"><div class=\"m-button-content\"><span class=\"promotion-button__content\">Iscriviti<\/span><\/div><\/button><button data-item=\"http:\/\/bonus_link\" data-group=\"website_links\" class=\"goto m-button m-gradient-border m-button--secondary m-button--medium promotion-card__info-btn\" aria-label=\"More information\"><div class=\"m-button-content\"><svg viewBox=\"0 0 24 24\" fill=\"none\" xmlns=\"http:\/\/www.w3.org\/2000\/svg\" class=\"m-icon m-icon-loadable\" name=\"Attention\" loading=\"false\" aria-hidden=\"true\"><path d=\"M12 22C6.477 22 2 17.522 2 12S6.477 2 12 2s10 4.478 10 10-4.477 10-10 10m-.002-13.004a.999.999 0 1 0 0-1.997.999.999 0 0 0 0 1.997M12 17a1 1 0 0 0 .993-.884L13 16l-.002-5.001-.007-.117a1 1 0 0 0-1.986 0l-.007.117L11 16l.007.117A1 1 0 0 0 12 17\" fill=\"currentColor\"><\/path><\/svg><\/div><\/button><\/div><\/div><div class=\"promotion-card\" style=\"background-image: url(https:\/\/choco-spin.net\/wp-content\/uploads\/2026\/02\/Second-deposit.webp);\"><h2 class=\"promotion-card__title\">Bonus sul secondo deposito<\/h2><label class=\"promotion-card__offer\">55% fino a \u20ac 500 + 100 giri gratuiti<\/label><label class=\"promotion-card__description\"><\/label><div class=\"promotion-card__actions\"><button data-item=\"payments_link\" data-group=\"website_links\" class=\"goto btn btn-orange rounded-pill fw-bold px-4 m-button m-gradient-border m-button--primary m-button--large promotion-button promotion-card__action-btn\" aria-label=\"Iscriviti\"><div class=\"m-button-content\"><span class=\"promotion-button__content\">Iscriviti<\/span><\/div><\/button><button data-item=\"http:\/\/bonus_link\" data-group=\"website_links\" class=\"goto m-button m-gradient-border m-button--secondary m-button--medium promotion-card__info-btn\" aria-label=\"More information\"><div class=\"m-button-content\"><svg viewBox=\"0 0 24 24\" fill=\"none\" xmlns=\"http:\/\/www.w3.org\/2000\/svg\" class=\"m-icon m-icon-loadable\" name=\"Attention\" loading=\"false\" aria-hidden=\"true\"><path d=\"M12 22C6.477 22 2 17.522 2 12S6.477 2 12 2s10 4.478 10 10-4.477 10-10 10m-.002-13.004a.999.999 0 1 0 0-1.997.999.999 0 0 0 0 1.997M12 17a1 1 0 0 0 .993-.884L13 16l-.002-5.001-.007-.117a1 1 0 0 0-1.986 0l-.007.117L11 16l.007.117A1 1 0 0 0 12 17\" fill=\"currentColor\"><\/path><\/svg><\/div><\/button><\/div><\/div><div class=\"promotion-card\" style=\"background-image: url(https:\/\/choco-spin.net\/wp-content\/uploads\/2026\/02\/Third-deposit.webp);\"><h2 class=\"promotion-card__title\">Bonus sul terzo deposito<\/h2><label class=\"promotion-card__offer\">100% fino a \u20ac 500<\/label><label class=\"promotion-card__description\"><\/label><div class=\"promotion-card__actions\"><button data-item=\"payments_link\" data-group=\"website_links\" class=\"goto btn btn-orange rounded-pill fw-bold px-4 m-button m-gradient-border m-button--primary m-button--large promotion-button promotion-card__action-btn\" aria-label=\"Iscriviti\"><div class=\"m-button-content\"><span class=\"promotion-button__content\">Iscriviti<\/span><\/div><\/button><button data-item=\"http:\/\/bonus_link\" data-group=\"website_links\" class=\"goto m-button m-gradient-border m-button--secondary m-button--medium promotion-card__info-btn\" aria-label=\"More information\"><div class=\"m-button-content\"><svg viewBox=\"0 0 24 24\" fill=\"none\" xmlns=\"http:\/\/www.w3.org\/2000\/svg\" class=\"m-icon m-icon-loadable\" name=\"Attention\" loading=\"false\" aria-hidden=\"true\"><path d=\"M12 22C6.477 22 2 17.522 2 12S6.477 2 12 2s10 4.478 10 10-4.477 10-10 10m-.002-13.004a.999.999 0 1 0 0-1.997.999.999 0 0 0 0 1.997M12 17a1 1 0 0 0 .993-.884L13 16l-.002-5.001-.007-.117a1 1 0 0 0-1.986 0l-.007.117L11 16l.007.117A1 1 0 0 0 12 17\" fill=\"currentColor\"><\/path><\/svg><\/div><\/button><\/div><\/div><div class=\"promotion-card\" style=\"background-image: url(https:\/\/choco-spin.net\/wp-content\/uploads\/2026\/02\/Cashback.webp);\"><h2 class=\"promotion-card__title\">Cashback settimanale<\/h2><label class=\"promotion-card__offer\">fino al 25%<\/label><label class=\"promotion-card__description\"><\/label><div class=\"promotion-card__actions\"><button data-item=\"payments_link\" data-group=\"website_links\" class=\"goto btn btn-orange rounded-pill fw-bold px-4 m-button m-gradient-border m-button--primary m-button--large promotion-button promotion-card__action-btn\" aria-label=\"Iscriviti\"><div class=\"m-button-content\"><span class=\"promotion-button__content\">Iscriviti<\/span><\/div><\/button><button data-item=\"http:\/\/bonus_link\" data-group=\"website_links\" class=\"goto m-button m-gradient-border m-button--secondary m-button--medium promotion-card__info-btn\" aria-label=\"More information\"><div class=\"m-button-content\"><svg viewBox=\"0 0 24 24\" fill=\"none\" xmlns=\"http:\/\/www.w3.org\/2000\/svg\" class=\"m-icon m-icon-loadable\" name=\"Attention\" loading=\"false\" aria-hidden=\"true\"><path d=\"M12 22C6.477 22 2 17.522 2 12S6.477 2 12 2s10 4.478 10 10-4.477 10-10 10m-.002-13.004a.999.999 0 1 0 0-1.997.999.999 0 0 0 0 1.997M12 17a1 1 0 0 0 .993-.884L13 16l-.002-5.001-.007-.117a1 1 0 0 0-1.986 0l-.007.117L11 16l.007.117A1 1 0 0 0 12 17\" fill=\"currentColor\"><\/path><\/svg><\/div><\/button><\/div><\/div><div class=\"promotion-card\" style=\"background-image: url(https:\/\/choco-spin.net\/wp-content\/uploads\/2026\/02\/Sunday-reload.webp);\"><h2 class=\"promotion-card__title\">Ricarica domenicale<\/h2><label class=\"promotion-card__offer\">25% fino a 100 \u20ac<\/label><label class=\"promotion-card__description\"><\/label><div class=\"promotion-card__actions\"><button data-item=\"payments_link\" data-group=\"website_links\" class=\"goto btn btn-orange rounded-pill fw-bold px-4 m-button m-gradient-border m-button--primary m-button--large promotion-button promotion-card__action-btn\" aria-label=\"Iscriviti\"><div class=\"m-button-content\"><span class=\"promotion-button__content\">Iscriviti<\/span><\/div><\/button><button data-item=\"http:\/\/bonus_link\" data-group=\"website_links\" class=\"goto m-button m-gradient-border m-button--secondary m-button--medium promotion-card__info-btn\" aria-label=\"More information\"><div class=\"m-button-content\"><svg viewBox=\"0 0 24 24\" fill=\"none\" xmlns=\"http:\/\/www.w3.org\/2000\/svg\" class=\"m-icon m-icon-loadable\" name=\"Attention\" loading=\"false\" aria-hidden=\"true\"><path d=\"M12 22C6.477 22 2 17.522 2 12S6.477 2 12 2s10 4.478 10 10-4.477 10-10 10m-.002-13.004a.999.999 0 1 0 0-1.997.999.999 0 0 0 0 1.997M12 17a1 1 0 0 0 .993-.884L13 16l-.002-5.001-.007-.117a1 1 0 0 0-1.986 0l-.007.117L11 16l.007.117A1 1 0 0 0 12 17\" fill=\"currentColor\"><\/path><\/svg><\/div><\/button><\/div><\/div><div class=\"promotion-card\" style=\"background-image: url(https:\/\/choco-spin.net\/wp-content\/uploads\/Rakeback.webp);\"><h2 class=\"promotion-card__title\">Rakeback<\/h2><label class=\"promotion-card__offer\">fino al 17%<\/label><label class=\"promotion-card__description\"><\/label><div class=\"promotion-card__actions\"><button data-item=\"payments_link\" data-group=\"website_links\" class=\"goto btn btn-orange rounded-pill fw-bold px-4 m-button m-gradient-border m-button--primary m-button--large promotion-button promotion-card__action-btn\" aria-label=\"Iscriviti\"><div class=\"m-button-content\"><span class=\"promotion-button__content\">Iscriviti<\/span><\/div><\/button><button data-item=\"http:\/\/bonus_link\" data-group=\"website_links\" class=\"goto m-button m-gradient-border m-button--secondary m-button--medium promotion-card__info-btn\" aria-label=\"More information\"><div class=\"m-button-content\"><svg viewBox=\"0 0 24 24\" fill=\"none\" xmlns=\"http:\/\/www.w3.org\/2000\/svg\" class=\"m-icon m-icon-loadable\" name=\"Attention\" loading=\"false\" aria-hidden=\"true\"><path d=\"M12 22C6.477 22 2 17.522 2 12S6.477 2 12 2s10 4.478 10 10-4.477 10-10 10m-.002-13.004a.999.999 0 1 0 0-1.997.999.999 0 0 0 0 1.997M12 17a1 1 0 0 0 .993-.884L13 16l-.002-5.001-.007-.117a1 1 0 0 0-1.986 0l-.007.117L11 16l.007.117A1 1 0 0 0 12 17\" fill=\"currentColor\"><\/path><\/svg><\/div><\/button><\/div><\/div><div class=\"promotion-card\" style=\"background-image: url(https:\/\/choco-spin.net\/wp-content\/uploads\/Highroller-bonus.webp);\"><h2 class=\"promotion-card__title\">Bonus highroller<\/h2><label class=\"promotion-card__offer\">50% fino a 500 \u20ac<\/label><label class=\"promotion-card__description\"><\/label><div class=\"promotion-card__actions\"><button data-item=\"payments_link\" data-group=\"website_links\" class=\"goto btn btn-orange rounded-pill fw-bold px-4 m-button m-gradient-border m-button--primary m-button--large promotion-button promotion-card__action-btn\" aria-label=\"Iscriviti\"><div class=\"m-button-content\"><span class=\"promotion-button__content\">Iscriviti<\/span><\/div><\/button><button data-item=\"http:\/\/bonus_link\" data-group=\"website_links\" class=\"goto m-button m-gradient-border m-button--secondary m-button--medium promotion-card__info-btn\" aria-label=\"More information\"><div class=\"m-button-content\"><svg viewBox=\"0 0 24 24\" fill=\"none\" xmlns=\"http:\/\/www.w3.org\/2000\/svg\" class=\"m-icon m-icon-loadable\" name=\"Attention\" loading=\"false\" aria-hidden=\"true\"><path d=\"M12 22C6.477 22 2 17.522 2 12S6.477 2 12 2s10 4.478 10 10-4.477 10-10 10m-.002-13.004a.999.999 0 1 0 0-1.997.999.999 0 0 0 0 1.997M12 17a1 1 0 0 0 .993-.884L13 16l-.002-5.001-.007-.117a1 1 0 0 0-1.986 0l-.007.117L11 16l.007.117A1 1 0 0 0 12 17\" fill=\"currentColor\"><\/path><\/svg><\/div><\/button><\/div><\/div><\/div><div class=\"scrollable-content-wrap my-5\"><div class=\"scrollable-content-inner\"><h2>Informazioni sulle promozioni<\/h2>\n<p>Su Chocospin Casino ci sono offerte per i clienti nuovi e quelli abituali. Trattiamo tutti i nostri clienti allo stesso modo e vogliamo esprimere la nostra gratitudine attraverso generose promozioni. I giocatori appena registrati ricevono automaticamente il pacchetto di benvenuto che contiene giri gratuiti e denaro.<\/p>\n<p>Dopo aver completato i requisiti del bonus Chocospin per i nuovi clienti, avrai accesso a tutte le opzioni disponibili per gli utenti abituali. Abbiamo studiato attentamente il mercato promozionale per offrirti le migliori opzioni tra cui scegliere:<\/p>\n<ul>\n<li>Cashback settimanale fino al 25%<\/li>\n<li>Rakeback fino al 17%<\/li>\n<li>Bonus highroller del 50% fino a 500 \u20ac<\/li>\n<li>Ricarica domenicale del 25% fino a 100 \u20ac<\/li>\n<\/ul>\n<h2>Tornei Choco Spin Casino<\/h2>\n<p>Per aggiungere qualcosa di nuovo ed emozionante al gioco, come parte della nostra collezione di bonus Chocospin, offriamo dei tornei. Ogni evento ha le sue regole e si applica a diverse categorie di giochi o fornitori di software. La partecipazione pu\u00f2 essere automatica o richiedere una quota speciale. Ecco perch\u00e9 consigliamo sempre di leggere le regole prima di attivare il torneo su Choco Spin.<\/p>\n<p>La maggior parte degli eventi sulla nostra piattaforma sono pensati per le slot pi\u00f9 popolari e i titoli con croupier dal vivo. I tornei di Chocospin Casino sono perfetti per chi ama le competizioni. Inoltre, sono un&#8217;occasione per vincere grandi somme e conquistare un posto nella classifica. Di seguito puoi familiarizzare con i tornei attualmente disponibili.<\/p>\n<table>\n<tbody>\n<tr>\n<td>Evento<\/td>\n<td>Montepremi<\/td>\n<td>Dettagli<\/td>\n<\/tr>\n<tr>\n<td>Spinoleague<\/td>\n<td>12.000.000 \u20ac<\/td>\n<td>Uno dei pi\u00f9 grandi eventi nel settore del gioco d&#8217;azzardo, creato appositamente per le slot Spinomenal.<\/td>\n<\/tr>\n<tr>\n<td>Torneo live<\/td>\n<td>10.000 \u20ac<\/td>\n<td>\u00c8 la scelta perfetta per gli utenti che amano i titoli dei casin\u00f2 live. L&#8217;evento \u00e8 disponibile ogni 3 giorni.<\/td>\n<\/tr>\n<tr>\n<td>Rookie Rumble Tournament<\/td>\n<td>2.500 \u20ac al giorno<\/td>\n<td>Questa competizione \u00e8 adatta ai principianti, pensata per i nuovi giocatori, che possono accumulare punti in base al loro gameplay.<\/td>\n<\/tr>\n<\/tbody>\n<\/table>\n<h2>Offerta di benvenuto di Chocospin Casino<\/h2>\n<p>Per motivarti ancora di pi\u00f9 a registrarti sul nostro sito web, offriamo a tutti il bonus Chocospin per i nuovi clienti. Ogni utente lo riceve automaticamente dopo aver creato un account ed effettuato il primo deposito. Il pacchetto di benvenuto include 1.500 \u20ac di bonus e 250 giri gratuiti. Sar\u00e0 distribuito sui tuoi primi tre depositi su Choco Spin.<\/p>\n<p>Per il primo deposito, riceverai il 100% fino a 500 \u20ac + 150 giri gratuiti. Il deposito successivo pu\u00f2 portarti il 55% fino a 500 \u20ac + 100 giri gratuiti. Per completare il pacchetto di benvenuto di Chocospin Casino, puoi effettuare il tuo terzo deposito e ricevere il 100% fino a 500 \u20ac.<\/p>\n<p><img loading=\"lazy\" decoding=\"async\" src=\"https:\/\/choco-spin.net\/wp-content\/uploads\/Bonuses-and-Promotions-Chocospin.webp\" alt=\"Bonuses and Promotions Chocospin\" width=\"1248\" height=\"536\" \/><\/p>\n<h2>Termini e condizioni del bonus giocatore<\/h2>\n<p>Tutte le offerte bonus di Chocospin hanno regole specifiche. Queste possono variare da promozione a promozione. \u00c8 molto importante leggere i termini e le condizioni del bonus prima di attivarlo. In questo modo, potrai contare sui massimi vantaggi.<\/p>\n<p>Una delle cose pi\u00f9 importanti \u00e8 che una persona pu\u00f2 avere solo una promozione di deposito attiva. Se notiamo che stai tentando di aggirare o violare le regole di Chocospin, ci riserviamo il diritto di annullare il bonus e invalidare le vincite.<\/p>\n<p>Dai sempre un&#8217;occhiata alle seguenti categorie di regole, poich\u00e9 solo dopo averle soddisfatte tutti gli utenti possono ottenere la ricompensa:<\/p>\n<ul>\n<li>Periodo di validit\u00e0<\/li>\n<li>Contributo del gioco<\/li>\n<li>Puntata massima<\/li>\n<li>Deposito minimo<\/li>\n<li>Requisiti di scommessa<\/li>\n<\/ul>\n<h2>Domande frequenti<\/h2>\n<h3>Come posso riscattare il bonus di benvenuto su Choco Spin Casino?<\/h3>\n<p>Per ottenere il bonus Chocospin per i nuovi clienti, non sono necessari codici promozionali aggiuntivi. Basta registrarsi sulla piattaforma tramite PC o dispositivo mobile ed effettuare un deposito di almeno 20 \u20ac. La promozione apparir\u00e0 automaticamente nel tuo profilo. \u00c8 valida per 7 giorni dopo l&#8217;attivazione.<\/p>\n<h3>I bonus di Choco Spin Casino sono validi per tutti i giochi?<\/h3>\n<p>Ogni bonus ha le sue regole specifiche. Alcuni saranno validi solo per le slot. Altri avranno una percentuale di impatto diversa. Familiarizza sempre con i requisiti della promozione.<\/p>\n<h3>Ho attivato il mio bonus ma non \u00e8 apparso nel mio account. Cosa devo fare?<\/h3>\n<p>Gli utenti devono verificare di aver soddisfatto i requisiti di attivazione dell&#8217;offerta. Non dimenticare il deposito minimo. Se tutto \u00e8 a posto, contatta il nostro team di assistenza tramite live chat o e-mail e troveremo una soluzione.<\/p>\n<\/div><\/div><\/p>\n","protected":false},"excerpt":{"rendered":"<p>Bonus e premi di Chocospin Casino \u00c8 sempre piacevole ottenere vantaggi aggiuntivi giocando ai tuoi giochi preferiti. Con le opzioni di Chocospin bonus, \u00e8 possibile. Le tue opportunit\u00e0 sono quasi infinite. I nostri utenti italiani possono ottenere giri gratuiti aggiuntivi, rimborsi o bonus in denaro. Tutte le promozioni sul nostro sito web hanno termini e [&hellip;]<\/p>\n","protected":false},"author":1,"featured_media":0,"parent":0,"menu_order":0,"comment_status":"closed","ping_status":"closed","template":"template-builder.php","meta":{"_acf_changed":false,"inline_featured_image":false,"footnotes":""},"class_list":["post-1455","page","type-page","status-publish","hentry"],"acf":[],"yoast_head":"<!-- This site is optimized with the Yoast SEO plugin v27.3 - https:\/\/yoast.com\/product\/yoast-seo-wordpress\/ -->\n<title>Chocospin casin\u00f2 Bonus e premi esclusivi<\/title>\n<meta name=\"description\" content=\"Scopri gli esclusivi bonus di Chocospin Casino, con generose offerte di benvenuto, bonus sul deposito, promozioni continue ed emozionanti tornei. Trova tutte le condizioni dei bonus e le istruzioni per richiederli facilmente in un unico posto.\" \/>\n<meta name=\"robots\" content=\"index, follow, max-snippet:-1, max-image-preview:large, max-video-preview:-1\" \/>\n<link rel=\"canonical\" href=\"https:\/\/choco-spin.net\/it\/bonus\/\" \/>\n<meta property=\"og:locale\" content=\"it_IT\" \/>\n<meta property=\"og:type\" content=\"article\" \/>\n<meta property=\"og:title\" content=\"Chocospin casin\u00f2 Bonus e premi esclusivi\" \/>\n<meta property=\"og:description\" content=\"Scopri gli esclusivi bonus di Chocospin Casino, con generose offerte di benvenuto, bonus sul deposito, promozioni continue ed emozionanti tornei. Trova tutte le condizioni dei bonus e le istruzioni per richiederli facilmente in un unico posto.\" \/>\n<meta property=\"og:url\" content=\"https:\/\/choco-spin.net\/it\/bonus\/\" \/>\n<meta property=\"og:site_name\" content=\"chocospin\" \/>\n<meta property=\"article:modified_time\" content=\"2026-02-23T11:19:51+00:00\" \/>\n<meta name=\"twitter:card\" content=\"summary_large_image\" \/>\n<meta name=\"twitter:label1\" content=\"Est. reading time\" \/>\n\t<meta name=\"twitter:data1\" content=\"1 minute\" \/>\n<script type=\"application\/ld+json\" class=\"yoast-schema-graph\">{\"@context\":\"https:\\\/\\\/schema.org\",\"@graph\":[{\"@type\":\"WebPage\",\"@id\":\"https:\\\/\\\/choco-spin.net\\\/it\\\/bonus\\\/\",\"url\":\"https:\\\/\\\/choco-spin.net\\\/it\\\/bonus\\\/\",\"name\":\"Chocospin casin\u00f2 Bonus e premi esclusivi\",\"isPartOf\":{\"@id\":\"https:\\\/\\\/choco-spin.net\\\/it\\\/#website\"},\"datePublished\":\"2026-02-23T08:03:15+00:00\",\"dateModified\":\"2026-02-23T11:19:51+00:00\",\"description\":\"Scopri gli esclusivi bonus di Chocospin Casino, con generose offerte di benvenuto, bonus sul deposito, promozioni continue ed emozionanti tornei. Trova tutte le condizioni dei bonus e le istruzioni per richiederli facilmente in un unico posto.\",\"breadcrumb\":{\"@id\":\"https:\\\/\\\/choco-spin.net\\\/it\\\/bonus\\\/#breadcrumb\"},\"inLanguage\":\"it-IT\",\"potentialAction\":[{\"@type\":\"ReadAction\",\"target\":[\"https:\\\/\\\/choco-spin.net\\\/it\\\/bonus\\\/\"]}]},{\"@type\":\"BreadcrumbList\",\"@id\":\"https:\\\/\\\/choco-spin.net\\\/it\\\/bonus\\\/#breadcrumb\",\"itemListElement\":[{\"@type\":\"ListItem\",\"position\":1,\"name\":\"Chocospin\",\"item\":\"https:\\\/\\\/choco-spin.net\\\/it\\\/\"},{\"@type\":\"ListItem\",\"position\":2,\"name\":\"Bonus\"}]},{\"@type\":\"WebSite\",\"@id\":\"https:\\\/\\\/choco-spin.net\\\/it\\\/#website\",\"url\":\"https:\\\/\\\/choco-spin.net\\\/it\\\/\",\"name\":\"Chocospin\",\"description\":\"\",\"publisher\":{\"@id\":\"https:\\\/\\\/choco-spin.net\\\/it\\\/#organization\"},\"potentialAction\":[{\"@type\":\"SearchAction\",\"target\":{\"@type\":\"EntryPoint\",\"urlTemplate\":\"https:\\\/\\\/choco-spin.net\\\/it\\\/?s={search_term_string}\"},\"query-input\":{\"@type\":\"PropertyValueSpecification\",\"valueRequired\":true,\"valueName\":\"search_term_string\"}}],\"inLanguage\":\"it-IT\"},{\"@type\":\"Organization\",\"@id\":\"https:\\\/\\\/choco-spin.net\\\/it\\\/#organization\",\"name\":\"Chocospin\",\"url\":\"https:\\\/\\\/choco-spin.net\\\/it\\\/\",\"logo\":{\"@type\":\"ImageObject\",\"inLanguage\":\"it-IT\",\"@id\":\"https:\\\/\\\/choco-spin.net\\\/it\\\/#\\\/schema\\\/logo\\\/image\\\/\",\"url\":\"https:\\\/\\\/choco-spin.net\\\/wp-content\\\/uploads\\\/2025\\\/07\\\/80u1FaquEZeR6OUTeJCc.png\",\"contentUrl\":\"https:\\\/\\\/choco-spin.net\\\/wp-content\\\/uploads\\\/2025\\\/07\\\/80u1FaquEZeR6OUTeJCc.png\",\"width\":123,\"height\":20,\"caption\":\"Chocospin\"},\"image\":{\"@id\":\"https:\\\/\\\/choco-spin.net\\\/it\\\/#\\\/schema\\\/logo\\\/image\\\/\"}}]}<\/script>\n<!-- \/ Yoast SEO plugin. -->","yoast_head_json":{"title":"Chocospin casin\u00f2 Bonus e premi esclusivi","description":"Scopri gli esclusivi bonus di Chocospin Casino, con generose offerte di benvenuto, bonus sul deposito, promozioni continue ed emozionanti tornei. Trova tutte le condizioni dei bonus e le istruzioni per richiederli facilmente in un unico posto.","robots":{"index":"index","follow":"follow","max-snippet":"max-snippet:-1","max-image-preview":"max-image-preview:large","max-video-preview":"max-video-preview:-1"},"canonical":"https:\/\/choco-spin.net\/it\/bonus\/","og_locale":"it_IT","og_type":"article","og_title":"Chocospin casin\u00f2 Bonus e premi esclusivi","og_description":"Scopri gli esclusivi bonus di Chocospin Casino, con generose offerte di benvenuto, bonus sul deposito, promozioni continue ed emozionanti tornei. Trova tutte le condizioni dei bonus e le istruzioni per richiederli facilmente in un unico posto.","og_url":"https:\/\/choco-spin.net\/it\/bonus\/","og_site_name":"chocospin","article_modified_time":"2026-02-23T11:19:51+00:00","twitter_card":"summary_large_image","twitter_misc":{"Est. reading time":"1 minute"},"schema":{"@context":"https:\/\/schema.org","@graph":[{"@type":"WebPage","@id":"https:\/\/choco-spin.net\/it\/bonus\/","url":"https:\/\/choco-spin.net\/it\/bonus\/","name":"Chocospin casin\u00f2 Bonus e premi esclusivi","isPartOf":{"@id":"https:\/\/choco-spin.net\/it\/#website"},"datePublished":"2026-02-23T08:03:15+00:00","dateModified":"2026-02-23T11:19:51+00:00","description":"Scopri gli esclusivi bonus di Chocospin Casino, con generose offerte di benvenuto, bonus sul deposito, promozioni continue ed emozionanti tornei. Trova tutte le condizioni dei bonus e le istruzioni per richiederli facilmente in un unico posto.","breadcrumb":{"@id":"https:\/\/choco-spin.net\/it\/bonus\/#breadcrumb"},"inLanguage":"it-IT","potentialAction":[{"@type":"ReadAction","target":["https:\/\/choco-spin.net\/it\/bonus\/"]}]},{"@type":"BreadcrumbList","@id":"https:\/\/choco-spin.net\/it\/bonus\/#breadcrumb","itemListElement":[{"@type":"ListItem","position":1,"name":"Chocospin","item":"https:\/\/choco-spin.net\/it\/"},{"@type":"ListItem","position":2,"name":"Bonus"}]},{"@type":"WebSite","@id":"https:\/\/choco-spin.net\/it\/#website","url":"https:\/\/choco-spin.net\/it\/","name":"Chocospin","description":"","publisher":{"@id":"https:\/\/choco-spin.net\/it\/#organization"},"potentialAction":[{"@type":"SearchAction","target":{"@type":"EntryPoint","urlTemplate":"https:\/\/choco-spin.net\/it\/?s={search_term_string}"},"query-input":{"@type":"PropertyValueSpecification","valueRequired":true,"valueName":"search_term_string"}}],"inLanguage":"it-IT"},{"@type":"Organization","@id":"https:\/\/choco-spin.net\/it\/#organization","name":"Chocospin","url":"https:\/\/choco-spin.net\/it\/","logo":{"@type":"ImageObject","inLanguage":"it-IT","@id":"https:\/\/choco-spin.net\/it\/#\/schema\/logo\/image\/","url":"https:\/\/choco-spin.net\/wp-content\/uploads\/2025\/07\/80u1FaquEZeR6OUTeJCc.png","contentUrl":"https:\/\/choco-spin.net\/wp-content\/uploads\/2025\/07\/80u1FaquEZeR6OUTeJCc.png","width":123,"height":20,"caption":"Chocospin"},"image":{"@id":"https:\/\/choco-spin.net\/it\/#\/schema\/logo\/image\/"}}]}},"_links":{"self":[{"href":"https:\/\/choco-spin.net\/it\/wp-json\/wp\/v2\/pages\/1455","targetHints":{"allow":["GET"]}}],"collection":[{"href":"https:\/\/choco-spin.net\/it\/wp-json\/wp\/v2\/pages"}],"about":[{"href":"https:\/\/choco-spin.net\/it\/wp-json\/wp\/v2\/types\/page"}],"author":[{"embeddable":true,"href":"https:\/\/choco-spin.net\/it\/wp-json\/wp\/v2\/users\/1"}],"replies":[{"embeddable":true,"href":"https:\/\/choco-spin.net\/it\/wp-json\/wp\/v2\/comments?post=1455"}],"version-history":[{"count":3,"href":"https:\/\/choco-spin.net\/it\/wp-json\/wp\/v2\/pages\/1455\/revisions"}],"predecessor-version":[{"id":1930,"href":"https:\/\/choco-spin.net\/it\/wp-json\/wp\/v2\/pages\/1455\/revisions\/1930"}],"wp:attachment":[{"href":"https:\/\/choco-spin.net\/it\/wp-json\/wp\/v2\/media?parent=1455"}],"curies":[{"name":"wp","href":"https:\/\/api.w.org\/{rel}","templated":true}]}}