{"id":1494,"date":"2026-02-20T14:59:58","date_gmt":"2026-02-20T14:59:58","guid":{"rendered":"https:\/\/choco-spin.net\/login-and-registration\/"},"modified":"2026-02-23T11:16:42","modified_gmt":"2026-02-23T11:16:42","slug":"accesso-e-registrazione","status":"publish","type":"page","link":"https:\/\/choco-spin.net\/it\/accesso-e-registrazione\/","title":{"rendered":"Accesso e registrazione"},"content":{"rendered":"<h1>Accesso e registrazione all&#8217;account Chocospin<\/h1>\n<p>Se stai visitando il nostro casin\u00f2 online per la prima volta, ti consigliamo vivamente di completare la procedura di Chocospin login. Ti offrir\u00e0 molti vantaggi, tra cui la possibilit\u00e0 di giocare con denaro reale, prelevare le tue vincite e approfittare dei nostri generosi bonus. La registrazione \u00e8 consentita a tutti gli utenti italiani che hanno compiuto 18 anni. Una persona pu\u00f2 avere un solo account sulla nostra piattaforma.<\/p>\n<p><div class=\"banner-wrap\" aria-label=\"Banner\"><img src=\"https:\/\/choco-spin.net\/wp-content\/uploads\/2026\/02\/Chocospin-banner-desktop.webp\" class=\"w-100 d-none d-lg-block img-pc main-banner-img\" alt=\"Chocospin banner desktop\" fetchpriority=\"high\" decoding=\"async\"><img src=\"https:\/\/choco-spin.net\/wp-content\/uploads\/2026\/02\/Chocospin-Banner-mobile.webp\" class=\"w-100 d-none d-md-block d-lg-none main-banner-img\" alt=\"Chocospin Banner mobile\" fetchpriority=\"high\" decoding=\"async\"><img src=\"https:\/\/choco-spin.net\/wp-content\/uploads\/2026\/02\/Chocospin-Banner-mobile.webp\" class=\"w-100 d-md-none\" alt=\"Chocospin Banner mobile\" fetchpriority=\"high\" decoding=\"async\"><div class=\"banner-description\">\n<div class=\"banner-title\">Bonus di benvenuto<\/div>\n<p class=\"banner-header-title\">\u20ac1500<\/p>\n<div class=\"banner-header-AdditionalText\">+ 250 Giri gratuiti<\/div>\n<button data-item=\"homepage_banner_link\" class=\"goto m-button m-gradient-border m-button--primary m-button--large banner-button btn-orange\">\n            <div class=\"m-button-content\">\n                <span>Iscriviti ora<\/span>\n                <span><\/span>\n            <\/div>\n        <\/button>\n<\/div>\n<div class=\"WelcomePack\">\n<p><img loading=\"lazy\" decoding=\"async\" class=\"alignnone size-full wp-image-1385\" src=\"https:\/\/choco-spin.net\/wp-content\/uploads\/2026\/02\/welcome-crown.png\" alt=\"welcome crown\" width=\"25\" height=\"26\" \/><\/p>\n<div class=\"WelcomePack-Info\">Cashback settimanale fino al 25%<\/div>\n<p><img loading=\"lazy\" decoding=\"async\" class=\"alignnone size-full wp-image-1385\" src=\"https:\/\/choco-spin.net\/wp-content\/uploads\/2026\/02\/welcome-crown.png\" alt=\"welcome crown\" width=\"25\" height=\"26\" \/><\/p>\n<\/div>\n<\/div><div class=\"scrollable-content-wrap my-5\"><div class=\"scrollable-content-inner\"><h2>Registrazione di un nuovo utente su Choco Spin<\/h2>\n<p>Molti utenti non sono sicuri se creare un account su una nuova piattaforma e se sia sicuro. Ti garantiamo che Chocospin Casino utilizza uno scambio di chiavi sicuro e speciali sistemi anti-bot per proteggere i tuoi dati. Inoltre, la registrazione ti consente di accedere a pi\u00f9 di 6.000 titoli, tra cui slot online, giochi da tavolo e opzioni di casin\u00f2 dal vivo, effettuare depositi e prelievi.<\/p>\n<p>Ci sono alcune regole che dovresti conoscere prima di iniziare con il login su Chocospin. Solo i giocatori che hanno compiuto 18 anni possono creare un account sulla piattaforma. Fornisci solo le tue informazioni personali reali, poich\u00e9 dovremo verificarle durante il processo di verifica.<\/p>\n<h3>Crea il tuo account<\/h3>\n<p>La creazione di un nuovo account su Choco Spin richieder\u00e0 solo pochi minuti. Il processo \u00e8 semplice e non richiede troppe informazioni personali. Se sei pronto per iniziare il tuo emozionante viaggio con noi, segui le istruzioni riportate di seguito:<\/p>\n<ol>\n<li>Gli utenti devono trovare il pulsante di registrazione sul nostro sito web e cliccarci sopra. Si trova nell&#8217;angolo in alto a destra, quindi non potrai non vederlo.<\/li>\n<li>Inserisci le tue informazioni personali, come il tuo indirizzo e-mail e la password. Utilizziamo politiche di password complesse, quindi ti preghiamo di includere caratteri speciali e lettere maiuscole e minuscole.<\/li>\n<li>Compila il campo con il codice promozionale, se ne hai uno. Questo passaggio pu\u00f2 farti ottenere ulteriori premi su Chocospin Casino fin dall&#8217;inizio.<\/li>\n<li>Devi confermare la tua et\u00e0 e accettare i termini e le condizioni. I giocatori possono seguire il link per familiarizzare con le nostre regole.<\/li>\n<li>Dopo aver controllato tutti i dati inseriti e quando sei pronto per completare la registrazione, clicca sul pulsante &#8220;Registrazione&#8221; alla fine della pagina.<\/li>\n<\/ol>\n<p><img loading=\"lazy\" decoding=\"async\" class=\"alignnone size-full wp-image-1495\" src=\"https:\/\/choco-spin.net\/wp-content\/uploads\/Login-and-Registration-Chocospin.webp\" alt=\"Login and Registration Chocospin\" width=\"1248\" height=\"536\" srcset=\"https:\/\/choco-spin.net\/wp-content\/uploads\/Login-and-Registration-Chocospin.webp 1248w, https:\/\/choco-spin.net\/wp-content\/uploads\/Login-and-Registration-Chocospin-300x129.webp 300w, https:\/\/choco-spin.net\/wp-content\/uploads\/Login-and-Registration-Chocospin-1024x440.webp 1024w, https:\/\/choco-spin.net\/wp-content\/uploads\/Login-and-Registration-Chocospin-768x330.webp 768w\" sizes=\"auto, (max-width: 1248px) 100vw, 1248px\" \/><\/p>\n<h2>Utilizzo di un account Chocospin<\/h2>\n<p>Per tutti i nostri clienti che hanno gi\u00e0 un account, \u00e8 essenziale seguire la procedura di accesso a Chocospin. Per farlo, basta ricordare le informazioni fornite durante la registrazione. Se non riesci ad accedere al tuo account, probabilmente \u00e8 perch\u00e9 alcuni dei dati inseriti non sono corretti. Per evitare che il tuo account venga bloccato a causa di attivit\u00e0 di accesso sospette a Choco Spin, puoi contattare il nostro team di assistenza.<\/p>\n<p>Dopo aver effettuato l&#8217;accesso al proprio account, gli utenti possono personalizzare la propria esperienza abilitando impostazioni e strumenti speciali. Innanzitutto, puoi sempre modificare le tue informazioni personali e di pagamento su Chocospin Casino. I giocatori possono anche controllare la cronologia delle loro attivit\u00e0 e, se necessario, impostare strumenti di gioco responsabile.<\/p>\n<h3>Verifica e sicurezza dell&#8217;account Chocospin Casino<\/h3>\n<p>Chocospin Casino ha molto a cuore la sicurezza degli utenti. Stiamo adottando tutte le misure necessarie per proteggere i processi sul nostro sito web, ma chiediamo anche a te di rispettare le nostre regole. Per evitare frodi e offrire le stesse opportunit\u00e0 a tutti, chiediamo a tutti i nostri utenti di completare la verifica.<\/p>\n<p>La procedura deve essere completata prima del primo prelievo. \u00c8 tutto molto semplice: devi caricare le copie dei tuoi documenti personali sulla piattaforma e i nostri responsabili di Chocospin le esamineranno entro 48 ore.<\/p>\n<h3>Hai dimenticato la password?<\/h3>\n<p>Comprendiamo che possono verificarsi diverse situazioni, tra cui la dimenticanza dei dati di accesso a Chocospin, compresa la password. Ma abbiamo una soluzione per te su come reimpostarla.<\/p>\n<table>\n<tbody>\n<tr>\n<td>Passaggio<\/td>\n<td>Dettagli<\/td>\n<\/tr>\n<tr>\n<td>Vai alla pagina di accesso<\/td>\n<td>Clicca sul pulsante &#8220;Accedi&#8221; nell&#8217;angolo in alto a destra della pagina principale<\/td>\n<\/tr>\n<tr>\n<td>Avvia la procedura di reimpostazione della password<\/td>\n<td>Segui il link &#8220;Hai dimenticato la password?&#8221; nel modulo di accesso<\/td>\n<\/tr>\n<tr>\n<td>Inserisci le informazioni richieste<\/td>\n<td>Devi fornire l&#8217;indirizzo e-mail associato al tuo account<\/td>\n<\/tr>\n<tr>\n<td>Segui il link contenuto nell&#8217;e-mail<\/td>\n<td>Ti invieremo un link di reimpostazione che ti consentir\u00e0 di creare una nuova password. Questa password verr\u00e0 utilizzata al prossimo accesso<\/td>\n<\/tr>\n<\/tbody>\n<\/table>\n<h2>Domande frequenti<\/h2>\n<h3>Come posso completare il processo di verifica dell&#8217;account?<\/h3>\n<p>\u00c8 una procedura molto semplice. Prima del primo prelievo, ti verr\u00e0 chiesto di fornire copie dei tuoi documenti personali per dimostrare la tua identit\u00e0, il tuo indirizzo di residenza, la tua et\u00e0 e la titolarit\u00e0 del conto di pagamento. Quando i nostri responsabili avranno verificato tutto, ti informeranno.<\/p>\n<h3>Come aggiornare la password o l&#8217;indirizzo e-mail?<\/h3>\n<p>Su Choco Spin Casino hai la possibilit\u00e0 di modificare o aggiornare i tuoi dati personali in qualsiasi momento. Basta accedere al tuo account e completare le azioni necessarie.<\/p>\n<h3>Cosa devo fare se il mio account \u00e8 bloccato?<\/h3>\n<p>Il tuo account Chocospin potrebbe essere stato bloccato a causa di attivit\u00e0 sospette o di una violazione delle regole della nostra piattaforma. Informiamo sempre i clienti in merito. Se non hai ricevuto alcuna notifica, contatta il nostro team di assistenza multilingue tramite la chat live.<\/p>\n<\/div><\/div><\/p>\n","protected":false},"excerpt":{"rendered":"<p>Accesso e registrazione all&#8217;account Chocospin Se stai visitando il nostro casin\u00f2 online per la prima volta, ti consigliamo vivamente di completare la procedura di Chocospin login. Ti offrir\u00e0 molti vantaggi, tra cui la possibilit\u00e0 di giocare con denaro reale, prelevare le tue vincite e approfittare dei nostri generosi bonus. La registrazione \u00e8 consentita a tutti [&hellip;]<\/p>\n","protected":false},"author":1,"featured_media":0,"parent":0,"menu_order":0,"comment_status":"closed","ping_status":"closed","template":"template-builder.php","meta":{"_acf_changed":false,"inline_featured_image":false,"footnotes":""},"class_list":["post-1494","page","type-page","status-publish","hentry"],"acf":[],"yoast_head":"<!-- This site is optimized with the Yoast SEO plugin v27.3 - https:\/\/yoast.com\/product\/yoast-seo-wordpress\/ -->\n<title>Chocospin Login e registrazione<\/title>\n<meta name=\"description\" content=\"Crea, gestisci e verifica il tuo account Chocospin Casino senza alcuno sforzo. Approfitta della registrazione rapida, del facile recupero dell&#039;account e della chiusura sicura con Chocospin Login, che protegge il tuo account 24 ore su 24.\" \/>\n<meta name=\"robots\" content=\"index, follow, max-snippet:-1, max-image-preview:large, max-video-preview:-1\" \/>\n<link rel=\"canonical\" href=\"https:\/\/choco-spin.net\/it\/accesso-e-registrazione\/\" \/>\n<meta property=\"og:locale\" content=\"it_IT\" \/>\n<meta property=\"og:type\" content=\"article\" \/>\n<meta property=\"og:title\" content=\"Chocospin Login e registrazione\" \/>\n<meta property=\"og:description\" content=\"Crea, gestisci e verifica il tuo account Chocospin Casino senza alcuno sforzo. Approfitta della registrazione rapida, del facile recupero dell&#039;account e della chiusura sicura con Chocospin Login, che protegge il tuo account 24 ore su 24.\" \/>\n<meta property=\"og:url\" content=\"https:\/\/choco-spin.net\/it\/accesso-e-registrazione\/\" \/>\n<meta property=\"og:site_name\" content=\"chocospin\" \/>\n<meta property=\"article:modified_time\" content=\"2026-02-23T11:16:42+00:00\" \/>\n<meta name=\"twitter:card\" content=\"summary_large_image\" \/>\n<meta name=\"twitter:label1\" content=\"Est. reading time\" \/>\n\t<meta name=\"twitter:data1\" content=\"1 minute\" \/>\n<script type=\"application\/ld+json\" class=\"yoast-schema-graph\">{\"@context\":\"https:\\\/\\\/schema.org\",\"@graph\":[{\"@type\":\"WebPage\",\"@id\":\"https:\\\/\\\/choco-spin.net\\\/it\\\/accesso-e-registrazione\\\/\",\"url\":\"https:\\\/\\\/choco-spin.net\\\/it\\\/accesso-e-registrazione\\\/\",\"name\":\"Chocospin Login e registrazione\",\"isPartOf\":{\"@id\":\"https:\\\/\\\/choco-spin.net\\\/it\\\/#website\"},\"datePublished\":\"2026-02-20T14:59:58+00:00\",\"dateModified\":\"2026-02-23T11:16:42+00:00\",\"description\":\"Crea, gestisci e verifica il tuo account Chocospin Casino senza alcuno sforzo. Approfitta della registrazione rapida, del facile recupero dell'account e della chiusura sicura con Chocospin Login, che protegge il tuo account 24 ore su 24.\",\"breadcrumb\":{\"@id\":\"https:\\\/\\\/choco-spin.net\\\/it\\\/accesso-e-registrazione\\\/#breadcrumb\"},\"inLanguage\":\"it-IT\",\"potentialAction\":[{\"@type\":\"ReadAction\",\"target\":[\"https:\\\/\\\/choco-spin.net\\\/it\\\/accesso-e-registrazione\\\/\"]}]},{\"@type\":\"BreadcrumbList\",\"@id\":\"https:\\\/\\\/choco-spin.net\\\/it\\\/accesso-e-registrazione\\\/#breadcrumb\",\"itemListElement\":[{\"@type\":\"ListItem\",\"position\":1,\"name\":\"Chocospin\",\"item\":\"https:\\\/\\\/choco-spin.net\\\/it\\\/\"},{\"@type\":\"ListItem\",\"position\":2,\"name\":\"Accesso e registrazione\"}]},{\"@type\":\"WebSite\",\"@id\":\"https:\\\/\\\/choco-spin.net\\\/it\\\/#website\",\"url\":\"https:\\\/\\\/choco-spin.net\\\/it\\\/\",\"name\":\"Chocospin\",\"description\":\"\",\"publisher\":{\"@id\":\"https:\\\/\\\/choco-spin.net\\\/it\\\/#organization\"},\"potentialAction\":[{\"@type\":\"SearchAction\",\"target\":{\"@type\":\"EntryPoint\",\"urlTemplate\":\"https:\\\/\\\/choco-spin.net\\\/it\\\/?s={search_term_string}\"},\"query-input\":{\"@type\":\"PropertyValueSpecification\",\"valueRequired\":true,\"valueName\":\"search_term_string\"}}],\"inLanguage\":\"it-IT\"},{\"@type\":\"Organization\",\"@id\":\"https:\\\/\\\/choco-spin.net\\\/it\\\/#organization\",\"name\":\"Chocospin\",\"url\":\"https:\\\/\\\/choco-spin.net\\\/it\\\/\",\"logo\":{\"@type\":\"ImageObject\",\"inLanguage\":\"it-IT\",\"@id\":\"https:\\\/\\\/choco-spin.net\\\/it\\\/#\\\/schema\\\/logo\\\/image\\\/\",\"url\":\"https:\\\/\\\/choco-spin.net\\\/wp-content\\\/uploads\\\/2025\\\/07\\\/80u1FaquEZeR6OUTeJCc.png\",\"contentUrl\":\"https:\\\/\\\/choco-spin.net\\\/wp-content\\\/uploads\\\/2025\\\/07\\\/80u1FaquEZeR6OUTeJCc.png\",\"width\":123,\"height\":20,\"caption\":\"Chocospin\"},\"image\":{\"@id\":\"https:\\\/\\\/choco-spin.net\\\/it\\\/#\\\/schema\\\/logo\\\/image\\\/\"}}]}<\/script>\n<!-- \/ Yoast SEO plugin. -->","yoast_head_json":{"title":"Chocospin Login e registrazione","description":"Crea, gestisci e verifica il tuo account Chocospin Casino senza alcuno sforzo. Approfitta della registrazione rapida, del facile recupero dell'account e della chiusura sicura con Chocospin Login, che protegge il tuo account 24 ore su 24.","robots":{"index":"index","follow":"follow","max-snippet":"max-snippet:-1","max-image-preview":"max-image-preview:large","max-video-preview":"max-video-preview:-1"},"canonical":"https:\/\/choco-spin.net\/it\/accesso-e-registrazione\/","og_locale":"it_IT","og_type":"article","og_title":"Chocospin Login e registrazione","og_description":"Crea, gestisci e verifica il tuo account Chocospin Casino senza alcuno sforzo. Approfitta della registrazione rapida, del facile recupero dell'account e della chiusura sicura con Chocospin Login, che protegge il tuo account 24 ore su 24.","og_url":"https:\/\/choco-spin.net\/it\/accesso-e-registrazione\/","og_site_name":"chocospin","article_modified_time":"2026-02-23T11:16:42+00:00","twitter_card":"summary_large_image","twitter_misc":{"Est. reading time":"1 minute"},"schema":{"@context":"https:\/\/schema.org","@graph":[{"@type":"WebPage","@id":"https:\/\/choco-spin.net\/it\/accesso-e-registrazione\/","url":"https:\/\/choco-spin.net\/it\/accesso-e-registrazione\/","name":"Chocospin Login e registrazione","isPartOf":{"@id":"https:\/\/choco-spin.net\/it\/#website"},"datePublished":"2026-02-20T14:59:58+00:00","dateModified":"2026-02-23T11:16:42+00:00","description":"Crea, gestisci e verifica il tuo account Chocospin Casino senza alcuno sforzo. Approfitta della registrazione rapida, del facile recupero dell'account e della chiusura sicura con Chocospin Login, che protegge il tuo account 24 ore su 24.","breadcrumb":{"@id":"https:\/\/choco-spin.net\/it\/accesso-e-registrazione\/#breadcrumb"},"inLanguage":"it-IT","potentialAction":[{"@type":"ReadAction","target":["https:\/\/choco-spin.net\/it\/accesso-e-registrazione\/"]}]},{"@type":"BreadcrumbList","@id":"https:\/\/choco-spin.net\/it\/accesso-e-registrazione\/#breadcrumb","itemListElement":[{"@type":"ListItem","position":1,"name":"Chocospin","item":"https:\/\/choco-spin.net\/it\/"},{"@type":"ListItem","position":2,"name":"Accesso e registrazione"}]},{"@type":"WebSite","@id":"https:\/\/choco-spin.net\/it\/#website","url":"https:\/\/choco-spin.net\/it\/","name":"Chocospin","description":"","publisher":{"@id":"https:\/\/choco-spin.net\/it\/#organization"},"potentialAction":[{"@type":"SearchAction","target":{"@type":"EntryPoint","urlTemplate":"https:\/\/choco-spin.net\/it\/?s={search_term_string}"},"query-input":{"@type":"PropertyValueSpecification","valueRequired":true,"valueName":"search_term_string"}}],"inLanguage":"it-IT"},{"@type":"Organization","@id":"https:\/\/choco-spin.net\/it\/#organization","name":"Chocospin","url":"https:\/\/choco-spin.net\/it\/","logo":{"@type":"ImageObject","inLanguage":"it-IT","@id":"https:\/\/choco-spin.net\/it\/#\/schema\/logo\/image\/","url":"https:\/\/choco-spin.net\/wp-content\/uploads\/2025\/07\/80u1FaquEZeR6OUTeJCc.png","contentUrl":"https:\/\/choco-spin.net\/wp-content\/uploads\/2025\/07\/80u1FaquEZeR6OUTeJCc.png","width":123,"height":20,"caption":"Chocospin"},"image":{"@id":"https:\/\/choco-spin.net\/it\/#\/schema\/logo\/image\/"}}]}},"_links":{"self":[{"href":"https:\/\/choco-spin.net\/it\/wp-json\/wp\/v2\/pages\/1494","targetHints":{"allow":["GET"]}}],"collection":[{"href":"https:\/\/choco-spin.net\/it\/wp-json\/wp\/v2\/pages"}],"about":[{"href":"https:\/\/choco-spin.net\/it\/wp-json\/wp\/v2\/types\/page"}],"author":[{"embeddable":true,"href":"https:\/\/choco-spin.net\/it\/wp-json\/wp\/v2\/users\/1"}],"replies":[{"embeddable":true,"href":"https:\/\/choco-spin.net\/it\/wp-json\/wp\/v2\/comments?post=1494"}],"version-history":[{"count":2,"href":"https:\/\/choco-spin.net\/it\/wp-json\/wp\/v2\/pages\/1494\/revisions"}],"predecessor-version":[{"id":1922,"href":"https:\/\/choco-spin.net\/it\/wp-json\/wp\/v2\/pages\/1494\/revisions\/1922"}],"wp:attachment":[{"href":"https:\/\/choco-spin.net\/it\/wp-json\/wp\/v2\/media?parent=1494"}],"curies":[{"name":"wp","href":"https:\/\/api.w.org\/{rel}","templated":true}]}}