{"id":1447,"date":"2026-02-23T08:03:15","date_gmt":"2026-02-23T08:03:15","guid":{"rendered":"https:\/\/choco-spin.net\/bonus\/"},"modified":"2026-02-23T09:11:23","modified_gmt":"2026-02-23T09:11:23","slug":"bonus","status":"publish","type":"page","link":"https:\/\/choco-spin.net\/nl\/bonus\/","title":{"rendered":"Bonus"},"content":{"rendered":"<h1>Chocospin Casino bonussen en beloningen<\/h1>\n<p>Het is altijd leuk om extra voordelen te krijgen door uw favoriete spellen te spelen. Met de Chocospin bonus is dat mogelijk. Uw mogelijkheden zijn bijna eindeloos. Onze Nederlandse gebruikers kunnen extra gratis spins, cashback of bonusgeld ontvangen. Alle promoties op onze website hebben duidelijke voorwaarden en u kunt altijd contact opnemen met het ondersteuningsteam als u problemen ondervindt.<\/p>\n<p><div class=\"banner-wrap\" aria-label=\"Banner\"><img src=\"https:\/\/choco-spin.net\/wp-content\/uploads\/2026\/02\/Chocospin-banner-desktop.webp\" class=\"w-100 d-none d-lg-block img-pc main-banner-img\" alt=\"Chocospin banner desktop\" fetchpriority=\"high\" decoding=\"async\"><img src=\"https:\/\/choco-spin.net\/wp-content\/uploads\/2026\/02\/Chocospin-Banner-mobile.webp\" class=\"w-100 d-none d-md-block d-lg-none main-banner-img\" alt=\"Chocospin Banner mobile\" fetchpriority=\"high\" decoding=\"async\"><img src=\"https:\/\/choco-spin.net\/wp-content\/uploads\/2026\/02\/Chocospin-Banner-mobile.webp\" class=\"w-100 d-md-none\" alt=\"Chocospin Banner mobile\" fetchpriority=\"high\" decoding=\"async\"><div class=\"banner-description\">\n<div class=\"banner-title\">Welkomstbonussen<\/div>\n<p class=\"banner-header-title\">\u20ac1500<\/p>\n<div class=\"banner-header-AdditionalText\">+ 250 Gratis Spins<\/div>\n<button data-item=\"homepage_banner_link\" class=\"goto m-button m-gradient-border m-button--primary m-button--large banner-button btn-orange\">\n            <div class=\"m-button-content\">\n                <span>Meld je nu aan<\/span>\n                <span><\/span>\n            <\/div>\n        <\/button>\n<\/div>\n<div class=\"WelcomePack\">\n<p><img loading=\"lazy\" decoding=\"async\" class=\"alignnone size-full wp-image-1385\" src=\"https:\/\/choco-spin.net\/wp-content\/uploads\/2026\/02\/welcome-crown.png\" alt=\"welcome crown\" width=\"25\" height=\"26\" \/><\/p>\n<div class=\"WelcomePack-Info\">Wekelijkse cashback tot 25%<\/div>\n<p><img loading=\"lazy\" decoding=\"async\" class=\"alignnone size-full wp-image-1385\" src=\"https:\/\/choco-spin.net\/wp-content\/uploads\/2026\/02\/welcome-crown.png\" alt=\"welcome crown\" width=\"25\" height=\"26\" \/><\/p>\n<\/div>\n<\/div><div class=\"promotions-wrap\"><div class=\"promotion-card\" style=\"background-image: url(https:\/\/choco-spin.net\/wp-content\/uploads\/2026\/02\/First-deposit.webp);\"><h2 class=\"promotion-card__title\">Eerste stortingsbonus<\/h2><label class=\"promotion-card__offer\">100% tot \u20ac 500 + 150 gratis spins<\/label><label class=\"promotion-card__description\"><\/label><div class=\"promotion-card__actions\"><button data-item=\"payments_link\" data-group=\"website_links\" class=\"goto btn btn-orange rounded-pill fw-bold px-4 m-button m-gradient-border m-button--primary m-button--large promotion-button promotion-card__action-btn\" aria-label=\"Aanmelden\"><div class=\"m-button-content\"><span class=\"promotion-button__content\">Aanmelden<\/span><\/div><\/button><button data-item=\"http:\/\/bonus_link\" data-group=\"website_links\" class=\"goto m-button m-gradient-border m-button--secondary m-button--medium promotion-card__info-btn\" aria-label=\"More information\"><div class=\"m-button-content\"><svg viewBox=\"0 0 24 24\" fill=\"none\" xmlns=\"http:\/\/www.w3.org\/2000\/svg\" class=\"m-icon m-icon-loadable\" name=\"Attention\" loading=\"false\" aria-hidden=\"true\"><path d=\"M12 22C6.477 22 2 17.522 2 12S6.477 2 12 2s10 4.478 10 10-4.477 10-10 10m-.002-13.004a.999.999 0 1 0 0-1.997.999.999 0 0 0 0 1.997M12 17a1 1 0 0 0 .993-.884L13 16l-.002-5.001-.007-.117a1 1 0 0 0-1.986 0l-.007.117L11 16l.007.117A1 1 0 0 0 12 17\" fill=\"currentColor\"><\/path><\/svg><\/div><\/button><\/div><\/div><div class=\"promotion-card\" style=\"background-image: url(https:\/\/choco-spin.net\/wp-content\/uploads\/2026\/02\/Second-deposit.webp);\"><h2 class=\"promotion-card__title\">Tweede stortingsbonus<\/h2><label class=\"promotion-card__offer\">55% tot \u20ac 500 + 100 gratis spins<\/label><label class=\"promotion-card__description\"><\/label><div class=\"promotion-card__actions\"><button data-item=\"payments_link\" data-group=\"website_links\" class=\"goto btn btn-orange rounded-pill fw-bold px-4 m-button m-gradient-border m-button--primary m-button--large promotion-button promotion-card__action-btn\" aria-label=\"Aanmelden\"><div class=\"m-button-content\"><span class=\"promotion-button__content\">Aanmelden<\/span><\/div><\/button><button data-item=\"http:\/\/bonus_link\" data-group=\"website_links\" class=\"goto m-button m-gradient-border m-button--secondary m-button--medium promotion-card__info-btn\" aria-label=\"More information\"><div class=\"m-button-content\"><svg viewBox=\"0 0 24 24\" fill=\"none\" xmlns=\"http:\/\/www.w3.org\/2000\/svg\" class=\"m-icon m-icon-loadable\" name=\"Attention\" loading=\"false\" aria-hidden=\"true\"><path d=\"M12 22C6.477 22 2 17.522 2 12S6.477 2 12 2s10 4.478 10 10-4.477 10-10 10m-.002-13.004a.999.999 0 1 0 0-1.997.999.999 0 0 0 0 1.997M12 17a1 1 0 0 0 .993-.884L13 16l-.002-5.001-.007-.117a1 1 0 0 0-1.986 0l-.007.117L11 16l.007.117A1 1 0 0 0 12 17\" fill=\"currentColor\"><\/path><\/svg><\/div><\/button><\/div><\/div><div class=\"promotion-card\" style=\"background-image: url(https:\/\/choco-spin.net\/wp-content\/uploads\/2026\/02\/Third-deposit.webp);\"><h2 class=\"promotion-card__title\">Derde stortingsbonus<\/h2><label class=\"promotion-card__offer\">100% tot \u20ac 500<\/label><label class=\"promotion-card__description\"><\/label><div class=\"promotion-card__actions\"><button data-item=\"payments_link\" data-group=\"website_links\" class=\"goto btn btn-orange rounded-pill fw-bold px-4 m-button m-gradient-border m-button--primary m-button--large promotion-button promotion-card__action-btn\" aria-label=\"Aanmelden\"><div class=\"m-button-content\"><span class=\"promotion-button__content\">Aanmelden<\/span><\/div><\/button><button data-item=\"http:\/\/bonus_link\" data-group=\"website_links\" class=\"goto m-button m-gradient-border m-button--secondary m-button--medium promotion-card__info-btn\" aria-label=\"More information\"><div class=\"m-button-content\"><svg viewBox=\"0 0 24 24\" fill=\"none\" xmlns=\"http:\/\/www.w3.org\/2000\/svg\" class=\"m-icon m-icon-loadable\" name=\"Attention\" loading=\"false\" aria-hidden=\"true\"><path d=\"M12 22C6.477 22 2 17.522 2 12S6.477 2 12 2s10 4.478 10 10-4.477 10-10 10m-.002-13.004a.999.999 0 1 0 0-1.997.999.999 0 0 0 0 1.997M12 17a1 1 0 0 0 .993-.884L13 16l-.002-5.001-.007-.117a1 1 0 0 0-1.986 0l-.007.117L11 16l.007.117A1 1 0 0 0 12 17\" fill=\"currentColor\"><\/path><\/svg><\/div><\/button><\/div><\/div><div class=\"promotion-card\" style=\"background-image: url(https:\/\/choco-spin.net\/wp-content\/uploads\/2026\/02\/Cashback.webp);\"><h2 class=\"promotion-card__title\">Wekelijkse cashback<\/h2><label class=\"promotion-card__offer\">tot 25%<\/label><label class=\"promotion-card__description\"><\/label><div class=\"promotion-card__actions\"><button data-item=\"payments_link\" data-group=\"website_links\" class=\"goto btn btn-orange rounded-pill fw-bold px-4 m-button m-gradient-border m-button--primary m-button--large promotion-button promotion-card__action-btn\" aria-label=\"Aanmelden\"><div class=\"m-button-content\"><span class=\"promotion-button__content\">Aanmelden<\/span><\/div><\/button><button data-item=\"http:\/\/bonus_link\" data-group=\"website_links\" class=\"goto m-button m-gradient-border m-button--secondary m-button--medium promotion-card__info-btn\" aria-label=\"More information\"><div class=\"m-button-content\"><svg viewBox=\"0 0 24 24\" fill=\"none\" xmlns=\"http:\/\/www.w3.org\/2000\/svg\" class=\"m-icon m-icon-loadable\" name=\"Attention\" loading=\"false\" aria-hidden=\"true\"><path d=\"M12 22C6.477 22 2 17.522 2 12S6.477 2 12 2s10 4.478 10 10-4.477 10-10 10m-.002-13.004a.999.999 0 1 0 0-1.997.999.999 0 0 0 0 1.997M12 17a1 1 0 0 0 .993-.884L13 16l-.002-5.001-.007-.117a1 1 0 0 0-1.986 0l-.007.117L11 16l.007.117A1 1 0 0 0 12 17\" fill=\"currentColor\"><\/path><\/svg><\/div><\/button><\/div><\/div><div class=\"promotion-card\" style=\"background-image: url(https:\/\/choco-spin.net\/wp-content\/uploads\/2026\/02\/Sunday-reload.webp);\"><h2 class=\"promotion-card__title\">Zondagse herlaadbonus<\/h2><label class=\"promotion-card__offer\">25% tot \u20ac 100<\/label><label class=\"promotion-card__description\"><\/label><div class=\"promotion-card__actions\"><button data-item=\"payments_link\" data-group=\"website_links\" class=\"goto btn btn-orange rounded-pill fw-bold px-4 m-button m-gradient-border m-button--primary m-button--large promotion-button promotion-card__action-btn\" aria-label=\"Aanmelden\"><div class=\"m-button-content\"><span class=\"promotion-button__content\">Aanmelden<\/span><\/div><\/button><button data-item=\"http:\/\/bonus_link\" data-group=\"website_links\" class=\"goto m-button m-gradient-border m-button--secondary m-button--medium promotion-card__info-btn\" aria-label=\"More information\"><div class=\"m-button-content\"><svg viewBox=\"0 0 24 24\" fill=\"none\" xmlns=\"http:\/\/www.w3.org\/2000\/svg\" class=\"m-icon m-icon-loadable\" name=\"Attention\" loading=\"false\" aria-hidden=\"true\"><path d=\"M12 22C6.477 22 2 17.522 2 12S6.477 2 12 2s10 4.478 10 10-4.477 10-10 10m-.002-13.004a.999.999 0 1 0 0-1.997.999.999 0 0 0 0 1.997M12 17a1 1 0 0 0 .993-.884L13 16l-.002-5.001-.007-.117a1 1 0 0 0-1.986 0l-.007.117L11 16l.007.117A1 1 0 0 0 12 17\" fill=\"currentColor\"><\/path><\/svg><\/div><\/button><\/div><\/div><div class=\"promotion-card\" style=\"background-image: url(https:\/\/choco-spin.net\/wp-content\/uploads\/Rakeback.webp);\"><h2 class=\"promotion-card__title\">Rakeback<\/h2><label class=\"promotion-card__offer\">tot 17%<\/label><label class=\"promotion-card__description\"><\/label><div class=\"promotion-card__actions\"><button data-item=\"payments_link\" data-group=\"website_links\" class=\"goto btn btn-orange rounded-pill fw-bold px-4 m-button m-gradient-border m-button--primary m-button--large promotion-button promotion-card__action-btn\" aria-label=\"Aanmelden\"><div class=\"m-button-content\"><span class=\"promotion-button__content\">Aanmelden<\/span><\/div><\/button><button data-item=\"http:\/\/bonus_link\" data-group=\"website_links\" class=\"goto m-button m-gradient-border m-button--secondary m-button--medium promotion-card__info-btn\" aria-label=\"More information\"><div class=\"m-button-content\"><svg viewBox=\"0 0 24 24\" fill=\"none\" xmlns=\"http:\/\/www.w3.org\/2000\/svg\" class=\"m-icon m-icon-loadable\" name=\"Attention\" loading=\"false\" aria-hidden=\"true\"><path d=\"M12 22C6.477 22 2 17.522 2 12S6.477 2 12 2s10 4.478 10 10-4.477 10-10 10m-.002-13.004a.999.999 0 1 0 0-1.997.999.999 0 0 0 0 1.997M12 17a1 1 0 0 0 .993-.884L13 16l-.002-5.001-.007-.117a1 1 0 0 0-1.986 0l-.007.117L11 16l.007.117A1 1 0 0 0 12 17\" fill=\"currentColor\"><\/path><\/svg><\/div><\/button><\/div><\/div><div class=\"promotion-card\" style=\"background-image: url(https:\/\/choco-spin.net\/wp-content\/uploads\/Highroller-bonus.webp);\"><h2 class=\"promotion-card__title\">Highroller-bonus<\/h2><label class=\"promotion-card__offer\">50% tot \u20ac 500<\/label><label class=\"promotion-card__description\"><\/label><div class=\"promotion-card__actions\"><button data-item=\"payments_link\" data-group=\"website_links\" class=\"goto btn btn-orange rounded-pill fw-bold px-4 m-button m-gradient-border m-button--primary m-button--large promotion-button promotion-card__action-btn\" aria-label=\"Aanmelden\"><div class=\"m-button-content\"><span class=\"promotion-button__content\">Aanmelden<\/span><\/div><\/button><button data-item=\"http:\/\/bonus_link\" data-group=\"website_links\" class=\"goto m-button m-gradient-border m-button--secondary m-button--medium promotion-card__info-btn\" aria-label=\"More information\"><div class=\"m-button-content\"><svg viewBox=\"0 0 24 24\" fill=\"none\" xmlns=\"http:\/\/www.w3.org\/2000\/svg\" class=\"m-icon m-icon-loadable\" name=\"Attention\" loading=\"false\" aria-hidden=\"true\"><path d=\"M12 22C6.477 22 2 17.522 2 12S6.477 2 12 2s10 4.478 10 10-4.477 10-10 10m-.002-13.004a.999.999 0 1 0 0-1.997.999.999 0 0 0 0 1.997M12 17a1 1 0 0 0 .993-.884L13 16l-.002-5.001-.007-.117a1 1 0 0 0-1.986 0l-.007.117L11 16l.007.117A1 1 0 0 0 12 17\" fill=\"currentColor\"><\/path><\/svg><\/div><\/button><\/div><\/div><\/div><div class=\"scrollable-content-wrap my-5\"><div class=\"scrollable-content-inner\"><h2>Promotie informatie<\/h2>\n<p>Bij Chocospin Casino zijn er aanbiedingen voor nieuwe en vaste klanten. We behandelen al onze klanten gelijk en willen onze dankbaarheid tonen door middel van royale promoties. Nieuw geregistreerde spelers krijgen automatisch het welkomstpakket met gratis spins en contant geld.<\/p>\n<p>Nadat je aan de vereisten van de Chocospin bonus voor nieuwe klanten hebt voldaan, krijg je toegang tot alle beschikbare opties voor vaste gebruikers. We hebben de promotiemarkt zorgvuldig bestudeerd om je de beste opties te bieden waaruit je kunt kiezen:<\/p>\n<ul>\n<li>Wekelijkse cashback tot 25%<\/li>\n<li>Rakeback tot 17%<\/li>\n<li>Highroller-bonus van 50% tot \u20ac 500<\/li>\n<li>Zondagse herlaadbonus van 25% tot \u20ac 100<\/li>\n<\/ul>\n<h2>Choco Spin Casino toernooien<\/h2>\n<p>Om iets nieuws en spannends aan het spel toe te voegen, bieden we als onderdeel van onze Chocospin-bonuscollectie toernooien aan. Elk evenement heeft zijn eigen regels en is van toepassing op verschillende spelcategorie\u00ebn of softwareleveranciers. Deelname kan automatisch zijn of een speciale vergoeding vereisen. Daarom raden we altijd aan om de regels te lezen voordat je het toernooi bij Choco Spin activeert.<\/p>\n<p>De meeste evenementen op ons platform zijn bedoeld voor populaire slots en live dealer titels. De Chocospin Casino toernooien zijn geweldig voor wie van competities houdt. Bovendien is het je kans om veel te winnen en een plaats op het scorebord te veroveren. Hieronder kun je kennismaken met de momenteel beschikbare toernooien.<\/p>\n<table>\n<tbody>\n<tr>\n<td>Evenement<\/td>\n<td>Prijzenpot<\/td>\n<td>Details<\/td>\n<\/tr>\n<tr>\n<td>Spinoleague<\/td>\n<td>\u20ac 12.000.000<\/td>\n<td>Een van de grootste evenementen in de gokindustrie, speciaal gecre\u00eberd voor Spinomenal slots.<\/td>\n<\/tr>\n<tr>\n<td>Live toernooi<\/td>\n<td>\u20ac 10.000<\/td>\n<td>Dit is een perfecte keuze voor gebruikers die van live casinospellen houden. Het evenement vindt om de 3 dagen plaats.<\/td>\n<\/tr>\n<tr>\n<td>Rookie Rumble Tournament<\/td>\n<td>\u20ac 2.500 per dag<\/td>\n<td>Deze competitie is beginnersvriendelijk en speciaal ontworpen voor nieuwe spelers, zodat zij punten kunnen verzamelen op basis van hun gameplay.<\/td>\n<\/tr>\n<\/tbody>\n<\/table>\n<h2>Chocospin Casino welkomstaanbieding<\/h2>\n<p>Om u extra te motiveren om u op onze website te registreren, bieden we iedereen de Chocospin bonus voor nieuwe klanten aan. Elke gebruiker krijgt deze automatisch na het aanmaken van een account en het doen van een eerste storting. Het welkomstpakket bestaat uit \u20ac 1.500 bonusgeld en 250 gratis spins. Dit wordt verdeeld over uw eerste drie stortingen bij Choco Spin.<\/p>\n<p>Voor de eerste storting krijgt u 100% tot \u20ac 500 + 150 gratis spins. De volgende storting kan u 55% tot \u20ac 500 + 100 gratis spins opleveren. Om het welkomstpakket van Chocospin Casino te voltooien, kunt u uw derde storting doen en 100% tot \u20ac 500 ontvangen.<\/p>\n<p><img loading=\"lazy\" decoding=\"async\" class=\"alignnone wp-image-1605 size-full\" src=\"https:\/\/choco-spin.net\/wp-content\/uploads\/Bonuses-and-Promotions-Chocospin.webp\" alt=\"Bonuses and Promotions Chocospin\" width=\"1248\" height=\"536\" srcset=\"https:\/\/choco-spin.net\/wp-content\/uploads\/Bonuses-and-Promotions-Chocospin.webp 1248w, https:\/\/choco-spin.net\/wp-content\/uploads\/Bonuses-and-Promotions-Chocospin-300x129.webp 300w, https:\/\/choco-spin.net\/wp-content\/uploads\/Bonuses-and-Promotions-Chocospin-1024x440.webp 1024w, https:\/\/choco-spin.net\/wp-content\/uploads\/Bonuses-and-Promotions-Chocospin-768x330.webp 768w\" sizes=\"auto, (max-width: 1248px) 100vw, 1248px\" \/><\/p>\n<h2>Algemene voorwaarden voor spelersbonussen<\/h2>\n<p>Alle bonusaanbiedingen van Chocospin hebben hun eigen specifieke regels. Deze kunnen per promotie verschillen. Het is erg belangrijk dat je de voorwaarden van de bonus leest voordat je deze activeert. Op deze manier kun je rekenen op maximale voordelen.<\/p>\n<p>Een van de belangrijkste dingen is dat \u00e9\u00e9n persoon slechts \u00e9\u00e9n actieve stortingspromotie kan hebben. Als we merken dat je probeert de regels bij Chocospin te omzeilen of te bedriegen, behouden we ons het recht voor om de bonus te annuleren en de winsten ongeldig te verklaren.<\/p>\n<p>Bekijk altijd de volgende regelcategorie\u00ebn, want alleen als aan alle regels is voldaan, kunnen gebruikers de beloning ontvangen:<\/p>\n<ul>\n<li>Geldigheidsduur<\/li>\n<li>Spelbijdrage<\/li>\n<li>Maximale inzet<\/li>\n<li>Minimale storting<\/li>\n<li>Inzetvereiste<\/li>\n<\/ul>\n<h2>Veelgestelde vragen<\/h2>\n<h3>Hoe kan ik de welkomstbonus bij Choco Spin Casino verzilveren?<\/h3>\n<p>Om de Chocospin-bonus voor nieuwe klanten te krijgen, heb je geen extra promotiecodes nodig. Registreer je gewoon op het platform via je pc of mobiele apparaat en doe een storting van minimaal \u20ac 20. De promotie verschijnt automatisch in je profiel. Deze is 7 dagen geldig na activering.<\/p>\n<h3>Zijn de bonussen van Choco Spin Casino geldig voor alle spellen?<\/h3>\n<p>Elke bonus heeft zijn eigen unieke regels. Sommige zijn alleen geldig voor slots. Sommige hebben een ander impactpercentage. Zorg dat je altijd op de hoogte bent van de voorwaarden van de promotie.<\/p>\n<h3>Ik heb mijn bonus geactiveerd, maar deze is niet in mijn account verschenen. Wat moet ik doen?<\/h3>\n<p>Gebruikers moeten controleren of ze aan de activeringsvereisten van de aanbieding hebben voldaan. Vergeet de minimale storting niet. Als alles in orde is, neem dan contact op met ons ondersteuningsteam via live chat of e-mail en wij zullen een oplossing vinden.<\/p>\n<\/div><\/div><\/p>\n","protected":false},"excerpt":{"rendered":"<p>Chocospin Casino bonussen en beloningen Het is altijd leuk om extra voordelen te krijgen door uw favoriete spellen te spelen. Met de Chocospin bonus is dat mogelijk. Uw mogelijkheden zijn bijna eindeloos. Onze Nederlandse gebruikers kunnen extra gratis spins, cashback of bonusgeld ontvangen. Alle promoties op onze website hebben duidelijke voorwaarden en u kunt altijd [&hellip;]<\/p>\n","protected":false},"author":1,"featured_media":0,"parent":0,"menu_order":0,"comment_status":"closed","ping_status":"closed","template":"template-builder.php","meta":{"_acf_changed":false,"inline_featured_image":false,"footnotes":""},"class_list":["post-1447","page","type-page","status-publish","hentry"],"acf":[],"yoast_head":"<!-- This site is optimized with the Yoast SEO plugin v27.3 - https:\/\/yoast.com\/product\/yoast-seo-wordpress\/ -->\n<title>Chocospin Casino Bonussen en Exclusieve Beloningen<\/title>\n<meta name=\"description\" content=\"Ontdek de exclusieve bonussen bij Chocospin Casino, met royale welkomstaanbiedingen, stortingsbonussen, doorlopende promoties en spannende toernooien. Vind alle bonusvoorwaarden en claiminstructies eenvoudig op \u00e9\u00e9n plek.\" \/>\n<meta name=\"robots\" content=\"index, follow, max-snippet:-1, max-image-preview:large, max-video-preview:-1\" \/>\n<link rel=\"canonical\" href=\"https:\/\/choco-spin.net\/nl\/bonus\/\" \/>\n<meta property=\"og:locale\" content=\"nl_NL\" \/>\n<meta property=\"og:type\" content=\"article\" \/>\n<meta property=\"og:title\" content=\"Chocospin Casino Bonussen en Exclusieve Beloningen\" \/>\n<meta property=\"og:description\" content=\"Ontdek de exclusieve bonussen bij Chocospin Casino, met royale welkomstaanbiedingen, stortingsbonussen, doorlopende promoties en spannende toernooien. Vind alle bonusvoorwaarden en claiminstructies eenvoudig op \u00e9\u00e9n plek.\" \/>\n<meta property=\"og:url\" content=\"https:\/\/choco-spin.net\/nl\/bonus\/\" \/>\n<meta property=\"og:site_name\" content=\"chocospin\" \/>\n<meta property=\"article:modified_time\" content=\"2026-02-23T09:11:23+00:00\" \/>\n<meta name=\"twitter:card\" content=\"summary_large_image\" \/>\n<meta name=\"twitter:label1\" content=\"Est. reading time\" \/>\n\t<meta name=\"twitter:data1\" content=\"1 minute\" \/>\n<script type=\"application\/ld+json\" class=\"yoast-schema-graph\">{\"@context\":\"https:\\\/\\\/schema.org\",\"@graph\":[{\"@type\":\"WebPage\",\"@id\":\"https:\\\/\\\/choco-spin.net\\\/nl\\\/bonus\\\/\",\"url\":\"https:\\\/\\\/choco-spin.net\\\/nl\\\/bonus\\\/\",\"name\":\"Chocospin Casino Bonussen en Exclusieve Beloningen\",\"isPartOf\":{\"@id\":\"https:\\\/\\\/choco-spin.net\\\/nl\\\/#website\"},\"datePublished\":\"2026-02-23T08:03:15+00:00\",\"dateModified\":\"2026-02-23T09:11:23+00:00\",\"description\":\"Ontdek de exclusieve bonussen bij Chocospin Casino, met royale welkomstaanbiedingen, stortingsbonussen, doorlopende promoties en spannende toernooien. Vind alle bonusvoorwaarden en claiminstructies eenvoudig op \u00e9\u00e9n plek.\",\"breadcrumb\":{\"@id\":\"https:\\\/\\\/choco-spin.net\\\/nl\\\/bonus\\\/#breadcrumb\"},\"inLanguage\":\"nl-NL\",\"potentialAction\":[{\"@type\":\"ReadAction\",\"target\":[\"https:\\\/\\\/choco-spin.net\\\/nl\\\/bonus\\\/\"]}]},{\"@type\":\"BreadcrumbList\",\"@id\":\"https:\\\/\\\/choco-spin.net\\\/nl\\\/bonus\\\/#breadcrumb\",\"itemListElement\":[{\"@type\":\"ListItem\",\"position\":1,\"name\":\"Chocospin\",\"item\":\"https:\\\/\\\/choco-spin.net\\\/nl\\\/\"},{\"@type\":\"ListItem\",\"position\":2,\"name\":\"Bonus\"}]},{\"@type\":\"WebSite\",\"@id\":\"https:\\\/\\\/choco-spin.net\\\/nl\\\/#website\",\"url\":\"https:\\\/\\\/choco-spin.net\\\/nl\\\/\",\"name\":\"Chocospin\",\"description\":\"\",\"publisher\":{\"@id\":\"https:\\\/\\\/choco-spin.net\\\/nl\\\/#organization\"},\"potentialAction\":[{\"@type\":\"SearchAction\",\"target\":{\"@type\":\"EntryPoint\",\"urlTemplate\":\"https:\\\/\\\/choco-spin.net\\\/nl\\\/?s={search_term_string}\"},\"query-input\":{\"@type\":\"PropertyValueSpecification\",\"valueRequired\":true,\"valueName\":\"search_term_string\"}}],\"inLanguage\":\"nl-NL\"},{\"@type\":\"Organization\",\"@id\":\"https:\\\/\\\/choco-spin.net\\\/nl\\\/#organization\",\"name\":\"Chocospin\",\"url\":\"https:\\\/\\\/choco-spin.net\\\/nl\\\/\",\"logo\":{\"@type\":\"ImageObject\",\"inLanguage\":\"nl-NL\",\"@id\":\"https:\\\/\\\/choco-spin.net\\\/nl\\\/#\\\/schema\\\/logo\\\/image\\\/\",\"url\":\"https:\\\/\\\/choco-spin.net\\\/wp-content\\\/uploads\\\/2025\\\/07\\\/80u1FaquEZeR6OUTeJCc.png\",\"contentUrl\":\"https:\\\/\\\/choco-spin.net\\\/wp-content\\\/uploads\\\/2025\\\/07\\\/80u1FaquEZeR6OUTeJCc.png\",\"width\":123,\"height\":20,\"caption\":\"Chocospin\"},\"image\":{\"@id\":\"https:\\\/\\\/choco-spin.net\\\/nl\\\/#\\\/schema\\\/logo\\\/image\\\/\"}}]}<\/script>\n<!-- \/ Yoast SEO plugin. -->","yoast_head_json":{"title":"Chocospin Casino Bonussen en Exclusieve Beloningen","description":"Ontdek de exclusieve bonussen bij Chocospin Casino, met royale welkomstaanbiedingen, stortingsbonussen, doorlopende promoties en spannende toernooien. Vind alle bonusvoorwaarden en claiminstructies eenvoudig op \u00e9\u00e9n plek.","robots":{"index":"index","follow":"follow","max-snippet":"max-snippet:-1","max-image-preview":"max-image-preview:large","max-video-preview":"max-video-preview:-1"},"canonical":"https:\/\/choco-spin.net\/nl\/bonus\/","og_locale":"nl_NL","og_type":"article","og_title":"Chocospin Casino Bonussen en Exclusieve Beloningen","og_description":"Ontdek de exclusieve bonussen bij Chocospin Casino, met royale welkomstaanbiedingen, stortingsbonussen, doorlopende promoties en spannende toernooien. Vind alle bonusvoorwaarden en claiminstructies eenvoudig op \u00e9\u00e9n plek.","og_url":"https:\/\/choco-spin.net\/nl\/bonus\/","og_site_name":"chocospin","article_modified_time":"2026-02-23T09:11:23+00:00","twitter_card":"summary_large_image","twitter_misc":{"Est. reading time":"1 minute"},"schema":{"@context":"https:\/\/schema.org","@graph":[{"@type":"WebPage","@id":"https:\/\/choco-spin.net\/nl\/bonus\/","url":"https:\/\/choco-spin.net\/nl\/bonus\/","name":"Chocospin Casino Bonussen en Exclusieve Beloningen","isPartOf":{"@id":"https:\/\/choco-spin.net\/nl\/#website"},"datePublished":"2026-02-23T08:03:15+00:00","dateModified":"2026-02-23T09:11:23+00:00","description":"Ontdek de exclusieve bonussen bij Chocospin Casino, met royale welkomstaanbiedingen, stortingsbonussen, doorlopende promoties en spannende toernooien. Vind alle bonusvoorwaarden en claiminstructies eenvoudig op \u00e9\u00e9n plek.","breadcrumb":{"@id":"https:\/\/choco-spin.net\/nl\/bonus\/#breadcrumb"},"inLanguage":"nl-NL","potentialAction":[{"@type":"ReadAction","target":["https:\/\/choco-spin.net\/nl\/bonus\/"]}]},{"@type":"BreadcrumbList","@id":"https:\/\/choco-spin.net\/nl\/bonus\/#breadcrumb","itemListElement":[{"@type":"ListItem","position":1,"name":"Chocospin","item":"https:\/\/choco-spin.net\/nl\/"},{"@type":"ListItem","position":2,"name":"Bonus"}]},{"@type":"WebSite","@id":"https:\/\/choco-spin.net\/nl\/#website","url":"https:\/\/choco-spin.net\/nl\/","name":"Chocospin","description":"","publisher":{"@id":"https:\/\/choco-spin.net\/nl\/#organization"},"potentialAction":[{"@type":"SearchAction","target":{"@type":"EntryPoint","urlTemplate":"https:\/\/choco-spin.net\/nl\/?s={search_term_string}"},"query-input":{"@type":"PropertyValueSpecification","valueRequired":true,"valueName":"search_term_string"}}],"inLanguage":"nl-NL"},{"@type":"Organization","@id":"https:\/\/choco-spin.net\/nl\/#organization","name":"Chocospin","url":"https:\/\/choco-spin.net\/nl\/","logo":{"@type":"ImageObject","inLanguage":"nl-NL","@id":"https:\/\/choco-spin.net\/nl\/#\/schema\/logo\/image\/","url":"https:\/\/choco-spin.net\/wp-content\/uploads\/2025\/07\/80u1FaquEZeR6OUTeJCc.png","contentUrl":"https:\/\/choco-spin.net\/wp-content\/uploads\/2025\/07\/80u1FaquEZeR6OUTeJCc.png","width":123,"height":20,"caption":"Chocospin"},"image":{"@id":"https:\/\/choco-spin.net\/nl\/#\/schema\/logo\/image\/"}}]}},"_links":{"self":[{"href":"https:\/\/choco-spin.net\/nl\/wp-json\/wp\/v2\/pages\/1447","targetHints":{"allow":["GET"]}}],"collection":[{"href":"https:\/\/choco-spin.net\/nl\/wp-json\/wp\/v2\/pages"}],"about":[{"href":"https:\/\/choco-spin.net\/nl\/wp-json\/wp\/v2\/types\/page"}],"author":[{"embeddable":true,"href":"https:\/\/choco-spin.net\/nl\/wp-json\/wp\/v2\/users\/1"}],"replies":[{"embeddable":true,"href":"https:\/\/choco-spin.net\/nl\/wp-json\/wp\/v2\/comments?post=1447"}],"version-history":[{"count":3,"href":"https:\/\/choco-spin.net\/nl\/wp-json\/wp\/v2\/pages\/1447\/revisions"}],"predecessor-version":[{"id":1623,"href":"https:\/\/choco-spin.net\/nl\/wp-json\/wp\/v2\/pages\/1447\/revisions\/1623"}],"wp:attachment":[{"href":"https:\/\/choco-spin.net\/nl\/wp-json\/wp\/v2\/media?parent=1447"}],"curies":[{"name":"wp","href":"https:\/\/api.w.org\/{rel}","templated":true}]}}