{"id":1486,"date":"2026-02-20T14:59:58","date_gmt":"2026-02-20T14:59:58","guid":{"rendered":"https:\/\/choco-spin.net\/login-and-registration\/"},"modified":"2026-02-23T09:06:39","modified_gmt":"2026-02-23T09:06:39","slug":"inloggen-en-registreren","status":"publish","type":"page","link":"https:\/\/choco-spin.net\/nl\/inloggen-en-registreren\/","title":{"rendered":"Inloggen en registreren"},"content":{"rendered":"<h1>Chocospin account aanmelden en registreren<\/h1>\n<p>Als u ons online casino voor het eerst bezoekt, raden we u ten zeerste aan om het Chocospin login proces te voltooien. Dit biedt u vele voordelen, waaronder de mogelijkheid om voor echt geld te spelen, uw winsten op te nemen en te profiteren van onze royale bonussen. Registratie is toegestaan voor alle Nederlandse gebruikers van 18 jaar of ouder. E\u00e9n persoon kan slechts \u00e9\u00e9n account op ons platform hebben.<\/p>\n<p><div class=\"banner-wrap\" aria-label=\"Banner\"><img src=\"https:\/\/choco-spin.net\/wp-content\/uploads\/2026\/02\/Chocospin-banner-desktop.webp\" class=\"w-100 d-none d-lg-block img-pc main-banner-img\" alt=\"Chocospin banner desktop\" fetchpriority=\"high\" decoding=\"async\"><img src=\"https:\/\/choco-spin.net\/wp-content\/uploads\/2026\/02\/Chocospin-Banner-mobile.webp\" class=\"w-100 d-none d-md-block d-lg-none main-banner-img\" alt=\"Chocospin Banner mobile\" fetchpriority=\"high\" decoding=\"async\"><img src=\"https:\/\/choco-spin.net\/wp-content\/uploads\/2026\/02\/Chocospin-Banner-mobile.webp\" class=\"w-100 d-md-none\" alt=\"Chocospin Banner mobile\" fetchpriority=\"high\" decoding=\"async\"><div class=\"banner-description\">\n<div class=\"banner-title\">Welkomstbonussen<\/div>\n<p class=\"banner-header-title\">\u20ac1500<\/p>\n<div class=\"banner-header-AdditionalText\">+ 250 Gratis Spins<\/div>\n<button data-item=\"homepage_banner_link\" class=\"goto m-button m-gradient-border m-button--primary m-button--large banner-button btn-orange\">\n            <div class=\"m-button-content\">\n                <span>Meld je nu aan<\/span>\n                <span><\/span>\n            <\/div>\n        <\/button>\n<\/div>\n<div class=\"WelcomePack\">\n<p><img loading=\"lazy\" decoding=\"async\" class=\"alignnone size-full wp-image-1385\" src=\"https:\/\/choco-spin.net\/wp-content\/uploads\/2026\/02\/welcome-crown.png\" alt=\"welcome crown\" width=\"25\" height=\"26\" \/><\/p>\n<div class=\"WelcomePack-Info\">Wekelijkse cashback tot 25%<\/div>\n<p><img loading=\"lazy\" decoding=\"async\" class=\"alignnone size-full wp-image-1385\" src=\"https:\/\/choco-spin.net\/wp-content\/uploads\/2026\/02\/welcome-crown.png\" alt=\"welcome crown\" width=\"25\" height=\"26\" \/><\/p>\n<\/div>\n<\/div><div class=\"scrollable-content-wrap my-5\"><div class=\"scrollable-content-inner\"><h2>Registratie van nieuwe gebruikers bij Choco Spin<\/h2>\n<p>Veel gebruikers weten niet zeker of ze een account moeten aanmaken op een nieuw platform en of dit veilig is. Wij garanderen dat Chocospin Casino gebruikmaakt van veilige sleuteluitwisseling en speciale anti-bot-systemen om uw gegevens te beveiligen. Bovendien geeft de registratie u toegang tot meer dan 6.000 titels, waaronder online slots, tafelspellen en live casino-opties, en kunt u stortingen en opnames doen.<\/p>\n<p>Er zijn een paar regels die u moet kennen voordat u begint met inloggen bij Chocospin. Alleen spelers van 18 jaar of ouder kunnen een account aanmaken op het platform. Geef alleen uw echte persoonlijke gegevens op, aangezien we deze tijdens het verificatieproces moeten controleren.<\/p>\n<h3>Maak uw account aan<\/h3>\n<p>Het aanmaken van een nieuw account bij Choco Spin duurt niet langer dan een paar minuten. Het proces is eenvoudig en vereist niet al te veel persoonlijke gegevens. Als u klaar bent om uw spannende reis met ons te beginnen, volgt u de onderstaande instructies:<\/p>\n<ol>\n<li>Gebruikers moeten de registratieknop op onze website zoeken en erop klikken. Deze bevindt zich in de rechterbovenhoek, dus u kunt hem niet missen.<\/li>\n<li>Voer uw persoonlijke gegevens in, zoals uw e-mailadres en wachtwoord. We hanteren een streng wachtwoordbeleid, dus gebruik speciale tekens en zowel kleine letters als hoofdletters.<\/li>\n<li>Vul het veld met de promotiecode in als u die heeft. Deze stap kan u vanaf het begin extra beloningen opleveren bij Chocospin Casino.<\/li>\n<li>U moet uw leeftijd bevestigen en de algemene voorwaarden accepteren. Spelers kunnen de link volgen om zich vertrouwd te maken met onze regels.<\/li>\n<li>Nadat u alle ingevoerde gegevens hebt gecontroleerd en klaar bent om de registratie te voltooien, klikt u op de knop &#8220;Registratie&#8221; onderaan de pagina.<\/li>\n<\/ol>\n<p><img loading=\"lazy\" decoding=\"async\" class=\"alignnone size-full wp-image-1487\" src=\"https:\/\/choco-spin.net\/wp-content\/uploads\/Login-and-Registration-Chocospin.webp\" alt=\"Login and Registration Chocospin\" width=\"1248\" height=\"536\" srcset=\"https:\/\/choco-spin.net\/wp-content\/uploads\/Login-and-Registration-Chocospin.webp 1248w, https:\/\/choco-spin.net\/wp-content\/uploads\/Login-and-Registration-Chocospin-300x129.webp 300w, https:\/\/choco-spin.net\/wp-content\/uploads\/Login-and-Registration-Chocospin-1024x440.webp 1024w, https:\/\/choco-spin.net\/wp-content\/uploads\/Login-and-Registration-Chocospin-768x330.webp 768w\" sizes=\"auto, (max-width: 1248px) 100vw, 1248px\" \/><\/p>\n<h2>Een Chocospin account gebruiken<\/h2>\n<p>Voor al onze klanten die al een account hebben, is het essentieel om het Chocospin-inlogproces te doorlopen. Om dat te doen, hoeft u alleen maar de informatie te onthouden die u tijdens de registratie hebt opgegeven. Als u geen toegang krijgt tot uw account, komt dat waarschijnlijk doordat sommige van de gegevens die u hebt ingevoerd onjuist zijn. Om te voorkomen dat uw account wordt geblokkeerd vanwege verdachte Choco Spin inlogactiviteiten, kunt u contact opnemen met ons ondersteuningsteam.<\/p>\n<p>Nadat gebruikers toegang hebben gekregen tot hun account, kunnen ze hun ervaring personaliseren door speciale instellingen en tools in te schakelen. Allereerst kunt u altijd uw persoonlijke en betalingsgegevens bij Chocospin Casino wijzigen. Spelers kunnen ook hun activiteitenhistorie bekijken en, indien nodig, tools voor verantwoord gokken instellen.<\/p>\n<h3>Chocospin Casino accountverificatie en beveiliging<\/h3>\n<p>Chocospin Casino hecht veel waarde aan de veiligheid van gebruikers. We nemen alle nodige maatregelen om de processen op onze website te beschermen, maar vragen u ook om onze regels te respecteren. Om fraude te voorkomen en iedereen dezelfde kansen te bieden, vragen we al onze gebruikers om de verificatie te voltooien.<\/p>\n<p>De procedure moet worden uitgevoerd v\u00f3\u00f3r de eerste opname. Het is heel eenvoudig: u moet kopie\u00ebn van uw persoonlijke documenten uploaden naar het platform en onze Chocospin-managers zullen deze binnen 48 uur controleren.<\/p>\n<h3>Wachtwoord vergeten?<\/h3>\n<p>We begrijpen dat er verschillende situaties kunnen zijn, bijvoorbeeld dat de gebruiker zijn Chocospin-inloggegevens, waaronder het wachtwoord, is vergeten. Maar we hebben een oplossing voor u om deze te resetten.<\/p>\n<table>\n<tbody>\n<tr>\n<td>Stap<\/td>\n<td>Details<\/td>\n<\/tr>\n<tr>\n<td>Ga naar de inlogpagina<\/td>\n<td>Klik op de knop &#8216;Inloggen&#8217; in de rechterbovenhoek van de hoofdpagina<\/td>\n<\/tr>\n<tr>\n<td>Start het proces voor het opnieuw instellen van het wachtwoord<\/td>\n<td>Volg de link &#8216;Wachtwoord vergeten?&#8217; in het inlogformulier<\/td>\n<\/tr>\n<tr>\n<td>Voer de vereiste informatie in<\/td>\n<td>U moet het e-mailadres opgeven dat aan uw account is gekoppeld<\/td>\n<\/tr>\n<tr>\n<td>Volg de link in de e-mail<\/td>\n<td>We sturen u een link waarmee u een nieuw wachtwoord kunt aanmaken. Dit wachtwoord gebruikt u de volgende keer dat u inlogt<\/td>\n<\/tr>\n<\/tbody>\n<\/table>\n<h2>Veelgestelde vragen<\/h2>\n<h3>Hoe voltooi ik het accountverificatieproces?<\/h3>\n<p>Het is een eenvoudig proces. Voordat u voor het eerst geld opneemt, wordt u gevraagd om kopie\u00ebn van uw persoonlijke documenten te verstrekken om uw identiteit, woonadres, leeftijd en eigendom van uw betaalrekening te bewijzen. Zodra onze managers alles hebben gecontroleerd, brengen zij u op de hoogte.<\/p>\n<h3>Hoe kan ik mijn wachtwoord of e-mailadres wijzigen?<\/h3>\n<p>Bij Choco Spin Casino kunt u uw persoonlijke gegevens op elk moment wijzigen of bijwerken. Log gewoon in op uw account en voer de nodige handelingen uit.<\/p>\n<h3>Wat moet ik doen als mijn account is geblokkeerd?<\/h3>\n<p>Uw Chocospin-account is mogelijk geblokkeerd vanwege verdachte activiteiten of een overtreding van de regels van ons platform. We informeren klanten hier altijd over. Als u geen melding hebt ontvangen, neem dan contact op met ons meertalige ondersteuningsteam via live chat.<\/p>\n<\/div><\/div><\/p>\n","protected":false},"excerpt":{"rendered":"<p>Chocospin account aanmelden en registreren Als u ons online casino voor het eerst bezoekt, raden we u ten zeerste aan om het Chocospin login proces te voltooien. Dit biedt u vele voordelen, waaronder de mogelijkheid om voor echt geld te spelen, uw winsten op te nemen en te profiteren van onze royale bonussen. Registratie is [&hellip;]<\/p>\n","protected":false},"author":1,"featured_media":0,"parent":0,"menu_order":0,"comment_status":"closed","ping_status":"closed","template":"template-builder.php","meta":{"_acf_changed":false,"inline_featured_image":false,"footnotes":""},"class_list":["post-1486","page","type-page","status-publish","hentry"],"acf":[],"yoast_head":"<!-- This site is optimized with the Yoast SEO plugin v27.3 - https:\/\/yoast.com\/product\/yoast-seo-wordpress\/ -->\n<title>Chocospin Inloggen en registreren<\/title>\n<meta name=\"description\" content=\"Maak, beheer en verifieer moeiteloos uw Chocospin Casino-account. Geniet van snelle registratie, eenvoudig accountherstel en veilige afsluiting met Chocospin Login, zodat uw account 24 uur per dag beschermd blijft.\" \/>\n<meta name=\"robots\" content=\"index, follow, max-snippet:-1, max-image-preview:large, max-video-preview:-1\" \/>\n<link rel=\"canonical\" href=\"https:\/\/choco-spin.net\/nl\/inloggen-en-registreren\/\" \/>\n<meta property=\"og:locale\" content=\"nl_NL\" \/>\n<meta property=\"og:type\" content=\"article\" \/>\n<meta property=\"og:title\" content=\"Chocospin Inloggen en registreren\" \/>\n<meta property=\"og:description\" content=\"Maak, beheer en verifieer moeiteloos uw Chocospin Casino-account. Geniet van snelle registratie, eenvoudig accountherstel en veilige afsluiting met Chocospin Login, zodat uw account 24 uur per dag beschermd blijft.\" \/>\n<meta property=\"og:url\" content=\"https:\/\/choco-spin.net\/nl\/inloggen-en-registreren\/\" \/>\n<meta property=\"og:site_name\" content=\"chocospin\" \/>\n<meta property=\"article:modified_time\" content=\"2026-02-23T09:06:39+00:00\" \/>\n<meta name=\"twitter:card\" content=\"summary_large_image\" \/>\n<meta name=\"twitter:label1\" content=\"Est. reading time\" \/>\n\t<meta name=\"twitter:data1\" content=\"1 minute\" \/>\n<script type=\"application\/ld+json\" class=\"yoast-schema-graph\">{\"@context\":\"https:\\\/\\\/schema.org\",\"@graph\":[{\"@type\":\"WebPage\",\"@id\":\"https:\\\/\\\/choco-spin.net\\\/nl\\\/inloggen-en-registreren\\\/\",\"url\":\"https:\\\/\\\/choco-spin.net\\\/nl\\\/inloggen-en-registreren\\\/\",\"name\":\"Chocospin Inloggen en registreren\",\"isPartOf\":{\"@id\":\"https:\\\/\\\/choco-spin.net\\\/nl\\\/#website\"},\"datePublished\":\"2026-02-20T14:59:58+00:00\",\"dateModified\":\"2026-02-23T09:06:39+00:00\",\"description\":\"Maak, beheer en verifieer moeiteloos uw Chocospin Casino-account. Geniet van snelle registratie, eenvoudig accountherstel en veilige afsluiting met Chocospin Login, zodat uw account 24 uur per dag beschermd blijft.\",\"breadcrumb\":{\"@id\":\"https:\\\/\\\/choco-spin.net\\\/nl\\\/inloggen-en-registreren\\\/#breadcrumb\"},\"inLanguage\":\"nl-NL\",\"potentialAction\":[{\"@type\":\"ReadAction\",\"target\":[\"https:\\\/\\\/choco-spin.net\\\/nl\\\/inloggen-en-registreren\\\/\"]}]},{\"@type\":\"BreadcrumbList\",\"@id\":\"https:\\\/\\\/choco-spin.net\\\/nl\\\/inloggen-en-registreren\\\/#breadcrumb\",\"itemListElement\":[{\"@type\":\"ListItem\",\"position\":1,\"name\":\"Chocospin\",\"item\":\"https:\\\/\\\/choco-spin.net\\\/nl\\\/\"},{\"@type\":\"ListItem\",\"position\":2,\"name\":\"Inloggen en registreren\"}]},{\"@type\":\"WebSite\",\"@id\":\"https:\\\/\\\/choco-spin.net\\\/nl\\\/#website\",\"url\":\"https:\\\/\\\/choco-spin.net\\\/nl\\\/\",\"name\":\"Chocospin\",\"description\":\"\",\"publisher\":{\"@id\":\"https:\\\/\\\/choco-spin.net\\\/nl\\\/#organization\"},\"potentialAction\":[{\"@type\":\"SearchAction\",\"target\":{\"@type\":\"EntryPoint\",\"urlTemplate\":\"https:\\\/\\\/choco-spin.net\\\/nl\\\/?s={search_term_string}\"},\"query-input\":{\"@type\":\"PropertyValueSpecification\",\"valueRequired\":true,\"valueName\":\"search_term_string\"}}],\"inLanguage\":\"nl-NL\"},{\"@type\":\"Organization\",\"@id\":\"https:\\\/\\\/choco-spin.net\\\/nl\\\/#organization\",\"name\":\"Chocospin\",\"url\":\"https:\\\/\\\/choco-spin.net\\\/nl\\\/\",\"logo\":{\"@type\":\"ImageObject\",\"inLanguage\":\"nl-NL\",\"@id\":\"https:\\\/\\\/choco-spin.net\\\/nl\\\/#\\\/schema\\\/logo\\\/image\\\/\",\"url\":\"https:\\\/\\\/choco-spin.net\\\/wp-content\\\/uploads\\\/2025\\\/07\\\/80u1FaquEZeR6OUTeJCc.png\",\"contentUrl\":\"https:\\\/\\\/choco-spin.net\\\/wp-content\\\/uploads\\\/2025\\\/07\\\/80u1FaquEZeR6OUTeJCc.png\",\"width\":123,\"height\":20,\"caption\":\"Chocospin\"},\"image\":{\"@id\":\"https:\\\/\\\/choco-spin.net\\\/nl\\\/#\\\/schema\\\/logo\\\/image\\\/\"}}]}<\/script>\n<!-- \/ Yoast SEO plugin. -->","yoast_head_json":{"title":"Chocospin Inloggen en registreren","description":"Maak, beheer en verifieer moeiteloos uw Chocospin Casino-account. Geniet van snelle registratie, eenvoudig accountherstel en veilige afsluiting met Chocospin Login, zodat uw account 24 uur per dag beschermd blijft.","robots":{"index":"index","follow":"follow","max-snippet":"max-snippet:-1","max-image-preview":"max-image-preview:large","max-video-preview":"max-video-preview:-1"},"canonical":"https:\/\/choco-spin.net\/nl\/inloggen-en-registreren\/","og_locale":"nl_NL","og_type":"article","og_title":"Chocospin Inloggen en registreren","og_description":"Maak, beheer en verifieer moeiteloos uw Chocospin Casino-account. Geniet van snelle registratie, eenvoudig accountherstel en veilige afsluiting met Chocospin Login, zodat uw account 24 uur per dag beschermd blijft.","og_url":"https:\/\/choco-spin.net\/nl\/inloggen-en-registreren\/","og_site_name":"chocospin","article_modified_time":"2026-02-23T09:06:39+00:00","twitter_card":"summary_large_image","twitter_misc":{"Est. reading time":"1 minute"},"schema":{"@context":"https:\/\/schema.org","@graph":[{"@type":"WebPage","@id":"https:\/\/choco-spin.net\/nl\/inloggen-en-registreren\/","url":"https:\/\/choco-spin.net\/nl\/inloggen-en-registreren\/","name":"Chocospin Inloggen en registreren","isPartOf":{"@id":"https:\/\/choco-spin.net\/nl\/#website"},"datePublished":"2026-02-20T14:59:58+00:00","dateModified":"2026-02-23T09:06:39+00:00","description":"Maak, beheer en verifieer moeiteloos uw Chocospin Casino-account. Geniet van snelle registratie, eenvoudig accountherstel en veilige afsluiting met Chocospin Login, zodat uw account 24 uur per dag beschermd blijft.","breadcrumb":{"@id":"https:\/\/choco-spin.net\/nl\/inloggen-en-registreren\/#breadcrumb"},"inLanguage":"nl-NL","potentialAction":[{"@type":"ReadAction","target":["https:\/\/choco-spin.net\/nl\/inloggen-en-registreren\/"]}]},{"@type":"BreadcrumbList","@id":"https:\/\/choco-spin.net\/nl\/inloggen-en-registreren\/#breadcrumb","itemListElement":[{"@type":"ListItem","position":1,"name":"Chocospin","item":"https:\/\/choco-spin.net\/nl\/"},{"@type":"ListItem","position":2,"name":"Inloggen en registreren"}]},{"@type":"WebSite","@id":"https:\/\/choco-spin.net\/nl\/#website","url":"https:\/\/choco-spin.net\/nl\/","name":"Chocospin","description":"","publisher":{"@id":"https:\/\/choco-spin.net\/nl\/#organization"},"potentialAction":[{"@type":"SearchAction","target":{"@type":"EntryPoint","urlTemplate":"https:\/\/choco-spin.net\/nl\/?s={search_term_string}"},"query-input":{"@type":"PropertyValueSpecification","valueRequired":true,"valueName":"search_term_string"}}],"inLanguage":"nl-NL"},{"@type":"Organization","@id":"https:\/\/choco-spin.net\/nl\/#organization","name":"Chocospin","url":"https:\/\/choco-spin.net\/nl\/","logo":{"@type":"ImageObject","inLanguage":"nl-NL","@id":"https:\/\/choco-spin.net\/nl\/#\/schema\/logo\/image\/","url":"https:\/\/choco-spin.net\/wp-content\/uploads\/2025\/07\/80u1FaquEZeR6OUTeJCc.png","contentUrl":"https:\/\/choco-spin.net\/wp-content\/uploads\/2025\/07\/80u1FaquEZeR6OUTeJCc.png","width":123,"height":20,"caption":"Chocospin"},"image":{"@id":"https:\/\/choco-spin.net\/nl\/#\/schema\/logo\/image\/"}}]}},"_links":{"self":[{"href":"https:\/\/choco-spin.net\/nl\/wp-json\/wp\/v2\/pages\/1486","targetHints":{"allow":["GET"]}}],"collection":[{"href":"https:\/\/choco-spin.net\/nl\/wp-json\/wp\/v2\/pages"}],"about":[{"href":"https:\/\/choco-spin.net\/nl\/wp-json\/wp\/v2\/types\/page"}],"author":[{"embeddable":true,"href":"https:\/\/choco-spin.net\/nl\/wp-json\/wp\/v2\/users\/1"}],"replies":[{"embeddable":true,"href":"https:\/\/choco-spin.net\/nl\/wp-json\/wp\/v2\/comments?post=1486"}],"version-history":[{"count":2,"href":"https:\/\/choco-spin.net\/nl\/wp-json\/wp\/v2\/pages\/1486\/revisions"}],"predecessor-version":[{"id":1616,"href":"https:\/\/choco-spin.net\/nl\/wp-json\/wp\/v2\/pages\/1486\/revisions\/1616"}],"wp:attachment":[{"href":"https:\/\/choco-spin.net\/nl\/wp-json\/wp\/v2\/media?parent=1486"}],"curies":[{"name":"wp","href":"https:\/\/api.w.org\/{rel}","templated":true}]}}