{"id":1443,"date":"2026-02-20T14:53:26","date_gmt":"2026-02-20T14:53:26","guid":{"rendered":"https:\/\/choco-spin.net\/app\/"},"modified":"2026-02-23T11:44:28","modified_gmt":"2026-02-23T11:44:28","slug":"aplikacja","status":"publish","type":"page","link":"https:\/\/choco-spin.net\/pl\/aplikacja\/","title":{"rendered":"Aplikacja"},"content":{"rendered":"<h1>Platforma mobilna Choco Spin<\/h1>\n<p>Wszystkie nasze tytu\u0142y, bonusy, p\u0142atno\u015bci i inne fajne funkcje s\u0105 r\u00f3wnie\u017c dost\u0119pne w Chocospin App. Nie jeste\u015b ograniczony przez urz\u0105dzenie, z kt\u00f3rego korzystasz. U\u017cytkownicy z Polski mog\u0105 wybra\u0107 najdogodniejsz\u0105 opcj\u0119 w zale\u017cno\u015bci od sytuacji. Po zalogowaniu si\u0119 wszystkie Twoje dane osobowe, saldo i osi\u0105gni\u0119cia zostan\u0105 zsynchronizowane. Kasyno Chocospin jest kompatybilne ze wszystkimi nowoczesnymi urz\u0105dzeniami z systemem Android i iOS.<\/p>\n<div class=\"banner-wrap\" aria-label=\"Banner\"><img src=\"https:\/\/choco-spin.net\/wp-content\/uploads\/2026\/02\/Chocospin-banner-desktop.webp\" class=\"w-100 d-none d-lg-block img-pc main-banner-img\" alt=\"Chocospin banner desktop\" fetchpriority=\"high\" decoding=\"async\"><img src=\"https:\/\/choco-spin.net\/wp-content\/uploads\/2026\/02\/Chocospin-Banner-mobile.webp\" class=\"w-100 d-none d-md-block d-lg-none main-banner-img\" alt=\"Chocospin Banner mobile\" fetchpriority=\"high\" decoding=\"async\"><img src=\"https:\/\/choco-spin.net\/wp-content\/uploads\/2026\/02\/Chocospin-Banner-mobile.webp\" class=\"w-100 d-md-none\" alt=\"Chocospin Banner mobile\" fetchpriority=\"high\" decoding=\"async\"><div class=\"banner-description\">\n<div class=\"banner-title\">Bonusy powitalne<\/div>\n<p class=\"banner-header-title\">\u20ac1500<\/p>\n<div class=\"banner-header-AdditionalText\">+ 250 Darmowe spiny<\/div>\n<button data-item=\"homepage_banner_link\" class=\"goto m-button m-gradient-border m-button--primary m-button--large banner-button btn-orange\">\n            <div class=\"m-button-content\">\n                <span>Zarejestruj si\u0119 teraz<\/span>\n                <span><\/span>\n            <\/div>\n        <\/button>\n<\/div>\n<div class=\"WelcomePack\">\n<p><img loading=\"lazy\" decoding=\"async\" class=\"alignnone size-full wp-image-1385\" src=\"https:\/\/choco-spin.net\/wp-content\/uploads\/2026\/02\/welcome-crown.png\" alt=\"welcome crown\" width=\"25\" height=\"26\" \/><\/p>\n<div class=\"WelcomePack-Info\">Cotygodniowy zwrot got\u00f3wki do 25%<\/div>\n<p><img loading=\"lazy\" decoding=\"async\" class=\"alignnone size-full wp-image-1385\" src=\"https:\/\/choco-spin.net\/wp-content\/uploads\/2026\/02\/welcome-crown.png\" alt=\"welcome crown\" width=\"25\" height=\"26\" \/><\/p>\n<\/div>\n<\/div>\n<h2>Korzystanie z Chocospin na urz\u0105dzeniach mobilnych<\/h2>\n<p>Korzystanie z Choco Spin na urz\u0105dzeniu mobilnym jest bardzo wygodne, poniewa\u017c mo\u017cna to robi\u0107 w dowolnym czasie i miejscu. Uzyskujesz dost\u0119p do wszystkich fajnych funkcji, kt\u00f3re by\u0142y dost\u0119pne na komputerze. Ca\u0142a kolekcja gier, obejmuj\u0105ca automaty online, gry sto\u0142owe, opcje natychmiastowej wygranej i kasyno na \u017cywo, b\u0119dzie dost\u0119pna na Twoim telefonie lub tablecie.<\/p>\n<p>Nasi u\u017cytkownicy maj\u0105 do wyboru dwie opcje: wersj\u0119 przegl\u0105darki mobilnej lub dedykowan\u0105 aplikacj\u0119 Chocospin. Obie zapewniaj\u0105 doskona\u0142e wra\u017cenia z gry, oferuj\u0105c szybkie \u0142adowanie, funkcjonalno\u015b\u0107 zoptymalizowan\u0105 pod k\u0105tem urz\u0105dze\u0144 mobilnych i p\u0142ynn\u0105 rozgrywk\u0119.<\/p>\n<p>Jako licencjonowane kasyno online przestrzegamy wszystkich surowych przepis\u00f3w obowi\u0105zuj\u0105cych w bran\u017cy. W mobilnej wersji Chocospin Casino u\u017cywamy zap\u00f3r sieciowych aplikacji internetowych i bezpiecznej wymiany kluczy RSA-2048, aby zapewni\u0107 bezpiecze\u0144stwo Twojego konta. Regularnie testujemy nasze oprogramowanie mobilne, aby zapewni\u0107 pe\u0142ne bezpiecze\u0144stwo instalacji.<\/p>\n<p><div class=\"scrollable-content-wrap my-5\"><div class=\"scrollable-content-inner\"><h2>Aplikacja mobilna Chocospin na Androida<\/h2>\n<p>Je\u015bli posiadasz smartfon lub tablet z systemem Android, mo\u017cesz z \u0142atwo\u015bci\u0105 korzysta\u0107 z naszej platformy na swoim urz\u0105dzeniu. W tym celu wystarczy przej\u015b\u0107 do dowolnej przegl\u0105darki i odwiedzi\u0107 nasz\u0105 stron\u0119. Chocospin idealnie dostosuje si\u0119 do rozmiaru i rozdzielczo\u015bci ekranu. Nie b\u0119dziesz mie\u0107 \u017cadnych ogranicze\u0144 w zakresie funkcjonalno\u015bci ani proces\u00f3w, poniewa\u017c wszystko jest dost\u0119pne na urz\u0105dzeniach mobilnych.<\/p>\n<p>Istnieje r\u00f3wnie\u017c inna opcja gry w podr\u00f3\u017cy \u2013 aplikacja Choco Spin na Androida. Jest to progresywna aplikacja internetowa (PWA), kt\u00f3r\u0105 mo\u017cna zainstalowa\u0107 z naszej strony internetowej. Nie zajmie ona du\u017co miejsca w pami\u0119ci urz\u0105dzenia, poniewa\u017c wykorzystuje tylko dane z pami\u0119ci podr\u0119cznej. Nie s\u0105 potrzebne \u017cadne dodatkowe pliki APK Chocospin. Gracze mog\u0105 skorzysta\u0107 z naszych instrukcji instalacji, aby szybko i bez problem\u00f3w skonfigurowa\u0107 wszystko.<\/p>\n<table>\n<tbody>\n<tr>\n<td>Krok<\/td>\n<td>Szczeg\u00f3\u0142y<\/td>\n<\/tr>\n<tr>\n<td>Odwied\u017a stron\u0119 internetow\u0105 Chocospin Casino<\/td>\n<td>Nasi klienci mog\u0105 korzysta\u0107 z dowolnego nowoczesnego urz\u0105dzenia z systemem Android i dowoln\u0105 przegl\u0105dark\u0105<\/td>\n<\/tr>\n<tr>\n<td>Kliknij przycisk \u201eWi\u0119cej\u201d<\/td>\n<td>Znajdziesz go w pasku adresu w postaci trzech kropek<\/td>\n<\/tr>\n<tr>\n<td>Znajd\u017a opcj\u0119 instalacji aplikacji<\/td>\n<td>Na li\u015bcie nale\u017cy klikn\u0105\u0107 opcj\u0119 \u201eDodaj do ekranu g\u0142\u00f3wnego\u201d<\/td>\n<\/tr>\n<tr>\n<td>W razie potrzeby dostosuj ikon\u0119<\/td>\n<td>U\u017cytkownicy mog\u0105 zmieni\u0107 nazw\u0119 i wygl\u0105d przysz\u0142ej ikony lub pozostawi\u0107 wszystko w ustawieniach domy\u015blnych<\/td>\n<\/tr>\n<tr>\n<td>Umie\u015b\u0107 ikon\u0119 na ekranie g\u0142\u00f3wnym i zaloguj si\u0119<\/td>\n<td>Po wykonaniu wszystkich krok\u00f3w ikona pojawi si\u0119 na ekranie g\u0142\u00f3wnym. Mo\u017cesz zmieni\u0107 jej po\u0142o\u017cenie zgodnie z w\u0142asnymi preferencjami<\/td>\n<\/tr>\n<\/tbody>\n<\/table>\n<p><img loading=\"lazy\" decoding=\"async\" class=\"alignnone size-full wp-image-1444\" src=\"https:\/\/choco-spin.net\/wp-content\/uploads\/2026\/02\/Chocospin-Android-App.webp\" alt=\"Chocospin Android App\" width=\"1248\" height=\"536\" srcset=\"https:\/\/choco-spin.net\/wp-content\/uploads\/2026\/02\/Chocospin-Android-App.webp 1248w, https:\/\/choco-spin.net\/wp-content\/uploads\/2026\/02\/Chocospin-Android-App-300x129.webp 300w, https:\/\/choco-spin.net\/wp-content\/uploads\/2026\/02\/Chocospin-Android-App-1024x440.webp 1024w, https:\/\/choco-spin.net\/wp-content\/uploads\/2026\/02\/Chocospin-Android-App-768x330.webp 768w\" sizes=\"auto, (max-width: 1248px) 100vw, 1248px\" \/><\/p>\n<\/div><\/div><div style=\"clear: both\"><\/div><div class=\"d-flex justify-content-center\"><button data-item=\"decouvrez_link\" data-group=\"website_links\" class=\"goto fw-bold rounded-pill btn btn-orange\" aria-label=\"Pobierz aplikacj\u0119 Chocospin\" >Pobierz aplikacj\u0119 Chocospin<\/button><\/div><div class=\"scrollable-content-wrap my-5\"><div class=\"scrollable-content-inner\"><h2>Aplikacja mobilna Chocospin na iOS<\/h2>\n<p>Proces instalacji aplikacji Chocospin jest tak samo \u0142atwy na urz\u0105dzeniach z systemem iOS, jak i Android. Nie musisz zak\u0142ada\u0107 konta w Apple Store ani na \u017cadnej innej stronie internetowej. Mobilne kasyno mo\u017cna \u0142atwo zainstalowa\u0107 z naszej strony internetowej. G\u0142\u00f3wn\u0105 zalet\u0105 jest to, \u017ce projekt i nawigacja b\u0119d\u0105 Ci znane, je\u015bli wcze\u015bniej korzysta\u0142e\u015b z wersji na komputery stacjonarne.<\/p>\n<p>Aby zainstalowa\u0107 aplikacj\u0119 Chocospin, wystarczy wej\u015b\u0107 na nasz\u0105 stron\u0119 z iPhone&#8217;a lub iPada i klikn\u0105\u0107 przycisk \u201eUdost\u0119pnij\u201d u do\u0142u ekranu. Nale\u017cy klikn\u0105\u0107 \u201eDodaj do ekranu g\u0142\u00f3wnego\u201d, a ikona marki pojawi si\u0119 na ekranie.<\/p>\n<p>Je\u015bli nie jeste\u015b gotowy na instalacj\u0119 czego\u015b nowego, nie ma problemu. Gracze mog\u0105 po prostu odwiedzi\u0107 nasz\u0105 stron\u0119 w przegl\u0105darce Safari lub Google Chrome i cieszy\u0107 si\u0119 ulubionymi grami w podr\u00f3\u017cy. Choco Spin na urz\u0105dzenia mobilne zapewnia dost\u0119p do rejestracji, logowania, procesu weryfikacji i p\u0142atno\u015bci.<\/p>\n<p><img loading=\"lazy\" decoding=\"async\" class=\"alignnone size-full wp-image-1733\" src=\"https:\/\/choco-spin.net\/wp-content\/uploads\/2026\/02\/Chocospin-iOS-App.webp\" alt=\"Choco-spin iOS App\" width=\"1248\" height=\"536\" srcset=\"https:\/\/choco-spin.net\/wp-content\/uploads\/2026\/02\/Chocospin-iOS-App.webp 1248w, https:\/\/choco-spin.net\/wp-content\/uploads\/2026\/02\/Chocospin-iOS-App-300x129.webp 300w, https:\/\/choco-spin.net\/wp-content\/uploads\/2026\/02\/Chocospin-iOS-App-1024x440.webp 1024w, https:\/\/choco-spin.net\/wp-content\/uploads\/2026\/02\/Chocospin-iOS-App-768x330.webp 768w\" sizes=\"auto, (max-width: 1248px) 100vw, 1248px\" \/><\/p>\n<\/div><\/div><div style=\"clear: both\"><\/div><div class=\"d-flex justify-content-center\"><button data-item=\"decouvrez_link\" data-group=\"website_links\" class=\"goto fw-bold rounded-pill btn btn-orange\" aria-label=\"Pobierz Chocospin\" >Pobierz Chocospin<\/button><\/div><div class=\"scrollable-content-wrap my-5\"><div class=\"scrollable-content-inner\"><h2>Aplikacje dla system\u00f3w Windows i macOS<\/h2>\n<p>Wersja na komputery PC jest nadal dost\u0119pna dla naszych u\u017cytkownik\u00f3w. Co wi\u0119cej, mo\u017cesz zmienia\u0107 urz\u0105dzenia w zale\u017cno\u015bci od sytuacji i lokalizacji. Wa\u017cne jest, aby wsz\u0119dzie u\u017cywa\u0107 tego samego konta Chocospin. Tylko w takim przypadku Twoje dane b\u0119d\u0105 zsynchronizowane.<\/p>\n<p>Aby uzyska\u0107 szybszy dost\u0119p, wszystkie nowoczesne przegl\u0105darki umo\u017cliwiaj\u0105 utworzenie ikony skr\u00f3tu do preferowanej strony. Dzia\u0142a to r\u00f3wnie\u017c w przypadku Choco Spin Casino. Ten krok pozwoli Ci uzyska\u0107 dost\u0119p do naszego kasyna online za pomoc\u0105 jednego klikni\u0119cia, bez konieczno\u015bci przechodzenia do przegl\u0105darki i wyszukiwania strony.<\/p>\n<p>Niezale\u017cnie od tego, jakiego urz\u0105dzenia u\u017cywasz, chcemy zapewni\u0107 Ci bezpiecze\u0144stwo. W aplikacji Chocospin na iOS, Androida i PC stosowane s\u0105 nast\u0119puj\u0105ce \u015brodki:<\/p>\n<ul>\n<li>Obs\u0142uga uwierzytelniania biometrycznego. Umo\u017cliwia logowanie za pomoc\u0105 odcisku palca lub rozpoznawania twarzy na kompatybilnych urz\u0105dzeniach mobilnych w celu zapewnienia dodatkowej ochrony.<\/li>\n<li>Tokenizacja danych p\u0142atniczych. Zast\u0119puje poufne dane karty bezpiecznymi tokenami, aby zminimalizowa\u0107 ryzyko oszustwa.<\/li>\n<li>Monitorowanie aktywno\u015bci w czasie rzeczywistym. Natychmiastowe wykrywanie podejrzanych logowa\u0144, nietypowych wzorc\u00f3w zak\u0142ad\u00f3w lub fa\u0142szywych transakcji.<\/li>\n<li>Bezpieczne aktualizacje oprogramowania. Nasze aktualizacje PWA s\u0105 wdra\u017cane po stronie serwera, dzi\u0119ki czemu gracze zawsze korzystaj\u0105 z najnowszej, chronionej wersji bez konieczno\u015bci r\u0119cznego pobierania.<\/li>\n<\/ul>\n<p><img loading=\"lazy\" decoding=\"async\" class=\"alignnone size-full wp-image-1738\" src=\"https:\/\/choco-spin.net\/wp-content\/uploads\/2026\/02\/Chocospin-Desktop.webp\" alt=\"Choco-spin Desktop\" width=\"1248\" height=\"536\" srcset=\"https:\/\/choco-spin.net\/wp-content\/uploads\/2026\/02\/Chocospin-Desktop.webp 1248w, https:\/\/choco-spin.net\/wp-content\/uploads\/2026\/02\/Chocospin-Desktop-300x129.webp 300w, https:\/\/choco-spin.net\/wp-content\/uploads\/2026\/02\/Chocospin-Desktop-1024x440.webp 1024w, https:\/\/choco-spin.net\/wp-content\/uploads\/2026\/02\/Chocospin-Desktop-768x330.webp 768w\" sizes=\"auto, (max-width: 1248px) 100vw, 1248px\" \/><\/p>\n<\/div><\/div><div style=\"clear: both\"><\/div><div class=\"d-flex justify-content-center\"><button data-item=\"decouvrez_link\" data-group=\"website_links\" class=\"goto fw-bold rounded-pill btn btn-orange\" aria-label=\"Pobierz aplikacj\u0119 Chocospin\" >Pobierz aplikacj\u0119 Chocospin<\/button><\/div><div class=\"scrollable-content-wrap my-5\"><div class=\"scrollable-content-inner\"><h2>FAQ<\/h2>\n<h3>Czy do korzystania z aplikacji Choco Spin wymagane jest utworzenie konta?<\/h3>\n<p>Zgodnie z zasadami kasyna Chocospin u\u017cytkownicy musz\u0105 utworzy\u0107 konto, aby korzysta\u0107 z oprogramowania mobilnego. Nie martw si\u0119, rejestracja jest szybka i wymaga jedynie podania adresu e-mail, has\u0142a i kodu promocyjnego, je\u015bli taki posiadasz.<\/p>\n<h3>Czy aplikacja Choco Spin Casino oferuje obs\u0142ug\u0119 klienta?<\/h3>\n<p>Nasz zesp\u00f3\u0142 wsparcia jest dost\u0119pny przez ca\u0142\u0105 dob\u0119, zar\u00f3wno w wersji mobilnej, jak i stacjonarnej. Gracze mog\u0105 skontaktowa\u0107 si\u0119 z nami za po\u015brednictwem wbudowanego czatu na \u017cywo lub poczty elektronicznej. Gwarantujemy szybkie i profesjonalne odpowiedzi.<\/p>\n<h3>Jak mog\u0119 zaktualizowa\u0107 aplikacj\u0119 Choco Spin Casino?<\/h3>\n<p>Jako aplikacja PWA aktualizuje si\u0119 automatycznie, bez konieczno\u015bci wykonywania dodatkowych czynno\u015bci ze strony u\u017cytkownika. Zawsze informujemy naszych klient\u00f3w o aktualizacjach i zmianach w wersji mobilnej.<\/p>\n<\/div><\/div><\/p>\n","protected":false},"excerpt":{"rendered":"<p>Platforma mobilna Choco Spin Wszystkie nasze tytu\u0142y, bonusy, p\u0142atno\u015bci i inne fajne funkcje s\u0105 r\u00f3wnie\u017c dost\u0119pne w Chocospin App. Nie jeste\u015b ograniczony przez urz\u0105dzenie, z kt\u00f3rego korzystasz. U\u017cytkownicy z Polski mog\u0105 wybra\u0107 najdogodniejsz\u0105 opcj\u0119 w zale\u017cno\u015bci od sytuacji. Po zalogowaniu si\u0119 wszystkie Twoje dane osobowe, saldo i osi\u0105gni\u0119cia zostan\u0105 zsynchronizowane. Kasyno Chocospin jest kompatybilne ze [&hellip;]<\/p>\n","protected":false},"author":1,"featured_media":0,"parent":0,"menu_order":0,"comment_status":"closed","ping_status":"closed","template":"template-builder.php","meta":{"_acf_changed":false,"inline_featured_image":false,"footnotes":""},"class_list":["post-1443","page","type-page","status-publish","hentry"],"acf":[],"yoast_head":"<!-- This site is optimized with the Yoast SEO plugin v27.3 - https:\/\/yoast.com\/product\/yoast-seo-wordpress\/ -->\n<title>Chocospin App | Platformy iOS i Android<\/title>\n<meta name=\"description\" content=\"Aplikacja Chocospin zapewnia p\u0142ynn\u0105 rozgrywk\u0119 w kasynie na systemach Android, iOS, Windows i macOS, oferuj\u0105c zsynchronizowane konta, regularne aktualizacje i wbudowan\u0105 obs\u0142ug\u0119 klienta, co zapewnia bezproblemowe korzystanie z aplikacji.\" \/>\n<meta name=\"robots\" content=\"index, follow, max-snippet:-1, max-image-preview:large, max-video-preview:-1\" \/>\n<link rel=\"canonical\" href=\"https:\/\/choco-spin.net\/pl\/aplikacja\/\" \/>\n<meta property=\"og:locale\" content=\"pl_PL\" \/>\n<meta property=\"og:type\" content=\"article\" \/>\n<meta property=\"og:title\" content=\"Chocospin App | Platformy iOS i Android\" \/>\n<meta property=\"og:description\" content=\"Aplikacja Chocospin zapewnia p\u0142ynn\u0105 rozgrywk\u0119 w kasynie na systemach Android, iOS, Windows i macOS, oferuj\u0105c zsynchronizowane konta, regularne aktualizacje i wbudowan\u0105 obs\u0142ug\u0119 klienta, co zapewnia bezproblemowe korzystanie z aplikacji.\" \/>\n<meta property=\"og:url\" content=\"https:\/\/choco-spin.net\/pl\/aplikacja\/\" \/>\n<meta property=\"og:site_name\" content=\"chocospin\" \/>\n<meta property=\"article:modified_time\" content=\"2026-02-23T11:44:28+00:00\" \/>\n<meta name=\"twitter:card\" content=\"summary_large_image\" \/>\n<meta name=\"twitter:label1\" content=\"Est. reading time\" \/>\n\t<meta name=\"twitter:data1\" content=\"1 minute\" \/>\n<script type=\"application\/ld+json\" class=\"yoast-schema-graph\">{\"@context\":\"https:\\\/\\\/schema.org\",\"@graph\":[{\"@type\":\"WebPage\",\"@id\":\"https:\\\/\\\/choco-spin.net\\\/pl\\\/aplikacja\\\/\",\"url\":\"https:\\\/\\\/choco-spin.net\\\/pl\\\/aplikacja\\\/\",\"name\":\"Chocospin App | Platformy iOS i Android\",\"isPartOf\":{\"@id\":\"https:\\\/\\\/choco-spin.net\\\/pl\\\/#website\"},\"datePublished\":\"2026-02-20T14:53:26+00:00\",\"dateModified\":\"2026-02-23T11:44:28+00:00\",\"description\":\"Aplikacja Chocospin zapewnia p\u0142ynn\u0105 rozgrywk\u0119 w kasynie na systemach Android, iOS, Windows i macOS, oferuj\u0105c zsynchronizowane konta, regularne aktualizacje i wbudowan\u0105 obs\u0142ug\u0119 klienta, co zapewnia bezproblemowe korzystanie z aplikacji.\",\"breadcrumb\":{\"@id\":\"https:\\\/\\\/choco-spin.net\\\/pl\\\/aplikacja\\\/#breadcrumb\"},\"inLanguage\":\"pl-PL\",\"potentialAction\":[{\"@type\":\"ReadAction\",\"target\":[\"https:\\\/\\\/choco-spin.net\\\/pl\\\/aplikacja\\\/\"]}]},{\"@type\":\"BreadcrumbList\",\"@id\":\"https:\\\/\\\/choco-spin.net\\\/pl\\\/aplikacja\\\/#breadcrumb\",\"itemListElement\":[{\"@type\":\"ListItem\",\"position\":1,\"name\":\"Chocospin\",\"item\":\"https:\\\/\\\/choco-spin.net\\\/pl\\\/\"},{\"@type\":\"ListItem\",\"position\":2,\"name\":\"Aplikacja\"}]},{\"@type\":\"WebSite\",\"@id\":\"https:\\\/\\\/choco-spin.net\\\/pl\\\/#website\",\"url\":\"https:\\\/\\\/choco-spin.net\\\/pl\\\/\",\"name\":\"Chocospin\",\"description\":\"\",\"publisher\":{\"@id\":\"https:\\\/\\\/choco-spin.net\\\/pl\\\/#organization\"},\"potentialAction\":[{\"@type\":\"SearchAction\",\"target\":{\"@type\":\"EntryPoint\",\"urlTemplate\":\"https:\\\/\\\/choco-spin.net\\\/pl\\\/?s={search_term_string}\"},\"query-input\":{\"@type\":\"PropertyValueSpecification\",\"valueRequired\":true,\"valueName\":\"search_term_string\"}}],\"inLanguage\":\"pl-PL\"},{\"@type\":\"Organization\",\"@id\":\"https:\\\/\\\/choco-spin.net\\\/pl\\\/#organization\",\"name\":\"Chocospin\",\"url\":\"https:\\\/\\\/choco-spin.net\\\/pl\\\/\",\"logo\":{\"@type\":\"ImageObject\",\"inLanguage\":\"pl-PL\",\"@id\":\"https:\\\/\\\/choco-spin.net\\\/pl\\\/#\\\/schema\\\/logo\\\/image\\\/\",\"url\":\"https:\\\/\\\/choco-spin.net\\\/wp-content\\\/uploads\\\/2025\\\/07\\\/80u1FaquEZeR6OUTeJCc.png\",\"contentUrl\":\"https:\\\/\\\/choco-spin.net\\\/wp-content\\\/uploads\\\/2025\\\/07\\\/80u1FaquEZeR6OUTeJCc.png\",\"width\":123,\"height\":20,\"caption\":\"Chocospin\"},\"image\":{\"@id\":\"https:\\\/\\\/choco-spin.net\\\/pl\\\/#\\\/schema\\\/logo\\\/image\\\/\"}}]}<\/script>\n<!-- \/ Yoast SEO plugin. -->","yoast_head_json":{"title":"Chocospin App | Platformy iOS i Android","description":"Aplikacja Chocospin zapewnia p\u0142ynn\u0105 rozgrywk\u0119 w kasynie na systemach Android, iOS, Windows i macOS, oferuj\u0105c zsynchronizowane konta, regularne aktualizacje i wbudowan\u0105 obs\u0142ug\u0119 klienta, co zapewnia bezproblemowe korzystanie z aplikacji.","robots":{"index":"index","follow":"follow","max-snippet":"max-snippet:-1","max-image-preview":"max-image-preview:large","max-video-preview":"max-video-preview:-1"},"canonical":"https:\/\/choco-spin.net\/pl\/aplikacja\/","og_locale":"pl_PL","og_type":"article","og_title":"Chocospin App | Platformy iOS i Android","og_description":"Aplikacja Chocospin zapewnia p\u0142ynn\u0105 rozgrywk\u0119 w kasynie na systemach Android, iOS, Windows i macOS, oferuj\u0105c zsynchronizowane konta, regularne aktualizacje i wbudowan\u0105 obs\u0142ug\u0119 klienta, co zapewnia bezproblemowe korzystanie z aplikacji.","og_url":"https:\/\/choco-spin.net\/pl\/aplikacja\/","og_site_name":"chocospin","article_modified_time":"2026-02-23T11:44:28+00:00","twitter_card":"summary_large_image","twitter_misc":{"Est. reading time":"1 minute"},"schema":{"@context":"https:\/\/schema.org","@graph":[{"@type":"WebPage","@id":"https:\/\/choco-spin.net\/pl\/aplikacja\/","url":"https:\/\/choco-spin.net\/pl\/aplikacja\/","name":"Chocospin App | Platformy iOS i Android","isPartOf":{"@id":"https:\/\/choco-spin.net\/pl\/#website"},"datePublished":"2026-02-20T14:53:26+00:00","dateModified":"2026-02-23T11:44:28+00:00","description":"Aplikacja Chocospin zapewnia p\u0142ynn\u0105 rozgrywk\u0119 w kasynie na systemach Android, iOS, Windows i macOS, oferuj\u0105c zsynchronizowane konta, regularne aktualizacje i wbudowan\u0105 obs\u0142ug\u0119 klienta, co zapewnia bezproblemowe korzystanie z aplikacji.","breadcrumb":{"@id":"https:\/\/choco-spin.net\/pl\/aplikacja\/#breadcrumb"},"inLanguage":"pl-PL","potentialAction":[{"@type":"ReadAction","target":["https:\/\/choco-spin.net\/pl\/aplikacja\/"]}]},{"@type":"BreadcrumbList","@id":"https:\/\/choco-spin.net\/pl\/aplikacja\/#breadcrumb","itemListElement":[{"@type":"ListItem","position":1,"name":"Chocospin","item":"https:\/\/choco-spin.net\/pl\/"},{"@type":"ListItem","position":2,"name":"Aplikacja"}]},{"@type":"WebSite","@id":"https:\/\/choco-spin.net\/pl\/#website","url":"https:\/\/choco-spin.net\/pl\/","name":"Chocospin","description":"","publisher":{"@id":"https:\/\/choco-spin.net\/pl\/#organization"},"potentialAction":[{"@type":"SearchAction","target":{"@type":"EntryPoint","urlTemplate":"https:\/\/choco-spin.net\/pl\/?s={search_term_string}"},"query-input":{"@type":"PropertyValueSpecification","valueRequired":true,"valueName":"search_term_string"}}],"inLanguage":"pl-PL"},{"@type":"Organization","@id":"https:\/\/choco-spin.net\/pl\/#organization","name":"Chocospin","url":"https:\/\/choco-spin.net\/pl\/","logo":{"@type":"ImageObject","inLanguage":"pl-PL","@id":"https:\/\/choco-spin.net\/pl\/#\/schema\/logo\/image\/","url":"https:\/\/choco-spin.net\/wp-content\/uploads\/2025\/07\/80u1FaquEZeR6OUTeJCc.png","contentUrl":"https:\/\/choco-spin.net\/wp-content\/uploads\/2025\/07\/80u1FaquEZeR6OUTeJCc.png","width":123,"height":20,"caption":"Chocospin"},"image":{"@id":"https:\/\/choco-spin.net\/pl\/#\/schema\/logo\/image\/"}}]}},"_links":{"self":[{"href":"https:\/\/choco-spin.net\/pl\/wp-json\/wp\/v2\/pages\/1443","targetHints":{"allow":["GET"]}}],"collection":[{"href":"https:\/\/choco-spin.net\/pl\/wp-json\/wp\/v2\/pages"}],"about":[{"href":"https:\/\/choco-spin.net\/pl\/wp-json\/wp\/v2\/types\/page"}],"author":[{"embeddable":true,"href":"https:\/\/choco-spin.net\/pl\/wp-json\/wp\/v2\/users\/1"}],"replies":[{"embeddable":true,"href":"https:\/\/choco-spin.net\/pl\/wp-json\/wp\/v2\/comments?post=1443"}],"version-history":[{"count":2,"href":"https:\/\/choco-spin.net\/pl\/wp-json\/wp\/v2\/pages\/1443\/revisions"}],"predecessor-version":[{"id":2008,"href":"https:\/\/choco-spin.net\/pl\/wp-json\/wp\/v2\/pages\/1443\/revisions\/2008"}],"wp:attachment":[{"href":"https:\/\/choco-spin.net\/pl\/wp-json\/wp\/v2\/media?parent=1443"}],"curies":[{"name":"wp","href":"https:\/\/api.w.org\/{rel}","templated":true}]}}