{"id":1496,"date":"2026-02-20T14:59:58","date_gmt":"2026-02-20T14:59:58","guid":{"rendered":"https:\/\/choco-spin.net\/login-and-registration\/"},"modified":"2026-02-23T11:47:16","modified_gmt":"2026-02-23T11:47:16","slug":"logowanie-i-rejestracja","status":"publish","type":"page","link":"https:\/\/choco-spin.net\/pl\/logowanie-i-rejestracja\/","title":{"rendered":"Logowanie i rejestracja"},"content":{"rendered":"<h1>Logowanie i rejestracja konta Chocospin<\/h1>\n<p>Je\u015bli odwiedzasz nasze kasyno online po raz pierwszy, zdecydowanie zalecamy zako\u0144czenie procesu Chocospin login. Da Ci to wiele korzy\u015bci, w tym mo\u017cliwo\u015b\u0107 gry na prawdziwe pieni\u0105dze, wyp\u0142aty wygranych i skorzystania z naszych hojnych bonus\u00f3w. Rejestracja jest dozwolona dla wszystkich u\u017cytkownik\u00f3w z Polski, kt\u00f3rzy uko\u0144czyli 18 lat. Jedna osoba mo\u017ce mie\u0107 tylko jedno konto na naszej platformie.<\/p>\n<p><div class=\"banner-wrap\" aria-label=\"Banner\"><img src=\"https:\/\/choco-spin.net\/wp-content\/uploads\/2026\/02\/Chocospin-banner-desktop.webp\" class=\"w-100 d-none d-lg-block img-pc main-banner-img\" alt=\"Chocospin banner desktop\" fetchpriority=\"high\" decoding=\"async\"><img src=\"https:\/\/choco-spin.net\/wp-content\/uploads\/2026\/02\/Chocospin-Banner-mobile.webp\" class=\"w-100 d-none d-md-block d-lg-none main-banner-img\" alt=\"Chocospin Banner mobile\" fetchpriority=\"high\" decoding=\"async\"><img src=\"https:\/\/choco-spin.net\/wp-content\/uploads\/2026\/02\/Chocospin-Banner-mobile.webp\" class=\"w-100 d-md-none\" alt=\"Chocospin Banner mobile\" fetchpriority=\"high\" decoding=\"async\"><div class=\"banner-description\">\n<div class=\"banner-title\">Bonusy powitalne<\/div>\n<p class=\"banner-header-title\">\u20ac1500<\/p>\n<div class=\"banner-header-AdditionalText\">+ 250 Darmowe spiny<\/div>\n<button data-item=\"homepage_banner_link\" class=\"goto m-button m-gradient-border m-button--primary m-button--large banner-button btn-orange\">\n            <div class=\"m-button-content\">\n                <span>Zarejestruj si\u0119 teraz<\/span>\n                <span><\/span>\n            <\/div>\n        <\/button>\n<\/div>\n<div class=\"WelcomePack\">\n<p><img loading=\"lazy\" decoding=\"async\" class=\"alignnone size-full wp-image-1385\" src=\"https:\/\/choco-spin.net\/wp-content\/uploads\/2026\/02\/welcome-crown.png\" alt=\"welcome crown\" width=\"25\" height=\"26\" \/><\/p>\n<div class=\"WelcomePack-Info\">Cotygodniowy zwrot got\u00f3wki do 25%<\/div>\n<p><img loading=\"lazy\" decoding=\"async\" class=\"alignnone size-full wp-image-1385\" src=\"https:\/\/choco-spin.net\/wp-content\/uploads\/2026\/02\/welcome-crown.png\" alt=\"welcome crown\" width=\"25\" height=\"26\" \/><\/p>\n<\/div>\n<\/div><div class=\"scrollable-content-wrap my-5\"><div class=\"scrollable-content-inner\"><h2>Rejestracja nowego u\u017cytkownika w Choco Spin<\/h2>\n<p>Wielu u\u017cytkownik\u00f3w nie jest pewnych, czy powinni za\u0142o\u017cy\u0107 konto na nowej platformie i czy jest to bezpieczne. Gwarantujemy, \u017ce Chocospin Casino wykorzystuje bezpieczn\u0105 wymian\u0119 kluczy i specjalne systemy antybotowe, aby zapewni\u0107 bezpiecze\u0144stwo Twoich danych. Ponadto rejestracja umo\u017cliwia dost\u0119p do ponad 6 000 tytu\u0142\u00f3w, w tym automat\u00f3w online, gier sto\u0142owych i opcji kasyna na \u017cywo, a tak\u017ce dokonywanie wp\u0142at i wyp\u0142at.<\/p>\n<p>Przed rozpocz\u0119ciem korzystania z Chocospin nale\u017cy zapozna\u0107 si\u0119 z kilkoma zasadami. Tylko gracze, kt\u00f3rzy uko\u0144czyli 18 lat, mog\u0105 za\u0142o\u017cy\u0107 konto na platformie. Podaj tylko swoje prawdziwe dane osobowe, poniewa\u017c musimy je sprawdzi\u0107 podczas procesu weryfikacji.<\/p>\n<h3>Utw\u00f3rz swoje konto<\/h3>\n<p>Utworzenie nowego konta w Choco Spin zajmie nie wi\u0119cej ni\u017c kilka minut. Proces ten jest prosty i nie wymaga podawania zbyt wielu danych osobowych. Je\u015bli jeste\u015b gotowy, aby rozpocz\u0105\u0107 z nami ekscytuj\u0105c\u0105 przygod\u0119, post\u0119puj zgodnie z poni\u017cszymi instrukcjami:<\/p>\n<ol>\n<li>U\u017cytkownicy powinni znale\u017a\u0107 przycisk rejestracji na naszej stronie internetowej i klikn\u0105\u0107 na niego. Znajduje si\u0119 on w prawym g\u00f3rnym rogu, wi\u0119c nie mo\u017cna go przegapi\u0107.<\/li>\n<li>Wprowad\u017a swoje dane osobowe, takie jak adres e-mail i has\u0142o. Stosujemy zasady dotycz\u0105ce silnych hase\u0142, wi\u0119c prosimy o u\u017cycie znak\u00f3w specjalnych oraz ma\u0142ych i wielkich liter.<\/li>\n<li>Je\u015bli posiadasz kod promocyjny, wpisz go w odpowiednim polu. Ten krok mo\u017ce zapewni\u0107 Ci dodatkowe nagrody w kasynie Chocospin ju\u017c na samym pocz\u0105tku.<\/li>\n<li>Musisz potwierdzi\u0107 sw\u00f3j wiek i zaakceptowa\u0107 warunki u\u017cytkowania. Gracze mog\u0105 klikn\u0105\u0107 link, aby zapozna\u0107 si\u0119 z naszymi zasadami.<\/li>\n<li>Po sprawdzeniu wszystkich wprowadzonych danych i przygotowaniu si\u0119 do zako\u0144czenia rejestracji kliknij przycisk \u201eRejestracja\u201d na ko\u0144cu strony.<\/li>\n<\/ol>\n<p><img loading=\"lazy\" decoding=\"async\" class=\"alignnone size-full wp-image-1497\" src=\"https:\/\/choco-spin.net\/wp-content\/uploads\/Login-and-Registration-Chocospin.webp\" alt=\"Login and Registration Chocospin\" width=\"1248\" height=\"536\" srcset=\"https:\/\/choco-spin.net\/wp-content\/uploads\/Login-and-Registration-Chocospin.webp 1248w, https:\/\/choco-spin.net\/wp-content\/uploads\/Login-and-Registration-Chocospin-300x129.webp 300w, https:\/\/choco-spin.net\/wp-content\/uploads\/Login-and-Registration-Chocospin-1024x440.webp 1024w, https:\/\/choco-spin.net\/wp-content\/uploads\/Login-and-Registration-Chocospin-768x330.webp 768w\" sizes=\"auto, (max-width: 1248px) 100vw, 1248px\" \/><\/p>\n<h2>Korzystanie z konta Chocospin<\/h2>\n<p>Wszyscy nasi klienci, kt\u00f3rzy maj\u0105 ju\u017c konto, musz\u0105 przej\u015b\u0107 przez proces logowania do Chocospin. Aby to zrobi\u0107, wystarczy pami\u0119ta\u0107 informacje podane podczas rejestracji. Je\u015bli nie mo\u017cesz uzyska\u0107 dost\u0119pu do swojego konta, prawdopodobnie wynika to z tego, \u017ce niekt\u00f3re wprowadzone dane s\u0105 nieprawid\u0142owe. Aby unikn\u0105\u0107 zablokowania konta z powodu podejrzanej aktywno\u015bci podczas logowania do Choco Spin, mo\u017cesz skontaktowa\u0107 si\u0119 z naszym zespo\u0142em pomocy technicznej.<\/p>\n<p>Po zalogowaniu si\u0119 na swoje konto u\u017cytkownicy mog\u0105 spersonalizowa\u0107 swoje do\u015bwiadczenia, w\u0142\u0105czaj\u0105c specjalne ustawienia i narz\u0119dzia. Przede wszystkim zawsze mo\u017cesz zmieni\u0107 swoje dane osobowe i informacje dotycz\u0105ce p\u0142atno\u015bci w Chocospin Casino. Gracze mog\u0105 r\u00f3wnie\u017c sprawdzi\u0107 histori\u0119 swojej aktywno\u015bci i, w razie potrzeby, skonfigurowa\u0107 narz\u0119dzia odpowiedzialnej gry.<\/p>\n<h3>Weryfikacja konta i bezpiecze\u0144stwo w Chocospin Casino<\/h3>\n<p>Chocospin Casino bardzo dba o bezpiecze\u0144stwo u\u017cytkownik\u00f3w. Podejmujemy wszelkie niezb\u0119dne dzia\u0142ania, aby chroni\u0107 procesy na naszej stronie internetowej, ale prosimy r\u00f3wnie\u017c o przestrzeganie naszych zasad. Aby unikn\u0105\u0107 oszustw i zapewni\u0107 wszystkim takie same mo\u017cliwo\u015bci, prosimy wszystkich naszych u\u017cytkownik\u00f3w o przeprowadzenie weryfikacji.<\/p>\n<p>Procedura ta musi zosta\u0107 przeprowadzona przed pierwsz\u0105 wyp\u0142at\u0105. Wszystko jest do\u015b\u0107 proste: nale\u017cy przes\u0142a\u0107 kopie dokument\u00f3w osobistych na platform\u0119, a nasi mened\u017cerowie Chocospin sprawdz\u0105 je w ci\u0105gu 48 godzin.<\/p>\n<h3>Nie pami\u0119tasz has\u0142a?<\/h3>\n<p>Rozumiemy, \u017ce mog\u0105 wyst\u0105pi\u0107 r\u00f3\u017cne sytuacje, w tym zapomnienie przez u\u017cytkownika danych logowania do serwisu Chocospin, w tym has\u0142a. Mamy jednak dla Ciebie rozwi\u0105zanie, jak je zresetowa\u0107.<\/p>\n<table>\n<tbody>\n<tr>\n<td>Krok<\/td>\n<td>Szczeg\u00f3\u0142y<\/td>\n<\/tr>\n<tr>\n<td>Przejd\u017a do strony logowania<\/td>\n<td>Kliknij przycisk \u201eZaloguj si\u0119\u201d w prawym g\u00f3rnym rogu strony g\u0142\u00f3wnej<\/td>\n<\/tr>\n<tr>\n<td>Rozpocznij proces resetowania has\u0142a<\/td>\n<td>Kliknij link \u201eNie pami\u0119tasz has\u0142a?\u201d w formularzu logowania<\/td>\n<\/tr>\n<tr>\n<td>Wprowad\u017a wymagane informacje<\/td>\n<td>Musisz poda\u0107 adres e-mail powi\u0105zany z Twoim kontem<\/td>\n<\/tr>\n<tr>\n<td>Kliknij link w wiadomo\u015bci e-mail.<\/td>\n<td>Wy\u015blemy Ci link do resetowania, za pomoc\u0105 kt\u00f3rego mo\u017cesz utworzy\u0107 nowe has\u0142o. Has\u0142o to b\u0119dzie u\u017cywane przy nast\u0119pnym logowaniu<\/td>\n<\/tr>\n<\/tbody>\n<\/table>\n<h2>FAQ<\/h2>\n<h3>Jak zako\u0144czy\u0107 proces weryfikacji konta?<\/h3>\n<p>Jest to prosty proces. Przed pierwsz\u0105 wyp\u0142at\u0105 zostaniesz poproszony o dostarczenie kopii dokument\u00f3w osobistych w celu potwierdzenia to\u017csamo\u015bci, adresu zamieszkania, wieku i w\u0142asno\u015bci konta p\u0142atniczego. Gdy nasi mened\u017cerowie sprawdz\u0105 wszystkie dane, poinformuj\u0105 Ci\u0119 o tym.<\/p>\n<h3>Jak zaktualizowa\u0107 has\u0142o lub adres e-mail?<\/h3>\n<p>W kasynie Choco Spin masz mo\u017cliwo\u015b\u0107 zmiany lub aktualizacji swoich danych osobowych w dowolnym momencie. Wystarczy zalogowa\u0107 si\u0119 na swoje konto i wykona\u0107 niezb\u0119dne czynno\u015bci.<\/p>\n<h3>Co nale\u017cy zrobi\u0107, je\u015bli moje konto zosta\u0142o zablokowane?<\/h3>\n<p>Twoje konto Chocospin mog\u0142o zosta\u0107 zablokowane z powodu podejrzanej aktywno\u015bci lub naruszenia zasad naszej platformy. Zawsze informujemy o tym klient\u00f3w. Je\u015bli nie otrzyma\u0142e\u015b \u017cadnego powiadomienia, skontaktuj si\u0119 z naszym wieloj\u0119zycznym zespo\u0142em pomocy technicznej za po\u015brednictwem czatu na \u017cywo.<\/p>\n<\/div><\/div><\/p>\n","protected":false},"excerpt":{"rendered":"<p>Logowanie i rejestracja konta Chocospin Je\u015bli odwiedzasz nasze kasyno online po raz pierwszy, zdecydowanie zalecamy zako\u0144czenie procesu Chocospin login. Da Ci to wiele korzy\u015bci, w tym mo\u017cliwo\u015b\u0107 gry na prawdziwe pieni\u0105dze, wyp\u0142aty wygranych i skorzystania z naszych hojnych bonus\u00f3w. Rejestracja jest dozwolona dla wszystkich u\u017cytkownik\u00f3w z Polski, kt\u00f3rzy uko\u0144czyli 18 lat. Jedna osoba mo\u017ce mie\u0107 [&hellip;]<\/p>\n","protected":false},"author":1,"featured_media":0,"parent":0,"menu_order":0,"comment_status":"closed","ping_status":"closed","template":"template-builder.php","meta":{"_acf_changed":false,"inline_featured_image":false,"footnotes":""},"class_list":["post-1496","page","type-page","status-publish","hentry"],"acf":[],"yoast_head":"<!-- This site is optimized with the Yoast SEO plugin v27.3 - https:\/\/yoast.com\/product\/yoast-seo-wordpress\/ -->\n<title>Chocospin Logowanie i rejestracja w serwisie<\/title>\n<meta name=\"description\" content=\"Bez wysi\u0142ku tw\u00f3rz, zarz\u0105dzaj i weryfikuj swoje konto w kasynie Chocospin. Ciesz si\u0119 szybk\u0105 rejestracj\u0105, \u0142atwym odzyskiwaniem konta i bezpiecznym zamkni\u0119ciem dzi\u0119ki Chocospin Login, zapewniaj\u0105cym ochron\u0119 Twojego konta przez ca\u0142\u0105 dob\u0119.\" \/>\n<meta name=\"robots\" content=\"index, follow, max-snippet:-1, max-image-preview:large, max-video-preview:-1\" \/>\n<link rel=\"canonical\" href=\"https:\/\/choco-spin.net\/pl\/logowanie-i-rejestracja\/\" \/>\n<meta property=\"og:locale\" content=\"pl_PL\" \/>\n<meta property=\"og:type\" content=\"article\" \/>\n<meta property=\"og:title\" content=\"Chocospin Logowanie i rejestracja w serwisie\" \/>\n<meta property=\"og:description\" content=\"Bez wysi\u0142ku tw\u00f3rz, zarz\u0105dzaj i weryfikuj swoje konto w kasynie Chocospin. Ciesz si\u0119 szybk\u0105 rejestracj\u0105, \u0142atwym odzyskiwaniem konta i bezpiecznym zamkni\u0119ciem dzi\u0119ki Chocospin Login, zapewniaj\u0105cym ochron\u0119 Twojego konta przez ca\u0142\u0105 dob\u0119.\" \/>\n<meta property=\"og:url\" content=\"https:\/\/choco-spin.net\/pl\/logowanie-i-rejestracja\/\" \/>\n<meta property=\"og:site_name\" content=\"chocospin\" \/>\n<meta property=\"article:modified_time\" content=\"2026-02-23T11:47:16+00:00\" \/>\n<meta name=\"twitter:card\" content=\"summary_large_image\" \/>\n<meta name=\"twitter:label1\" content=\"Est. reading time\" \/>\n\t<meta name=\"twitter:data1\" content=\"1 minute\" \/>\n<script type=\"application\/ld+json\" class=\"yoast-schema-graph\">{\"@context\":\"https:\\\/\\\/schema.org\",\"@graph\":[{\"@type\":\"WebPage\",\"@id\":\"https:\\\/\\\/choco-spin.net\\\/pl\\\/logowanie-i-rejestracja\\\/\",\"url\":\"https:\\\/\\\/choco-spin.net\\\/pl\\\/logowanie-i-rejestracja\\\/\",\"name\":\"Chocospin Logowanie i rejestracja w serwisie\",\"isPartOf\":{\"@id\":\"https:\\\/\\\/choco-spin.net\\\/pl\\\/#website\"},\"datePublished\":\"2026-02-20T14:59:58+00:00\",\"dateModified\":\"2026-02-23T11:47:16+00:00\",\"description\":\"Bez wysi\u0142ku tw\u00f3rz, zarz\u0105dzaj i weryfikuj swoje konto w kasynie Chocospin. Ciesz si\u0119 szybk\u0105 rejestracj\u0105, \u0142atwym odzyskiwaniem konta i bezpiecznym zamkni\u0119ciem dzi\u0119ki Chocospin Login, zapewniaj\u0105cym ochron\u0119 Twojego konta przez ca\u0142\u0105 dob\u0119.\",\"breadcrumb\":{\"@id\":\"https:\\\/\\\/choco-spin.net\\\/pl\\\/logowanie-i-rejestracja\\\/#breadcrumb\"},\"inLanguage\":\"pl-PL\",\"potentialAction\":[{\"@type\":\"ReadAction\",\"target\":[\"https:\\\/\\\/choco-spin.net\\\/pl\\\/logowanie-i-rejestracja\\\/\"]}]},{\"@type\":\"BreadcrumbList\",\"@id\":\"https:\\\/\\\/choco-spin.net\\\/pl\\\/logowanie-i-rejestracja\\\/#breadcrumb\",\"itemListElement\":[{\"@type\":\"ListItem\",\"position\":1,\"name\":\"Chocospin\",\"item\":\"https:\\\/\\\/choco-spin.net\\\/pl\\\/\"},{\"@type\":\"ListItem\",\"position\":2,\"name\":\"Logowanie i rejestracja\"}]},{\"@type\":\"WebSite\",\"@id\":\"https:\\\/\\\/choco-spin.net\\\/pl\\\/#website\",\"url\":\"https:\\\/\\\/choco-spin.net\\\/pl\\\/\",\"name\":\"Chocospin\",\"description\":\"\",\"publisher\":{\"@id\":\"https:\\\/\\\/choco-spin.net\\\/pl\\\/#organization\"},\"potentialAction\":[{\"@type\":\"SearchAction\",\"target\":{\"@type\":\"EntryPoint\",\"urlTemplate\":\"https:\\\/\\\/choco-spin.net\\\/pl\\\/?s={search_term_string}\"},\"query-input\":{\"@type\":\"PropertyValueSpecification\",\"valueRequired\":true,\"valueName\":\"search_term_string\"}}],\"inLanguage\":\"pl-PL\"},{\"@type\":\"Organization\",\"@id\":\"https:\\\/\\\/choco-spin.net\\\/pl\\\/#organization\",\"name\":\"Chocospin\",\"url\":\"https:\\\/\\\/choco-spin.net\\\/pl\\\/\",\"logo\":{\"@type\":\"ImageObject\",\"inLanguage\":\"pl-PL\",\"@id\":\"https:\\\/\\\/choco-spin.net\\\/pl\\\/#\\\/schema\\\/logo\\\/image\\\/\",\"url\":\"https:\\\/\\\/choco-spin.net\\\/wp-content\\\/uploads\\\/2025\\\/07\\\/80u1FaquEZeR6OUTeJCc.png\",\"contentUrl\":\"https:\\\/\\\/choco-spin.net\\\/wp-content\\\/uploads\\\/2025\\\/07\\\/80u1FaquEZeR6OUTeJCc.png\",\"width\":123,\"height\":20,\"caption\":\"Chocospin\"},\"image\":{\"@id\":\"https:\\\/\\\/choco-spin.net\\\/pl\\\/#\\\/schema\\\/logo\\\/image\\\/\"}}]}<\/script>\n<!-- \/ Yoast SEO plugin. -->","yoast_head_json":{"title":"Chocospin Logowanie i rejestracja w serwisie","description":"Bez wysi\u0142ku tw\u00f3rz, zarz\u0105dzaj i weryfikuj swoje konto w kasynie Chocospin. Ciesz si\u0119 szybk\u0105 rejestracj\u0105, \u0142atwym odzyskiwaniem konta i bezpiecznym zamkni\u0119ciem dzi\u0119ki Chocospin Login, zapewniaj\u0105cym ochron\u0119 Twojego konta przez ca\u0142\u0105 dob\u0119.","robots":{"index":"index","follow":"follow","max-snippet":"max-snippet:-1","max-image-preview":"max-image-preview:large","max-video-preview":"max-video-preview:-1"},"canonical":"https:\/\/choco-spin.net\/pl\/logowanie-i-rejestracja\/","og_locale":"pl_PL","og_type":"article","og_title":"Chocospin Logowanie i rejestracja w serwisie","og_description":"Bez wysi\u0142ku tw\u00f3rz, zarz\u0105dzaj i weryfikuj swoje konto w kasynie Chocospin. Ciesz si\u0119 szybk\u0105 rejestracj\u0105, \u0142atwym odzyskiwaniem konta i bezpiecznym zamkni\u0119ciem dzi\u0119ki Chocospin Login, zapewniaj\u0105cym ochron\u0119 Twojego konta przez ca\u0142\u0105 dob\u0119.","og_url":"https:\/\/choco-spin.net\/pl\/logowanie-i-rejestracja\/","og_site_name":"chocospin","article_modified_time":"2026-02-23T11:47:16+00:00","twitter_card":"summary_large_image","twitter_misc":{"Est. reading time":"1 minute"},"schema":{"@context":"https:\/\/schema.org","@graph":[{"@type":"WebPage","@id":"https:\/\/choco-spin.net\/pl\/logowanie-i-rejestracja\/","url":"https:\/\/choco-spin.net\/pl\/logowanie-i-rejestracja\/","name":"Chocospin Logowanie i rejestracja w serwisie","isPartOf":{"@id":"https:\/\/choco-spin.net\/pl\/#website"},"datePublished":"2026-02-20T14:59:58+00:00","dateModified":"2026-02-23T11:47:16+00:00","description":"Bez wysi\u0142ku tw\u00f3rz, zarz\u0105dzaj i weryfikuj swoje konto w kasynie Chocospin. Ciesz si\u0119 szybk\u0105 rejestracj\u0105, \u0142atwym odzyskiwaniem konta i bezpiecznym zamkni\u0119ciem dzi\u0119ki Chocospin Login, zapewniaj\u0105cym ochron\u0119 Twojego konta przez ca\u0142\u0105 dob\u0119.","breadcrumb":{"@id":"https:\/\/choco-spin.net\/pl\/logowanie-i-rejestracja\/#breadcrumb"},"inLanguage":"pl-PL","potentialAction":[{"@type":"ReadAction","target":["https:\/\/choco-spin.net\/pl\/logowanie-i-rejestracja\/"]}]},{"@type":"BreadcrumbList","@id":"https:\/\/choco-spin.net\/pl\/logowanie-i-rejestracja\/#breadcrumb","itemListElement":[{"@type":"ListItem","position":1,"name":"Chocospin","item":"https:\/\/choco-spin.net\/pl\/"},{"@type":"ListItem","position":2,"name":"Logowanie i rejestracja"}]},{"@type":"WebSite","@id":"https:\/\/choco-spin.net\/pl\/#website","url":"https:\/\/choco-spin.net\/pl\/","name":"Chocospin","description":"","publisher":{"@id":"https:\/\/choco-spin.net\/pl\/#organization"},"potentialAction":[{"@type":"SearchAction","target":{"@type":"EntryPoint","urlTemplate":"https:\/\/choco-spin.net\/pl\/?s={search_term_string}"},"query-input":{"@type":"PropertyValueSpecification","valueRequired":true,"valueName":"search_term_string"}}],"inLanguage":"pl-PL"},{"@type":"Organization","@id":"https:\/\/choco-spin.net\/pl\/#organization","name":"Chocospin","url":"https:\/\/choco-spin.net\/pl\/","logo":{"@type":"ImageObject","inLanguage":"pl-PL","@id":"https:\/\/choco-spin.net\/pl\/#\/schema\/logo\/image\/","url":"https:\/\/choco-spin.net\/wp-content\/uploads\/2025\/07\/80u1FaquEZeR6OUTeJCc.png","contentUrl":"https:\/\/choco-spin.net\/wp-content\/uploads\/2025\/07\/80u1FaquEZeR6OUTeJCc.png","width":123,"height":20,"caption":"Chocospin"},"image":{"@id":"https:\/\/choco-spin.net\/pl\/#\/schema\/logo\/image\/"}}]}},"_links":{"self":[{"href":"https:\/\/choco-spin.net\/pl\/wp-json\/wp\/v2\/pages\/1496","targetHints":{"allow":["GET"]}}],"collection":[{"href":"https:\/\/choco-spin.net\/pl\/wp-json\/wp\/v2\/pages"}],"about":[{"href":"https:\/\/choco-spin.net\/pl\/wp-json\/wp\/v2\/types\/page"}],"author":[{"embeddable":true,"href":"https:\/\/choco-spin.net\/pl\/wp-json\/wp\/v2\/users\/1"}],"replies":[{"embeddable":true,"href":"https:\/\/choco-spin.net\/pl\/wp-json\/wp\/v2\/comments?post=1496"}],"version-history":[{"count":2,"href":"https:\/\/choco-spin.net\/pl\/wp-json\/wp\/v2\/pages\/1496\/revisions"}],"predecessor-version":[{"id":2010,"href":"https:\/\/choco-spin.net\/pl\/wp-json\/wp\/v2\/pages\/1496\/revisions\/2010"}],"wp:attachment":[{"href":"https:\/\/choco-spin.net\/pl\/wp-json\/wp\/v2\/media?parent=1496"}],"curies":[{"name":"wp","href":"https:\/\/api.w.org\/{rel}","templated":true}]}}